{"id":114816,"date":"2026-05-05T13:12:13","date_gmt":"2026-05-05T16:12:13","guid":{"rendered":"https:\/\/www.hediyepazar.com\/?product=coklu-guvenlik-korumali-20-000-mah-powerbank-fener-ozellikli"},"modified":"2026-05-05T13:12:13","modified_gmt":"2026-05-05T16:12:13","slug":"coklu-guvenlik-korumali-20-000-mah-powerbank-fener-ozellikli","status":"publish","type":"product","link":"https:\/\/www.hediyepazar.com\/?product=coklu-guvenlik-korumali-20-000-mah-powerbank-fener-ozellikli","title":{"rendered":"\u00c7oklu G\u00fcvenlik Korumal\u0131 20.000 mAh Powerbank Fener \u00d6zellikli"},"content":{"rendered":"<p>G\u00fc\u00e7l\u00fc 20.000 mAh batarya kapasitesine sahip bu powerbank, yo\u011fun tempoda bile cihazlar\u0131n\u0131z\u0131 her zaman haz\u0131r tutar. H\u0131zl\u0131 \u015farj deste\u011fi ile telefon ve tabletlerinizi k\u0131sa s\u00fcrede \u015farj ederek zamandan tasarruf sa\u011flar. 4 \u00e7\u0131k\u0131\u015fl\u0131 yap\u0131s\u0131 sayesinde ayn\u0131 anda birden fazla cihaz\u0131 destekler, \u00f6zellikle seyahatlerde ve yo\u011fun i\u015f g\u00fcnlerinde hayat\u0131 kolayla\u015ft\u0131r\u0131r.LED ekran g\u00f6stergesi, \u015farj durumunu net bir \u015fekilde g\u00f6sterir. Dahili fener \u00f6zelli\u011fi ile sadece \u015farj cihaz\u0131 de\u011fil, ayn\u0131 zamanda pratik bir \u0131\u015f\u0131k kayna\u011f\u0131d\u0131r. Kompakt boyutlar\u0131 sayesinde \u00e7antan\u0131za kolayca s\u0131\u011far ve ta\u015f\u0131nabilirli\u011fiyle her ortamda kullan\u0131m kolayl\u0131\u011f\u0131 sa\u011flar.\u00c7oklu koruma teknolojisi, a\u015f\u0131r\u0131 \u015farj, a\u015f\u0131r\u0131 ak\u0131m, voltaj dalgalanmalar\u0131 ve k\u0131sa devrelere kar\u015f\u0131 g\u00fcvenli kullan\u0131m sunar. Uzun \u00f6m\u00fcrl\u00fc ve dayan\u0131kl\u0131 yap\u0131s\u0131yla her an g\u00fcvenilir enerji kayna\u011f\u0131 arayanlar i\u00e7in ideal bir tercihtir.<\/p>\n","protected":false},"excerpt":{"rendered":"<p>G\u00fc\u00e7l\u00fc 20.000 mAh batarya kapasitesine sahip bu powerbank, yo\u011fun tempoda bile cihazlar\u0131n\u0131z\u0131 her zaman haz\u0131r tutar. H\u0131zl\u0131 \u015farj deste\u011fi ile telefon ve tabletlerinizi k\u0131sa s\u00fcrede \u015farj ederek zamandan tasarruf sa\u011flar. 4 \u00e7\u0131k\u0131\u015fl\u0131 yap\u0131s\u0131 sayesinde ayn\u0131 anda birden fazla cihaz\u0131 destekler, \u00f6zellikle seyahatlerde ve yo\u011fun i\u015f g\u00fcnlerinde hayat\u0131 kolayla\u015ft\u0131r\u0131r.LED ekran g\u00f6stergesi, \u015farj durumunu net bir \u015fekilde&#8230;<\/p>\n","protected":false},"featured_media":114815,"comment_status":"open","ping_status":"closed","template":"","meta":{"_kad_post_transparent":"","_kad_post_title":"","_kad_post_layout":"","_kad_post_sidebar_id":"","_kad_post_content_style":"","_kad_post_vertical_padding":"","_kad_post_feature":"","_kad_post_feature_position":"","_kad_post_header":false,"_kad_post_footer":false,"_kad_post_classname":""},"product_brand":[],"product_cat":[14937],"product_tag":[],"class_list":{"0":"post-114816","1":"product","2":"type-product","3":"status-publish","4":"has-post-thumbnail","6":"product_cat-powerbank-powerbank-2","8":"first","9":"instock","10":"purchasable","11":"product-type-simple","12":"entry","13":"content-bg","14":"loop-entry"},"_links":{"self":[{"href":"https:\/\/www.hediyepazar.com\/index.php?rest_route=\/wp\/v2\/product\/114816","targetHints":{"allow":["GET"]}}],"collection":[{"href":"https:\/\/www.hediyepazar.com\/index.php?rest_route=\/wp\/v2\/product"}],"about":[{"href":"https:\/\/www.hediyepazar.com\/index.php?rest_route=\/wp\/v2\/types\/product"}],"replies":[{"embeddable":true,"href":"https:\/\/www.hediyepazar.com\/index.php?rest_route=%2Fwp%2Fv2%2Fcomments&post=114816"}],"wp:featuredmedia":[{"embeddable":true,"href":"https:\/\/www.hediyepazar.com\/index.php?rest_route=\/wp\/v2\/media\/114815"}],"wp:attachment":[{"href":"https:\/\/www.hediyepazar.com\/index.php?rest_route=%2Fwp%2Fv2%2Fmedia&parent=114816"}],"wp:term":[{"taxonomy":"product_brand","embeddable":true,"href":"https:\/\/www.hediyepazar.com\/index.php?rest_route=%2Fwp%2Fv2%2Fproduct_brand&post=114816"},{"taxonomy":"product_cat","embeddable":true,"href":"https:\/\/www.hediyepazar.com\/index.php?rest_route=%2Fwp%2Fv2%2Fproduct_cat&post=114816"},{"taxonomy":"product_tag","embeddable":true,"href":"https:\/\/www.hediyepazar.com\/index.php?rest_route=%2Fwp%2Fv2%2Fproduct_tag&post=114816"}],"curies":[{"name":"wp","href":"https:\/\/api.w.org\/{rel}","templated":true}]}}