{"id":114818,"date":"2026-05-05T13:12:19","date_gmt":"2026-05-05T16:12:19","guid":{"rendered":"https:\/\/www.hediyepazar.com\/?product=20-000-mah-4-cikisli-led-gostergeli-hizli-sarj-powerbank"},"modified":"2026-05-05T13:12:19","modified_gmt":"2026-05-05T16:12:19","slug":"20-000-mah-4-cikisli-led-gostergeli-hizli-sarj-powerbank","status":"publish","type":"product","link":"https:\/\/www.hediyepazar.com\/?product=20-000-mah-4-cikisli-led-gostergeli-hizli-sarj-powerbank","title":{"rendered":"20.000 mAh 4 \u00c7\u0131k\u0131\u015fl\u0131 LED G\u00f6stergeli H\u0131zl\u0131 \u015earj Powerbank"},"content":{"rendered":"<p>20.000 mAh kapasiteye sahip h\u0131zl\u0131 \u015farj \u00f6zellikli powerbank, g\u00fcnl\u00fck ya\u015famda ve seyahatlerde en b\u00fcy\u00fck yard\u0131mc\u0131n\u0131z olacak. Geni\u015f batarya kapasitesi sayesinde telefon, tablet, kulakl\u0131k gibi cihazlar\u0131n\u0131z\u0131 defalarca \u015farj etme imkan\u0131 sunar. 4 \u00e7\u0131k\u0131\u015fl\u0131 yap\u0131s\u0131 ile ayn\u0131 anda birden fazla cihaz\u0131 \u015farj edebilir, zamandan tasarruf edebilirsiniz.LED g\u00f6stergesi sayesinde \u015farj seviyesini kolayca takip ederek s\u00fcrpriz \u015farj bitmelerine son verebilirsiniz. Dahili fener fonksiyonu, karanl\u0131k ortamlarda ek bir kolayl\u0131k sa\u011flar. \u00c7oklu g\u00fcvenlik koruma sistemi, a\u015f\u0131r\u0131 voltaj, k\u0131sa devre, a\u015f\u0131r\u0131 ak\u0131m ve a\u015f\u0131r\u0131 \u0131s\u0131nma gibi risklere kar\u015f\u0131 cihazlar\u0131n\u0131z\u0131 korur.Kompakt yap\u0131s\u0131yla her an yan\u0131n\u0131zda ta\u015f\u0131yabilece\u011finiz bu powerbank, sadece 4-5 saat gibi k\u0131sa bir s\u00fcrede \u015farj olur ve g\u00fcn boyu size kesintisiz enerji sa\u011flar. Hem g\u00fcnl\u00fck kullan\u0131m hem de acil durumlar i\u00e7in ideal bir \u00e7\u00f6z\u00fcmd\u00fcr.<\/p>\n","protected":false},"excerpt":{"rendered":"<p>20.000 mAh kapasiteye sahip h\u0131zl\u0131 \u015farj \u00f6zellikli powerbank, g\u00fcnl\u00fck ya\u015famda ve seyahatlerde en b\u00fcy\u00fck yard\u0131mc\u0131n\u0131z olacak. Geni\u015f batarya kapasitesi sayesinde telefon, tablet, kulakl\u0131k gibi cihazlar\u0131n\u0131z\u0131 defalarca \u015farj etme imkan\u0131 sunar. 4 \u00e7\u0131k\u0131\u015fl\u0131 yap\u0131s\u0131 ile ayn\u0131 anda birden fazla cihaz\u0131 \u015farj edebilir, zamandan tasarruf edebilirsiniz.LED g\u00f6stergesi sayesinde \u015farj seviyesini kolayca takip ederek s\u00fcrpriz \u015farj bitmelerine son&#8230;<\/p>\n","protected":false},"featured_media":114817,"comment_status":"open","ping_status":"closed","template":"","meta":{"_kad_post_transparent":"","_kad_post_title":"","_kad_post_layout":"","_kad_post_sidebar_id":"","_kad_post_content_style":"","_kad_post_vertical_padding":"","_kad_post_feature":"","_kad_post_feature_position":"","_kad_post_header":false,"_kad_post_footer":false,"_kad_post_classname":""},"product_brand":[],"product_cat":[14937],"product_tag":[],"class_list":{"0":"post-114818","1":"product","2":"type-product","3":"status-publish","4":"has-post-thumbnail","6":"product_cat-powerbank-powerbank-2","8":"first","9":"instock","10":"purchasable","11":"product-type-simple","12":"entry","13":"content-bg","14":"loop-entry"},"_links":{"self":[{"href":"https:\/\/www.hediyepazar.com\/index.php?rest_route=\/wp\/v2\/product\/114818","targetHints":{"allow":["GET"]}}],"collection":[{"href":"https:\/\/www.hediyepazar.com\/index.php?rest_route=\/wp\/v2\/product"}],"about":[{"href":"https:\/\/www.hediyepazar.com\/index.php?rest_route=\/wp\/v2\/types\/product"}],"replies":[{"embeddable":true,"href":"https:\/\/www.hediyepazar.com\/index.php?rest_route=%2Fwp%2Fv2%2Fcomments&post=114818"}],"wp:featuredmedia":[{"embeddable":true,"href":"https:\/\/www.hediyepazar.com\/index.php?rest_route=\/wp\/v2\/media\/114817"}],"wp:attachment":[{"href":"https:\/\/www.hediyepazar.com\/index.php?rest_route=%2Fwp%2Fv2%2Fmedia&parent=114818"}],"wp:term":[{"taxonomy":"product_brand","embeddable":true,"href":"https:\/\/www.hediyepazar.com\/index.php?rest_route=%2Fwp%2Fv2%2Fproduct_brand&post=114818"},{"taxonomy":"product_cat","embeddable":true,"href":"https:\/\/www.hediyepazar.com\/index.php?rest_route=%2Fwp%2Fv2%2Fproduct_cat&post=114818"},{"taxonomy":"product_tag","embeddable":true,"href":"https:\/\/www.hediyepazar.com\/index.php?rest_route=%2Fwp%2Fv2%2Fproduct_tag&post=114818"}],"curies":[{"name":"wp","href":"https:\/\/api.w.org\/{rel}","templated":true}]}}