{"id":114820,"date":"2026-05-05T13:12:28","date_gmt":"2026-05-05T16:12:28","guid":{"rendered":"https:\/\/www.hediyepazar.com\/?product=gece-kullanima-uygun-pixel-rgb-led-panel-estetik-atmosfer-isigi"},"modified":"2026-05-05T13:12:28","modified_gmt":"2026-05-05T16:12:28","slug":"gece-kullanima-uygun-pixel-rgb-led-panel-estetik-atmosfer-isigi","status":"publish","type":"product","link":"https:\/\/www.hediyepazar.com\/?product=gece-kullanima-uygun-pixel-rgb-led-panel-estetik-atmosfer-isigi","title":{"rendered":"Gece Kullan\u0131ma Uygun Pixel RGB LED Panel Estetik Atmosfer I\u015f\u0131\u011f\u0131"},"content":{"rendered":"<p>\u015e\u0131kl\u0131\u011f\u0131 ve fonksiyonelli\u011fi bir arada sunan RGB LED Panel, dekorasyonunuza modern ve dikkat \u00e7ekici bir dokunu\u015f katmak i\u00e7in m\u00fckemmel bir tercihtir.  pixel \u00e7\u00f6z\u00fcn\u00fcrl\u00fckl\u00fc geni\u015f LED alan\u0131, canl\u0131 ve g\u00f6z al\u0131c\u0131 \u0131\u015f\u0131klarla mekan\u0131n\u0131zda e\u015fsiz bir atmosfer olu\u015fturur. Renkli LED \u0131\u015f\u0131klar\u0131yla evde, i\u015f yerinde ya da a\u00e7\u0131k alanlarda etkileyici g\u00f6rsel efektler yaratabilirsiniz. \u00d6zellikle ak\u015fam ve gece kullan\u0131m\u0131nda mekan\u0131n\u0131za estetik bir hava katarak ortam\u0131 daha canl\u0131 ve enerjik hale getirir. Enerji tasarruflu LED teknolojisi, d\u00fc\u015f\u00fck g\u00fc\u00e7 t\u00fcketimiyle b\u00fct\u00e7enizi korurken uzun \u00f6m\u00fcrl\u00fc kullan\u0131m avantaj\u0131 sa\u011flar. Modern tasar\u0131m\u0131 sayesinde sadece bir ayd\u0131nlatma \u00fcr\u00fcn\u00fc de\u011fil, ayn\u0131 zamanda dekoratif bir unsur olarak da \u00f6ne \u00e7\u0131kar. Evde partilerde, ofiste dekoratif \u0131\u015f\u0131kland\u0131rmada ya da vitrin d\u00fczenlemelerinde kullanabilece\u011finiz bu panel, bulundu\u011fu ortama canl\u0131l\u0131k ve \u015f\u0131kl\u0131k katmak isteyenler i\u00e7in idealdir.<\/p>\n","protected":false},"excerpt":{"rendered":"<p>\u015e\u0131kl\u0131\u011f\u0131 ve fonksiyonelli\u011fi bir arada sunan RGB LED Panel, dekorasyonunuza modern ve dikkat \u00e7ekici bir dokunu\u015f katmak i\u00e7in m\u00fckemmel bir tercihtir. pixel \u00e7\u00f6z\u00fcn\u00fcrl\u00fckl\u00fc geni\u015f LED alan\u0131, canl\u0131 ve g\u00f6z al\u0131c\u0131 \u0131\u015f\u0131klarla mekan\u0131n\u0131zda e\u015fsiz bir atmosfer olu\u015fturur. Renkli LED \u0131\u015f\u0131klar\u0131yla evde, i\u015f yerinde ya da a\u00e7\u0131k alanlarda etkileyici g\u00f6rsel efektler yaratabilirsiniz. \u00d6zellikle ak\u015fam ve gece kullan\u0131m\u0131nda&#8230;<\/p>\n","protected":false},"featured_media":114819,"comment_status":"open","ping_status":"closed","template":"","meta":{"_kad_post_transparent":"","_kad_post_title":"","_kad_post_layout":"","_kad_post_sidebar_id":"","_kad_post_content_style":"","_kad_post_vertical_padding":"","_kad_post_feature":"","_kad_post_feature_position":"","_kad_post_header":false,"_kad_post_footer":false,"_kad_post_classname":""},"product_brand":[],"product_cat":[14933],"product_tag":[],"class_list":{"0":"post-114820","1":"product","2":"type-product","3":"status-publish","4":"has-post-thumbnail","6":"product_cat-led-isik-led-isik","8":"first","9":"instock","10":"purchasable","11":"product-type-simple","12":"entry","13":"content-bg","14":"loop-entry"},"_links":{"self":[{"href":"https:\/\/www.hediyepazar.com\/index.php?rest_route=\/wp\/v2\/product\/114820","targetHints":{"allow":["GET"]}}],"collection":[{"href":"https:\/\/www.hediyepazar.com\/index.php?rest_route=\/wp\/v2\/product"}],"about":[{"href":"https:\/\/www.hediyepazar.com\/index.php?rest_route=\/wp\/v2\/types\/product"}],"replies":[{"embeddable":true,"href":"https:\/\/www.hediyepazar.com\/index.php?rest_route=%2Fwp%2Fv2%2Fcomments&post=114820"}],"wp:featuredmedia":[{"embeddable":true,"href":"https:\/\/www.hediyepazar.com\/index.php?rest_route=\/wp\/v2\/media\/114819"}],"wp:attachment":[{"href":"https:\/\/www.hediyepazar.com\/index.php?rest_route=%2Fwp%2Fv2%2Fmedia&parent=114820"}],"wp:term":[{"taxonomy":"product_brand","embeddable":true,"href":"https:\/\/www.hediyepazar.com\/index.php?rest_route=%2Fwp%2Fv2%2Fproduct_brand&post=114820"},{"taxonomy":"product_cat","embeddable":true,"href":"https:\/\/www.hediyepazar.com\/index.php?rest_route=%2Fwp%2Fv2%2Fproduct_cat&post=114820"},{"taxonomy":"product_tag","embeddable":true,"href":"https:\/\/www.hediyepazar.com\/index.php?rest_route=%2Fwp%2Fv2%2Fproduct_tag&post=114820"}],"curies":[{"name":"wp","href":"https:\/\/api.w.org\/{rel}","templated":true}]}}