{"id":114830,"date":"2026-05-05T13:13:07","date_gmt":"2026-05-05T16:13:07","guid":{"rendered":"https:\/\/www.hediyepazar.com\/?product=kusursuz-makyaj-icin-yumusak-ve-dayanikli-makyaj-firca-seti"},"modified":"2026-05-05T13:13:07","modified_gmt":"2026-05-05T16:13:07","slug":"kusursuz-makyaj-icin-yumusak-ve-dayanikli-makyaj-firca-seti","status":"publish","type":"product","link":"https:\/\/www.hediyepazar.com\/?product=kusursuz-makyaj-icin-yumusak-ve-dayanikli-makyaj-firca-seti","title":{"rendered":"Kusursuz Makyaj \u0130\u00e7in Yumu\u015fak ve Dayan\u0131kl\u0131 Makyaj F\u0131r\u00e7a Seti"},"content":{"rendered":"<p>Makyaj rutinlerinizi profesyonel bir seviyeye ta\u015f\u0131mak i\u00e7in tasarlanan cilt dostu makyaj f\u0131r\u00e7a seti, g\u00fcnl\u00fck kullan\u0131m i\u00e7in oldu\u011fu kadar profesyonel makyaj uygulamalar\u0131 i\u00e7in de idealdir. Ultra yumu\u015fak k\u0131llar\u0131 sayesinde ciltte tahri\u015fe neden olmadan, \u00fcr\u00fcnlerin e\u015fit \u015fekilde yay\u0131lmas\u0131n\u0131 sa\u011flar. Pudra, fond\u00f6ten, all\u0131k, kont\u00fcr ve far uygulamalar\u0131nda \u00fcst\u00fcn performans sunar. Her f\u0131r\u00e7a, farkl\u0131 makyaj tekniklerini kolayla\u015ft\u0131rmak i\u00e7in \u00f6zel olarak tasarlanm\u0131\u015ft\u0131r. Hassas ciltler dahil t\u00fcm cilt tipleriyle uyumlu olan bu set, g\u00fcvenli ve konforlu bir kullan\u0131m imkan\u0131 verir. Ergonomik saplar\u0131 uzun s\u00fcreli uygulamalarda bile rahat tutu\u015f sa\u011flar. Dayan\u0131kl\u0131 malzeme yap\u0131s\u0131 ile uzun \u00f6m\u00fcrl\u00fc kullan\u0131m garantiler. Ayr\u0131ca set ile birlikte gelen \u015f\u0131k saklama \u00e7antas\u0131, f\u0131r\u00e7alar\u0131n hijyenik bir \u015fekilde korunmas\u0131na yard\u0131mc\u0131 olur. Hem evde hem seyahatte makyaj\u0131n\u0131z\u0131 eksiksiz tamamlayabilece\u011finiz bu set, makyaj severler i\u00e7in m\u00fckemmel bir hediye se\u00e7ene\u011fi de olabilir.<\/p>\n","protected":false},"excerpt":{"rendered":"<p>Makyaj rutinlerinizi profesyonel bir seviyeye ta\u015f\u0131mak i\u00e7in tasarlanan cilt dostu makyaj f\u0131r\u00e7a seti, g\u00fcnl\u00fck kullan\u0131m i\u00e7in oldu\u011fu kadar profesyonel makyaj uygulamalar\u0131 i\u00e7in de idealdir. Ultra yumu\u015fak k\u0131llar\u0131 sayesinde ciltte tahri\u015fe neden olmadan, \u00fcr\u00fcnlerin e\u015fit \u015fekilde yay\u0131lmas\u0131n\u0131 sa\u011flar. Pudra, fond\u00f6ten, all\u0131k, kont\u00fcr ve far uygulamalar\u0131nda \u00fcst\u00fcn performans sunar. Her f\u0131r\u00e7a, farkl\u0131 makyaj tekniklerini kolayla\u015ft\u0131rmak i\u00e7in \u00f6zel&#8230;<\/p>\n","protected":false},"featured_media":114829,"comment_status":"open","ping_status":"closed","template":"","meta":{"_kad_post_transparent":"","_kad_post_title":"","_kad_post_layout":"","_kad_post_sidebar_id":"","_kad_post_content_style":"","_kad_post_vertical_padding":"","_kad_post_feature":"","_kad_post_feature_position":"","_kad_post_header":false,"_kad_post_footer":false,"_kad_post_classname":""},"product_brand":[],"product_cat":[14944],"product_tag":[],"class_list":{"0":"post-114830","1":"product","2":"type-product","3":"status-publish","4":"has-post-thumbnail","6":"product_cat-makyaj-fircasi-makyaj-fircasi","8":"first","9":"instock","10":"purchasable","11":"product-type-simple","12":"entry","13":"content-bg","14":"loop-entry"},"_links":{"self":[{"href":"https:\/\/www.hediyepazar.com\/index.php?rest_route=\/wp\/v2\/product\/114830","targetHints":{"allow":["GET"]}}],"collection":[{"href":"https:\/\/www.hediyepazar.com\/index.php?rest_route=\/wp\/v2\/product"}],"about":[{"href":"https:\/\/www.hediyepazar.com\/index.php?rest_route=\/wp\/v2\/types\/product"}],"replies":[{"embeddable":true,"href":"https:\/\/www.hediyepazar.com\/index.php?rest_route=%2Fwp%2Fv2%2Fcomments&post=114830"}],"wp:featuredmedia":[{"embeddable":true,"href":"https:\/\/www.hediyepazar.com\/index.php?rest_route=\/wp\/v2\/media\/114829"}],"wp:attachment":[{"href":"https:\/\/www.hediyepazar.com\/index.php?rest_route=%2Fwp%2Fv2%2Fmedia&parent=114830"}],"wp:term":[{"taxonomy":"product_brand","embeddable":true,"href":"https:\/\/www.hediyepazar.com\/index.php?rest_route=%2Fwp%2Fv2%2Fproduct_brand&post=114830"},{"taxonomy":"product_cat","embeddable":true,"href":"https:\/\/www.hediyepazar.com\/index.php?rest_route=%2Fwp%2Fv2%2Fproduct_cat&post=114830"},{"taxonomy":"product_tag","embeddable":true,"href":"https:\/\/www.hediyepazar.com\/index.php?rest_route=%2Fwp%2Fv2%2Fproduct_tag&post=114830"}],"curies":[{"name":"wp","href":"https:\/\/api.w.org\/{rel}","templated":true}]}}