{"id":114840,"date":"2026-05-05T13:14:15","date_gmt":"2026-05-05T16:14:15","guid":{"rendered":"https:\/\/www.hediyepazar.com\/?product=12li-profesyonel-makyaj-firca-seti-ultra-yumusak-sentetik-killi"},"modified":"2026-05-05T13:14:15","modified_gmt":"2026-05-05T16:14:15","slug":"12li-profesyonel-makyaj-firca-seti-ultra-yumusak-sentetik-killi","status":"publish","type":"product","link":"https:\/\/www.hediyepazar.com\/?product=12li-profesyonel-makyaj-firca-seti-ultra-yumusak-sentetik-killi","title":{"rendered":"12\u2019li Profesyonel Makyaj F\u0131r\u00e7a Seti Ultra Yumu\u015fak Sentetik K\u0131ll\u0131"},"content":{"rendered":"<p>Makyaj koleksiyonunuza profesyonel bir dokunu\u015f katmak i\u00e7in tasarlanan 12\u2019li makyaj f\u0131r\u00e7a seti, her ihtiyac\u0131n\u0131z\u0131 kar\u015f\u0131layacak \u015fekilde haz\u0131rlanm\u0131\u015ft\u0131r. Y\u00fcz makyaj\u0131ndan g\u00f6z makyaj\u0131na, dudak detayland\u0131rmadan g\u00f6lgelendirmeye kadar t\u00fcm a\u015famalarda kusursuz sonu\u00e7lar elde etmenize yard\u0131mc\u0131 olur. Ultra yumu\u015fak ve y\u00fcksek kaliteli sentetik k\u0131llar, fond\u00f6ten, all\u0131k, far ve pudra gibi \u00fcr\u00fcnleri cilde e\u015fit \u015fekilde yayarak p\u00fcr\u00fczs\u00fcz bir g\u00f6r\u00fcn\u00fcm sa\u011flar. Ergonomik sap tasar\u0131m\u0131 sayesinde uzun s\u00fcreli kullan\u0131mlarda bile konfor sunar. Hafif yap\u0131s\u0131 ve kompakt boyutu, \u00e7antan\u0131zda kolayca ta\u015f\u0131man\u0131za olanak tan\u0131r. G\u00fcnl\u00fck kullan\u0131m i\u00e7in ideal oldu\u011fu gibi, profesyonel makyaj uygulamalar\u0131 i\u00e7in de m\u00fckemmeldir. Ayr\u0131ca \u015f\u0131k ta\u015f\u0131ma kutusu sayesinde f\u0131r\u00e7alar\u0131n\u0131z\u0131 d\u00fczenli ve hijyenik bir \u015fekilde saklayabilirsiniz. Bu set, makyaj tutkunlar\u0131n\u0131n olmazsa olmaz aksesuarlar\u0131ndan biri olacak.<\/p>\n","protected":false},"excerpt":{"rendered":"<p>Makyaj koleksiyonunuza profesyonel bir dokunu\u015f katmak i\u00e7in tasarlanan 12\u2019li makyaj f\u0131r\u00e7a seti, her ihtiyac\u0131n\u0131z\u0131 kar\u015f\u0131layacak \u015fekilde haz\u0131rlanm\u0131\u015ft\u0131r. Y\u00fcz makyaj\u0131ndan g\u00f6z makyaj\u0131na, dudak detayland\u0131rmadan g\u00f6lgelendirmeye kadar t\u00fcm a\u015famalarda kusursuz sonu\u00e7lar elde etmenize yard\u0131mc\u0131 olur. Ultra yumu\u015fak ve y\u00fcksek kaliteli sentetik k\u0131llar, fond\u00f6ten, all\u0131k, far ve pudra gibi \u00fcr\u00fcnleri cilde e\u015fit \u015fekilde yayarak p\u00fcr\u00fczs\u00fcz bir g\u00f6r\u00fcn\u00fcm sa\u011flar&#8230;.<\/p>\n","protected":false},"featured_media":114839,"comment_status":"open","ping_status":"closed","template":"","meta":{"_kad_post_transparent":"","_kad_post_title":"","_kad_post_layout":"","_kad_post_sidebar_id":"","_kad_post_content_style":"","_kad_post_vertical_padding":"","_kad_post_feature":"","_kad_post_feature_position":"","_kad_post_header":false,"_kad_post_footer":false,"_kad_post_classname":""},"product_brand":[],"product_cat":[14944],"product_tag":[],"class_list":{"0":"post-114840","1":"product","2":"type-product","3":"status-publish","4":"has-post-thumbnail","6":"product_cat-makyaj-fircasi-makyaj-fircasi","8":"first","9":"instock","10":"purchasable","11":"product-type-simple","12":"entry","13":"content-bg","14":"loop-entry"},"_links":{"self":[{"href":"https:\/\/www.hediyepazar.com\/index.php?rest_route=\/wp\/v2\/product\/114840","targetHints":{"allow":["GET"]}}],"collection":[{"href":"https:\/\/www.hediyepazar.com\/index.php?rest_route=\/wp\/v2\/product"}],"about":[{"href":"https:\/\/www.hediyepazar.com\/index.php?rest_route=\/wp\/v2\/types\/product"}],"replies":[{"embeddable":true,"href":"https:\/\/www.hediyepazar.com\/index.php?rest_route=%2Fwp%2Fv2%2Fcomments&post=114840"}],"wp:featuredmedia":[{"embeddable":true,"href":"https:\/\/www.hediyepazar.com\/index.php?rest_route=\/wp\/v2\/media\/114839"}],"wp:attachment":[{"href":"https:\/\/www.hediyepazar.com\/index.php?rest_route=%2Fwp%2Fv2%2Fmedia&parent=114840"}],"wp:term":[{"taxonomy":"product_brand","embeddable":true,"href":"https:\/\/www.hediyepazar.com\/index.php?rest_route=%2Fwp%2Fv2%2Fproduct_brand&post=114840"},{"taxonomy":"product_cat","embeddable":true,"href":"https:\/\/www.hediyepazar.com\/index.php?rest_route=%2Fwp%2Fv2%2Fproduct_cat&post=114840"},{"taxonomy":"product_tag","embeddable":true,"href":"https:\/\/www.hediyepazar.com\/index.php?rest_route=%2Fwp%2Fv2%2Fproduct_tag&post=114840"}],"curies":[{"name":"wp","href":"https:\/\/api.w.org\/{rel}","templated":true}]}}