{"id":114862,"date":"2026-05-05T13:17:13","date_gmt":"2026-05-05T16:17:13","guid":{"rendered":"https:\/\/www.hediyepazar.com\/?product=animasyonlu-led-isikli-10-metre-uzaktan-kumandali-dekoratif-isik"},"modified":"2026-05-05T13:17:13","modified_gmt":"2026-05-05T16:17:13","slug":"animasyonlu-led-isikli-10-metre-uzaktan-kumandali-dekoratif-isik","status":"publish","type":"product","link":"https:\/\/www.hediyepazar.com\/?product=animasyonlu-led-isikli-10-metre-uzaktan-kumandali-dekoratif-isik","title":{"rendered":"Animasyonlu LED I\u015f\u0131kl\u0131 10 Metre Uzaktan Kumandal\u0131 Dekoratif I\u015f\u0131k"},"content":{"rendered":"<p>Kutlamalar\u0131n\u0131z\u0131 daha canl\u0131 ve g\u00f6z al\u0131c\u0131 hale getirmek i\u00e7in ideal olan animasyonlu 10 metrelik LED \u0131\u015f\u0131k, pratik kullan\u0131m\u0131 ve \u015f\u0131k tasar\u0131m\u0131yla \u00f6ne \u00e7\u0131kar. Uzaktan kumanda ile kontrol edilen \u0131\u015f\u0131klar\u0131 sayesinde istedi\u011finiz an a\u00e7\u0131p kapatabilir, farkl\u0131 modlarla dekorasyonunuza renk katabilirsiniz. LED teknolojisi, d\u00fc\u015f\u00fck enerji t\u00fcketimi ile uzun s\u00fcreli kullan\u0131m sa\u011flar. Ger\u00e7ek g\u00fcn \u0131\u015f\u0131\u011f\u0131 kalitesinde ayd\u0131nlatma sunarak mekanlar\u0131n\u0131za canl\u0131l\u0131k katar. Hafif yap\u0131s\u0131 ve ta\u015f\u0131nabilir tasar\u0131m\u0131 sayesinde evde, kapal\u0131 alanlarda veya etkinliklerde rahatl\u0131kla kullan\u0131labilir. Do\u011fum g\u00fcnleri, d\u00fc\u011f\u00fcnler, y\u0131lba\u015f\u0131 kutlamalar\u0131 gibi t\u00fcm \u00f6zel g\u00fcnlerde ortam\u0131 e\u015fsiz bir atmosfere d\u00f6n\u00fc\u015ft\u00fcr\u00fcr. Dayan\u0131kl\u0131 malzemeden \u00fcretilmi\u015f olmas\u0131 sayesinde tekrar tekrar kullan\u0131labilir. \u015e\u0131k g\u00f6r\u00fcn\u00fcm\u00fcyle dekorasyonunuza modern bir dokunu\u015f katan bu \u00fcr\u00fcn, hem pratik hem de etkileyici bir ayd\u0131nlatma \u00e7\u00f6z\u00fcm\u00fcd\u00fcr.<\/p>\n","protected":false},"excerpt":{"rendered":"<p>Kutlamalar\u0131n\u0131z\u0131 daha canl\u0131 ve g\u00f6z al\u0131c\u0131 hale getirmek i\u00e7in ideal olan animasyonlu 10 metrelik LED \u0131\u015f\u0131k, pratik kullan\u0131m\u0131 ve \u015f\u0131k tasar\u0131m\u0131yla \u00f6ne \u00e7\u0131kar. Uzaktan kumanda ile kontrol edilen \u0131\u015f\u0131klar\u0131 sayesinde istedi\u011finiz an a\u00e7\u0131p kapatabilir, farkl\u0131 modlarla dekorasyonunuza renk katabilirsiniz. LED teknolojisi, d\u00fc\u015f\u00fck enerji t\u00fcketimi ile uzun s\u00fcreli kullan\u0131m sa\u011flar. Ger\u00e7ek g\u00fcn \u0131\u015f\u0131\u011f\u0131 kalitesinde ayd\u0131nlatma sunarak&#8230;<\/p>\n","protected":false},"featured_media":114861,"comment_status":"open","ping_status":"closed","template":"","meta":{"_kad_post_transparent":"","_kad_post_title":"","_kad_post_layout":"","_kad_post_sidebar_id":"","_kad_post_content_style":"","_kad_post_vertical_padding":"","_kad_post_feature":"","_kad_post_feature_position":"","_kad_post_header":false,"_kad_post_footer":false,"_kad_post_classname":""},"product_brand":[],"product_cat":[14933],"product_tag":[],"class_list":{"0":"post-114862","1":"product","2":"type-product","3":"status-publish","4":"has-post-thumbnail","6":"product_cat-led-isik-led-isik","8":"first","9":"instock","10":"purchasable","11":"product-type-simple","12":"entry","13":"content-bg","14":"loop-entry"},"_links":{"self":[{"href":"https:\/\/www.hediyepazar.com\/index.php?rest_route=\/wp\/v2\/product\/114862","targetHints":{"allow":["GET"]}}],"collection":[{"href":"https:\/\/www.hediyepazar.com\/index.php?rest_route=\/wp\/v2\/product"}],"about":[{"href":"https:\/\/www.hediyepazar.com\/index.php?rest_route=\/wp\/v2\/types\/product"}],"replies":[{"embeddable":true,"href":"https:\/\/www.hediyepazar.com\/index.php?rest_route=%2Fwp%2Fv2%2Fcomments&post=114862"}],"wp:featuredmedia":[{"embeddable":true,"href":"https:\/\/www.hediyepazar.com\/index.php?rest_route=\/wp\/v2\/media\/114861"}],"wp:attachment":[{"href":"https:\/\/www.hediyepazar.com\/index.php?rest_route=%2Fwp%2Fv2%2Fmedia&parent=114862"}],"wp:term":[{"taxonomy":"product_brand","embeddable":true,"href":"https:\/\/www.hediyepazar.com\/index.php?rest_route=%2Fwp%2Fv2%2Fproduct_brand&post=114862"},{"taxonomy":"product_cat","embeddable":true,"href":"https:\/\/www.hediyepazar.com\/index.php?rest_route=%2Fwp%2Fv2%2Fproduct_cat&post=114862"},{"taxonomy":"product_tag","embeddable":true,"href":"https:\/\/www.hediyepazar.com\/index.php?rest_route=%2Fwp%2Fv2%2Fproduct_tag&post=114862"}],"curies":[{"name":"wp","href":"https:\/\/api.w.org\/{rel}","templated":true}]}}