{"id":114864,"date":"2026-05-05T13:17:19","date_gmt":"2026-05-05T16:17:19","guid":{"rendered":"https:\/\/www.hediyepazar.com\/?product=10-metre-led-isikli-dekoratif-parti-ve-kutlama-aydinlatmasi"},"modified":"2026-05-05T13:17:19","modified_gmt":"2026-05-05T16:17:19","slug":"10-metre-led-isikli-dekoratif-parti-ve-kutlama-aydinlatmasi","status":"publish","type":"product","link":"https:\/\/www.hediyepazar.com\/?product=10-metre-led-isikli-dekoratif-parti-ve-kutlama-aydinlatmasi","title":{"rendered":"10 Metre LED I\u015f\u0131kl\u0131 Dekoratif Parti ve Kutlama Ayd\u0131nlatmas\u0131"},"content":{"rendered":"<p>\u00d6zel g\u00fcnlerinizi unutulmaz bir hale getirmek i\u00e7in tasarlanan 10 metrelik LED \u0131\u015f\u0131kl\u0131 dekoratif ayd\u0131nlatma, kutlamalar\u0131n\u0131za \u015f\u0131kl\u0131k ve enerji katar. Ger\u00e7ek g\u00fcn \u0131\u015f\u0131\u011f\u0131 kalitesinde ayd\u0131nlatma sunan LED teknolojisi, d\u00fc\u015f\u00fck enerji t\u00fcketimi ile uzun \u00f6m\u00fcrl\u00fc kullan\u0131m sa\u011flar. Uzaktan kumanda ile \u0131\u015f\u0131klar\u0131 kolayca a\u00e7\u0131p kapatabilir, dekorasyonunuza uygun atmosferi diledi\u011finiz an yaratabilirsiniz. Animasyonlu \u0131\u015f\u0131k efektleri, partilerde, d\u00fc\u011f\u00fcnlerde, do\u011fum g\u00fcnlerinde veya \u00f6zel davetlerde e\u015fsiz bir g\u00f6rsel \u015f\u00f6len sunar. Hafif ve ta\u015f\u0131nabilir yap\u0131s\u0131 sayesinde kolayca kurulabilir ve farkl\u0131 mek\u00e2nlarda kullan\u0131labilir. Dayan\u0131kl\u0131 malzemesi ile uzun s\u00fcreli kullan\u0131m sa\u011flayan bu dekoratif \u00fcr\u00fcn, tekrar tekrar de\u011ferlendirilebilir. \u015e\u0131k tasar\u0131m\u0131 ve modern g\u00f6r\u00fcn\u00fcm\u00fc sayesinde ev dekorasyonunda da tercih edilebilir. K\u0131sacas\u0131 bu 10 metrelik LED \u0131\u015f\u0131kl\u0131 s\u00fcsleme, her kutlamada estetik ve pratik bir \u00e7\u00f6z\u00fcm sunar.<\/p>\n","protected":false},"excerpt":{"rendered":"<p>\u00d6zel g\u00fcnlerinizi unutulmaz bir hale getirmek i\u00e7in tasarlanan 10 metrelik LED \u0131\u015f\u0131kl\u0131 dekoratif ayd\u0131nlatma, kutlamalar\u0131n\u0131za \u015f\u0131kl\u0131k ve enerji katar. Ger\u00e7ek g\u00fcn \u0131\u015f\u0131\u011f\u0131 kalitesinde ayd\u0131nlatma sunan LED teknolojisi, d\u00fc\u015f\u00fck enerji t\u00fcketimi ile uzun \u00f6m\u00fcrl\u00fc kullan\u0131m sa\u011flar. Uzaktan kumanda ile \u0131\u015f\u0131klar\u0131 kolayca a\u00e7\u0131p kapatabilir, dekorasyonunuza uygun atmosferi diledi\u011finiz an yaratabilirsiniz. Animasyonlu \u0131\u015f\u0131k efektleri, partilerde, d\u00fc\u011f\u00fcnlerde, do\u011fum g\u00fcnlerinde&#8230;<\/p>\n","protected":false},"featured_media":114863,"comment_status":"open","ping_status":"closed","template":"","meta":{"_kad_post_transparent":"","_kad_post_title":"","_kad_post_layout":"","_kad_post_sidebar_id":"","_kad_post_content_style":"","_kad_post_vertical_padding":"","_kad_post_feature":"","_kad_post_feature_position":"","_kad_post_header":false,"_kad_post_footer":false,"_kad_post_classname":""},"product_brand":[],"product_cat":[14933],"product_tag":[],"class_list":{"0":"post-114864","1":"product","2":"type-product","3":"status-publish","4":"has-post-thumbnail","6":"product_cat-led-isik-led-isik","8":"first","9":"instock","10":"purchasable","11":"product-type-simple","12":"entry","13":"content-bg","14":"loop-entry"},"_links":{"self":[{"href":"https:\/\/www.hediyepazar.com\/index.php?rest_route=\/wp\/v2\/product\/114864","targetHints":{"allow":["GET"]}}],"collection":[{"href":"https:\/\/www.hediyepazar.com\/index.php?rest_route=\/wp\/v2\/product"}],"about":[{"href":"https:\/\/www.hediyepazar.com\/index.php?rest_route=\/wp\/v2\/types\/product"}],"replies":[{"embeddable":true,"href":"https:\/\/www.hediyepazar.com\/index.php?rest_route=%2Fwp%2Fv2%2Fcomments&post=114864"}],"wp:featuredmedia":[{"embeddable":true,"href":"https:\/\/www.hediyepazar.com\/index.php?rest_route=\/wp\/v2\/media\/114863"}],"wp:attachment":[{"href":"https:\/\/www.hediyepazar.com\/index.php?rest_route=%2Fwp%2Fv2%2Fmedia&parent=114864"}],"wp:term":[{"taxonomy":"product_brand","embeddable":true,"href":"https:\/\/www.hediyepazar.com\/index.php?rest_route=%2Fwp%2Fv2%2Fproduct_brand&post=114864"},{"taxonomy":"product_cat","embeddable":true,"href":"https:\/\/www.hediyepazar.com\/index.php?rest_route=%2Fwp%2Fv2%2Fproduct_cat&post=114864"},{"taxonomy":"product_tag","embeddable":true,"href":"https:\/\/www.hediyepazar.com\/index.php?rest_route=%2Fwp%2Fv2%2Fproduct_tag&post=114864"}],"curies":[{"name":"wp","href":"https:\/\/api.w.org\/{rel}","templated":true}]}}