{"id":114870,"date":"2026-05-05T13:19:12","date_gmt":"2026-05-05T16:19:12","guid":{"rendered":"https:\/\/www.hediyepazar.com\/?product=17-parca-profesyonel-manikur-pedikur-seti-paslanmaz-celik-siyah-kutu"},"modified":"2026-05-05T13:19:12","modified_gmt":"2026-05-05T16:19:12","slug":"17-parca-profesyonel-manikur-pedikur-seti-paslanmaz-celik-siyah-kutu","status":"publish","type":"product","link":"https:\/\/www.hediyepazar.com\/?product=17-parca-profesyonel-manikur-pedikur-seti-paslanmaz-celik-siyah-kutu","title":{"rendered":"17 Par\u00e7a Profesyonel Manik\u00fcr Pedik\u00fcr Seti Paslanmaz \u00c7elik Siyah Kutu"},"content":{"rendered":"<p>Profesyonel ki\u015fisel bak\u0131m deneyimini evinizin rahatl\u0131\u011f\u0131nda ya\u015faman\u0131z i\u00e7in tasarlanan 17 par\u00e7al\u0131k manik\u00fcr pedik\u00fcr seti, kapsaml\u0131 i\u00e7eri\u011fi ile el ve ayak bak\u0131m\u0131n\u0131z\u0131 zahmetsizce yapman\u0131za yard\u0131mc\u0131 olur. Paslanmaz \u00e7elikten \u00fcretilen par\u00e7alar, uzun \u00f6m\u00fcrl\u00fc kullan\u0131m\u0131n yan\u0131 s\u0131ra hijyenik bir deneyim sunar. Kolay temizlenebilir yap\u0131s\u0131 sayesinde her zaman steril kullan\u0131m sa\u011flar ve korozyona kar\u015f\u0131 dayan\u0131kl\u0131d\u0131r. Setin i\u00e7erisinde b\u00fcy\u00fck, k\u00fc\u00e7\u00fck ve sivri u\u00e7lu t\u0131rnak makaslar\u0131, t\u00f6rp\u00fc, c\u0131mb\u0131z, pedik\u00fcr b\u0131\u00e7aklar\u0131, t\u0131rnak kald\u0131rma aparat\u0131, kulak temizleme aparat\u0131 ve daha bir\u00e7ok aparat bulunur. Bu kapsaml\u0131 i\u00e7erik, hem t\u0131rnak hem de cilt bak\u0131m\u0131n\u0131z\u0131 kolayca yapman\u0131z\u0131 sa\u011flar. \u015e\u0131k siyah deri kutusu, k\u0131rm\u0131z\u0131 i\u00e7 tasar\u0131m\u0131 ile estetik bir g\u00f6r\u00fcn\u00fcm sunarken tek tu\u015fla a\u00e7\u0131larak pratik kullan\u0131m imk\u00e2n\u0131 verir. Hafif ve kompakt yap\u0131s\u0131yla \u00e7antan\u0131zda ta\u015f\u0131yabilir, seyahatlerinizde yan\u0131n\u0131zda bulundurabilirsiniz. G\u00fcnl\u00fck kullan\u0131m i\u00e7in ideal olan bu set, ayn\u0131 zamanda \u00f6zenli tasar\u0131m\u0131yla sevdiklerinize hediye etmek i\u00e7in de harika bir tercihtir.<\/p>\n","protected":false},"excerpt":{"rendered":"<p>Profesyonel ki\u015fisel bak\u0131m deneyimini evinizin rahatl\u0131\u011f\u0131nda ya\u015faman\u0131z i\u00e7in tasarlanan 17 par\u00e7al\u0131k manik\u00fcr pedik\u00fcr seti, kapsaml\u0131 i\u00e7eri\u011fi ile el ve ayak bak\u0131m\u0131n\u0131z\u0131 zahmetsizce yapman\u0131za yard\u0131mc\u0131 olur. Paslanmaz \u00e7elikten \u00fcretilen par\u00e7alar, uzun \u00f6m\u00fcrl\u00fc kullan\u0131m\u0131n yan\u0131 s\u0131ra hijyenik bir deneyim sunar. Kolay temizlenebilir yap\u0131s\u0131 sayesinde her zaman steril kullan\u0131m sa\u011flar ve korozyona kar\u015f\u0131 dayan\u0131kl\u0131d\u0131r. Setin i\u00e7erisinde b\u00fcy\u00fck, k\u00fc\u00e7\u00fck&#8230;<\/p>\n","protected":false},"featured_media":114869,"comment_status":"open","ping_status":"closed","template":"","meta":{"_kad_post_transparent":"","_kad_post_title":"","_kad_post_layout":"","_kad_post_sidebar_id":"","_kad_post_content_style":"","_kad_post_vertical_padding":"","_kad_post_feature":"","_kad_post_feature_position":"","_kad_post_header":false,"_kad_post_footer":false,"_kad_post_classname":""},"product_brand":[],"product_cat":[14963],"product_tag":[],"class_list":{"0":"post-114870","1":"product","2":"type-product","3":"status-publish","4":"has-post-thumbnail","6":"product_cat-manikur-ve-pedikur-aletleri-manikur-ve-pedikur-aletleri","8":"first","9":"instock","10":"purchasable","11":"product-type-simple","12":"entry","13":"content-bg","14":"loop-entry"},"_links":{"self":[{"href":"https:\/\/www.hediyepazar.com\/index.php?rest_route=\/wp\/v2\/product\/114870","targetHints":{"allow":["GET"]}}],"collection":[{"href":"https:\/\/www.hediyepazar.com\/index.php?rest_route=\/wp\/v2\/product"}],"about":[{"href":"https:\/\/www.hediyepazar.com\/index.php?rest_route=\/wp\/v2\/types\/product"}],"replies":[{"embeddable":true,"href":"https:\/\/www.hediyepazar.com\/index.php?rest_route=%2Fwp%2Fv2%2Fcomments&post=114870"}],"wp:featuredmedia":[{"embeddable":true,"href":"https:\/\/www.hediyepazar.com\/index.php?rest_route=\/wp\/v2\/media\/114869"}],"wp:attachment":[{"href":"https:\/\/www.hediyepazar.com\/index.php?rest_route=%2Fwp%2Fv2%2Fmedia&parent=114870"}],"wp:term":[{"taxonomy":"product_brand","embeddable":true,"href":"https:\/\/www.hediyepazar.com\/index.php?rest_route=%2Fwp%2Fv2%2Fproduct_brand&post=114870"},{"taxonomy":"product_cat","embeddable":true,"href":"https:\/\/www.hediyepazar.com\/index.php?rest_route=%2Fwp%2Fv2%2Fproduct_cat&post=114870"},{"taxonomy":"product_tag","embeddable":true,"href":"https:\/\/www.hediyepazar.com\/index.php?rest_route=%2Fwp%2Fv2%2Fproduct_tag&post=114870"}],"curies":[{"name":"wp","href":"https:\/\/api.w.org\/{rel}","templated":true}]}}