{"id":114872,"date":"2026-05-05T13:19:20","date_gmt":"2026-05-05T16:19:20","guid":{"rendered":"https:\/\/www.hediyepazar.com\/?product=tasinabilir-cok-fonksiyonlu-kisisel-bakim-seti-el-ve-ayak-icin"},"modified":"2026-05-05T13:19:20","modified_gmt":"2026-05-05T16:19:20","slug":"tasinabilir-cok-fonksiyonlu-kisisel-bakim-seti-el-ve-ayak-icin","status":"publish","type":"product","link":"https:\/\/www.hediyepazar.com\/?product=tasinabilir-cok-fonksiyonlu-kisisel-bakim-seti-el-ve-ayak-icin","title":{"rendered":"Ta\u015f\u0131nabilir \u00c7ok Fonksiyonlu Ki\u015fisel Bak\u0131m Seti El ve Ayak \u0130\u00e7in"},"content":{"rendered":"<p>Evde ki\u015fisel bak\u0131m yapmay\u0131 kolayla\u015ft\u0131ran 12 par\u00e7a bak\u0131m seti, \u00f6zel deri \u00e7antas\u0131 ve paslanmaz \u00e7elikten \u00fcretilmi\u015f dayan\u0131kl\u0131 aletleri ile her zaman yan\u0131n\u0131zda ta\u015f\u0131yabilece\u011finiz pratik bir \u00fcr\u00fcnd\u00fcr. Set, el ve ayak bak\u0131m\u0131n\u0131z\u0131 eksiksiz \u015fekilde yapabilmeniz i\u00e7in \u00f6zenle haz\u0131rlanm\u0131\u015ft\u0131r. \u0130\u00e7erisinde kulak \u00e7ekme aparat\u0131, \u00e7ok ama\u00e7l\u0131 makas, manik\u00fcr makas\u0131, \u00fc\u00e7 farkl\u0131 t\u0131rnak makas\u0131\/d\u00fczeltici, pense, ka\u015f c\u0131mb\u0131z\u0131, kir temizleme aparat\u0131, t\u0131rnak t\u00f6rp\u00fcs\u00fc, manik\u00fcr b\u0131\u00e7a\u011f\u0131 ve akne i\u011fnesi bulunur. Bu sayede yaln\u0131zca t\u0131rnaklar\u0131n\u0131z\u0131 de\u011fil, ayn\u0131 zamanda cildinizi ve ka\u015flar\u0131n\u0131z\u0131 da kolayca \u015fekillendirebilirsiniz. Ta\u015f\u0131nabilir boyutu sayesinde \u00e7antan\u0131zda kolayca yer bulur ve seyahatlerinizde yan\u0131n\u0131zda ta\u015f\u0131yabilirsiniz. Hijyenik yap\u0131s\u0131 sayesinde aletler kolayca temizlenir, uzun s\u00fcre g\u00fcvenle kullan\u0131labilir. Estetik deri \u00e7antas\u0131, aletlerin d\u00fczenli kalmas\u0131n\u0131 sa\u011flarken ayn\u0131 zamanda \u015f\u0131k bir g\u00f6r\u00fcn\u00fcme sahiptir. Hem kad\u0131nlar\u0131n hem de erkeklerin kullan\u0131m\u0131na uygun olan bu set, ki\u015fisel bak\u0131m\u0131na \u00f6zen g\u00f6steren herkesin ihtiyac\u0131n\u0131 kar\u015f\u0131lar. Ayr\u0131ca \u00f6zel g\u00fcnlerde hediye olarak da tercih edilebilecek \u00e7ok y\u00f6nl\u00fc bir \u00fcr\u00fcnd\u00fcr.<\/p>\n","protected":false},"excerpt":{"rendered":"<p>Evde ki\u015fisel bak\u0131m yapmay\u0131 kolayla\u015ft\u0131ran 12 par\u00e7a bak\u0131m seti, \u00f6zel deri \u00e7antas\u0131 ve paslanmaz \u00e7elikten \u00fcretilmi\u015f dayan\u0131kl\u0131 aletleri ile her zaman yan\u0131n\u0131zda ta\u015f\u0131yabilece\u011finiz pratik bir \u00fcr\u00fcnd\u00fcr. Set, el ve ayak bak\u0131m\u0131n\u0131z\u0131 eksiksiz \u015fekilde yapabilmeniz i\u00e7in \u00f6zenle haz\u0131rlanm\u0131\u015ft\u0131r. \u0130\u00e7erisinde kulak \u00e7ekme aparat\u0131, \u00e7ok ama\u00e7l\u0131 makas, manik\u00fcr makas\u0131, \u00fc\u00e7 farkl\u0131 t\u0131rnak makas\u0131\/d\u00fczeltici, pense, ka\u015f c\u0131mb\u0131z\u0131, kir temizleme&#8230;<\/p>\n","protected":false},"featured_media":114871,"comment_status":"open","ping_status":"closed","template":"","meta":{"_kad_post_transparent":"","_kad_post_title":"","_kad_post_layout":"","_kad_post_sidebar_id":"","_kad_post_content_style":"","_kad_post_vertical_padding":"","_kad_post_feature":"","_kad_post_feature_position":"","_kad_post_header":false,"_kad_post_footer":false,"_kad_post_classname":""},"product_brand":[],"product_cat":[14963],"product_tag":[],"class_list":{"0":"post-114872","1":"product","2":"type-product","3":"status-publish","4":"has-post-thumbnail","6":"product_cat-manikur-ve-pedikur-aletleri-manikur-ve-pedikur-aletleri","8":"first","9":"instock","10":"purchasable","11":"product-type-simple","12":"entry","13":"content-bg","14":"loop-entry"},"_links":{"self":[{"href":"https:\/\/www.hediyepazar.com\/index.php?rest_route=\/wp\/v2\/product\/114872","targetHints":{"allow":["GET"]}}],"collection":[{"href":"https:\/\/www.hediyepazar.com\/index.php?rest_route=\/wp\/v2\/product"}],"about":[{"href":"https:\/\/www.hediyepazar.com\/index.php?rest_route=\/wp\/v2\/types\/product"}],"replies":[{"embeddable":true,"href":"https:\/\/www.hediyepazar.com\/index.php?rest_route=%2Fwp%2Fv2%2Fcomments&post=114872"}],"wp:featuredmedia":[{"embeddable":true,"href":"https:\/\/www.hediyepazar.com\/index.php?rest_route=\/wp\/v2\/media\/114871"}],"wp:attachment":[{"href":"https:\/\/www.hediyepazar.com\/index.php?rest_route=%2Fwp%2Fv2%2Fmedia&parent=114872"}],"wp:term":[{"taxonomy":"product_brand","embeddable":true,"href":"https:\/\/www.hediyepazar.com\/index.php?rest_route=%2Fwp%2Fv2%2Fproduct_brand&post=114872"},{"taxonomy":"product_cat","embeddable":true,"href":"https:\/\/www.hediyepazar.com\/index.php?rest_route=%2Fwp%2Fv2%2Fproduct_cat&post=114872"},{"taxonomy":"product_tag","embeddable":true,"href":"https:\/\/www.hediyepazar.com\/index.php?rest_route=%2Fwp%2Fv2%2Fproduct_tag&post=114872"}],"curies":[{"name":"wp","href":"https:\/\/api.w.org\/{rel}","templated":true}]}}