{"id":114876,"date":"2026-05-05T13:21:09","date_gmt":"2026-05-05T16:21:09","guid":{"rendered":"https:\/\/www.hediyepazar.com\/?product=s10-mor-akilli-cocuk-saati"},"modified":"2026-05-05T13:21:09","modified_gmt":"2026-05-05T16:21:09","slug":"s10-mor-akilli-cocuk-saati","status":"publish","type":"product","link":"https:\/\/www.hediyepazar.com\/?product=s10-mor-akilli-cocuk-saati","title":{"rendered":"S10 Mor Ak\u0131ll\u0131 \u00c7ocuk Saati"},"content":{"rendered":"<p>Ebeveynlerin i\u00e7ini rahatlatan, \u00e7ocuklar i\u00e7in e\u011flenceli ve g\u00fcvenilir bir aksesuar olan S10 Mor Ak\u0131ll\u0131 \u00c7ocuk Saati, geli\u015fmi\u015f \u00f6zellikleriyle \u00f6ne \u00e7\u0131kar. \u00c7ift y\u00f6nl\u00fc konu\u015fma sayesinde \u00e7ocu\u011funuzla an\u0131nda ileti\u015fim kurabilir, sesli mesaj \u00f6zelli\u011fi ile pratik haberle\u015fme yapabilirsiniz. SOS tu\u015fu, acil durumlarda h\u0131zl\u0131 \u015fekilde yard\u0131m \u00e7a\u011fr\u0131s\u0131 yap\u0131lmas\u0131n\u0131 sa\u011flar.Anl\u0131k konum takibi ile \u00e7ocu\u011funuzun yerini harita \u00fczerinden g\u00f6rebilir, ayr\u0131ca ge\u00e7mi\u015f 30 g\u00fcne kadar rotalar\u0131n\u0131 inceleyebilirsiniz. Elektronik bariyer \u00f6zelli\u011fi sayesinde g\u00fcvenli b\u00f6lgeler tan\u0131mlayabilir, \u00e7ocu\u011funuz bu alanlar\u0131n d\u0131\u015f\u0131na \u00e7\u0131kt\u0131\u011f\u0131nda bildirim alabilirsiniz. Alarm fonksiyonu ile \u00e7ocu\u011funuzun d\u00fczenli al\u0131\u015fkanl\u0131klar kazanmas\u0131n\u0131 sa\u011flarken, ders modu ile okul zaman\u0131 kullan\u0131m\u0131n\u0131 s\u0131n\u0131rland\u0131rabilirsiniz. E\u011flenceli matematik oyunu, \u00f6\u011frenmeyi keyifli hale getirir. Dayan\u0131kl\u0131 yap\u0131s\u0131, ergonomik tasar\u0131m\u0131 ve canl\u0131 mor rengi ile \u00e7ocuklar\u0131n severek kullanaca\u011f\u0131 bu saat, g\u00fcvenlik ve e\u011flenceyi tek cihazda birle\u015ftirir.<\/p>\n","protected":false},"excerpt":{"rendered":"<p>Ebeveynlerin i\u00e7ini rahatlatan, \u00e7ocuklar i\u00e7in e\u011flenceli ve g\u00fcvenilir bir aksesuar olan S10 Mor Ak\u0131ll\u0131 \u00c7ocuk Saati, geli\u015fmi\u015f \u00f6zellikleriyle \u00f6ne \u00e7\u0131kar. \u00c7ift y\u00f6nl\u00fc konu\u015fma sayesinde \u00e7ocu\u011funuzla an\u0131nda ileti\u015fim kurabilir, sesli mesaj \u00f6zelli\u011fi ile pratik haberle\u015fme yapabilirsiniz. SOS tu\u015fu, acil durumlarda h\u0131zl\u0131 \u015fekilde yard\u0131m \u00e7a\u011fr\u0131s\u0131 yap\u0131lmas\u0131n\u0131 sa\u011flar.Anl\u0131k konum takibi ile \u00e7ocu\u011funuzun yerini harita \u00fczerinden g\u00f6rebilir, ayr\u0131ca ge\u00e7mi\u015f&#8230;<\/p>\n","protected":false},"featured_media":114875,"comment_status":"open","ping_status":"closed","template":"","meta":{"_kad_post_transparent":"","_kad_post_title":"","_kad_post_layout":"","_kad_post_sidebar_id":"","_kad_post_content_style":"","_kad_post_vertical_padding":"","_kad_post_feature":"","_kad_post_feature_position":"","_kad_post_header":false,"_kad_post_footer":false,"_kad_post_classname":""},"product_brand":[],"product_cat":[14935],"product_tag":[],"class_list":{"0":"post-114876","1":"product","2":"type-product","3":"status-publish","4":"has-post-thumbnail","6":"product_cat-akilli-saatler-akilli-saatler","8":"first","9":"instock","10":"purchasable","11":"product-type-simple","12":"entry","13":"content-bg","14":"loop-entry"},"_links":{"self":[{"href":"https:\/\/www.hediyepazar.com\/index.php?rest_route=\/wp\/v2\/product\/114876","targetHints":{"allow":["GET"]}}],"collection":[{"href":"https:\/\/www.hediyepazar.com\/index.php?rest_route=\/wp\/v2\/product"}],"about":[{"href":"https:\/\/www.hediyepazar.com\/index.php?rest_route=\/wp\/v2\/types\/product"}],"replies":[{"embeddable":true,"href":"https:\/\/www.hediyepazar.com\/index.php?rest_route=%2Fwp%2Fv2%2Fcomments&post=114876"}],"wp:featuredmedia":[{"embeddable":true,"href":"https:\/\/www.hediyepazar.com\/index.php?rest_route=\/wp\/v2\/media\/114875"}],"wp:attachment":[{"href":"https:\/\/www.hediyepazar.com\/index.php?rest_route=%2Fwp%2Fv2%2Fmedia&parent=114876"}],"wp:term":[{"taxonomy":"product_brand","embeddable":true,"href":"https:\/\/www.hediyepazar.com\/index.php?rest_route=%2Fwp%2Fv2%2Fproduct_brand&post=114876"},{"taxonomy":"product_cat","embeddable":true,"href":"https:\/\/www.hediyepazar.com\/index.php?rest_route=%2Fwp%2Fv2%2Fproduct_cat&post=114876"},{"taxonomy":"product_tag","embeddable":true,"href":"https:\/\/www.hediyepazar.com\/index.php?rest_route=%2Fwp%2Fv2%2Fproduct_tag&post=114876"}],"curies":[{"name":"wp","href":"https:\/\/api.w.org\/{rel}","templated":true}]}}