{"id":114880,"date":"2026-05-05T13:21:20","date_gmt":"2026-05-05T16:21:20","guid":{"rendered":"https:\/\/www.hediyepazar.com\/?product=s10-akilli-cocuk-saati-mor-tasarim-adimsayar-ve-alarm-fonksiyonlu"},"modified":"2026-05-05T13:21:20","modified_gmt":"2026-05-05T16:21:20","slug":"s10-akilli-cocuk-saati-mor-tasarim-adimsayar-ve-alarm-fonksiyonlu","status":"publish","type":"product","link":"https:\/\/www.hediyepazar.com\/?product=s10-akilli-cocuk-saati-mor-tasarim-adimsayar-ve-alarm-fonksiyonlu","title":{"rendered":"S10 Ak\u0131ll\u0131 \u00c7ocuk Saati Mor Tasar\u0131m Ad\u0131msayar ve Alarm Fonksiyonlu"},"content":{"rendered":"<p>\u00c7ocu\u011funuzun g\u00fcvenli\u011fi i\u00e7in ileri teknoloji ile donat\u0131lm\u0131\u015f olan S10 Ak\u0131ll\u0131 \u00c7ocuk Saati Mor Model, hem koruyucu hem de e\u011flenceli \u00f6zellikler sunar. \u00c7ift y\u00f6nl\u00fc konu\u015fma ile \u00e7ocu\u011funuzla her zaman ileti\u015fim kurabilir, sesli mesaj \u00f6zelli\u011fi sayesinde k\u0131sa ve kolay haberle\u015fme yapabilirsiniz. SOS tu\u015fu, acil durumlarda h\u0131zl\u0131 yard\u0131m \u00e7a\u011fr\u0131s\u0131 yapar ve konum bilgisini size g\u00f6nderir.Konum takibi ile \u00e7ocu\u011funuzun nerede oldu\u011funu anl\u0131k olarak g\u00f6rebilir, ayr\u0131ca ge\u00e7mi\u015f 30 g\u00fcn boyunca izledi\u011fi rotalar\u0131 inceleyebilirsiniz. Elektronik bariyer \u00f6zelli\u011fi sayesinde g\u00fcvenli alanlar olu\u015fturabilir ve \u00e7ocu\u011funuz bu alanlar\u0131n d\u0131\u015f\u0131na \u00e7\u0131kt\u0131\u011f\u0131nda an\u0131nda bildirim alabilirsiniz. Alarm fonksiyonlar\u0131, \u00e7ocu\u011funuzun d\u00fczenli ya\u015fam al\u0131\u015fkanl\u0131klar\u0131 edinmesine yard\u0131mc\u0131 olurken, ders modu \u00f6zelli\u011fi okul zaman\u0131 kullan\u0131m\u0131n\u0131 s\u0131n\u0131rlar. E\u011flenceli matematik oyunu, \u00e7ocu\u011funuzun hem \u00f6\u011frenmesini hem de keyifli vakit ge\u00e7irmesini sa\u011flar. \u015e\u0131k mor rengi ve dayan\u0131kl\u0131 tasar\u0131m\u0131yla \u00f6ne \u00e7\u0131kan bu ak\u0131ll\u0131 saat, hem \u00e7ocuklar hem de ebeveynler i\u00e7in ideal bir tercihtir.<\/p>\n","protected":false},"excerpt":{"rendered":"<p>\u00c7ocu\u011funuzun g\u00fcvenli\u011fi i\u00e7in ileri teknoloji ile donat\u0131lm\u0131\u015f olan S10 Ak\u0131ll\u0131 \u00c7ocuk Saati Mor Model, hem koruyucu hem de e\u011flenceli \u00f6zellikler sunar. \u00c7ift y\u00f6nl\u00fc konu\u015fma ile \u00e7ocu\u011funuzla her zaman ileti\u015fim kurabilir, sesli mesaj \u00f6zelli\u011fi sayesinde k\u0131sa ve kolay haberle\u015fme yapabilirsiniz. SOS tu\u015fu, acil durumlarda h\u0131zl\u0131 yard\u0131m \u00e7a\u011fr\u0131s\u0131 yapar ve konum bilgisini size g\u00f6nderir.Konum takibi ile \u00e7ocu\u011funuzun&#8230;<\/p>\n","protected":false},"featured_media":114879,"comment_status":"open","ping_status":"closed","template":"","meta":{"_kad_post_transparent":"","_kad_post_title":"","_kad_post_layout":"","_kad_post_sidebar_id":"","_kad_post_content_style":"","_kad_post_vertical_padding":"","_kad_post_feature":"","_kad_post_feature_position":"","_kad_post_header":false,"_kad_post_footer":false,"_kad_post_classname":""},"product_brand":[],"product_cat":[14935],"product_tag":[],"class_list":{"0":"post-114880","1":"product","2":"type-product","3":"status-publish","4":"has-post-thumbnail","6":"product_cat-akilli-saatler-akilli-saatler","8":"first","9":"instock","10":"purchasable","11":"product-type-simple","12":"entry","13":"content-bg","14":"loop-entry"},"_links":{"self":[{"href":"https:\/\/www.hediyepazar.com\/index.php?rest_route=\/wp\/v2\/product\/114880","targetHints":{"allow":["GET"]}}],"collection":[{"href":"https:\/\/www.hediyepazar.com\/index.php?rest_route=\/wp\/v2\/product"}],"about":[{"href":"https:\/\/www.hediyepazar.com\/index.php?rest_route=\/wp\/v2\/types\/product"}],"replies":[{"embeddable":true,"href":"https:\/\/www.hediyepazar.com\/index.php?rest_route=%2Fwp%2Fv2%2Fcomments&post=114880"}],"wp:featuredmedia":[{"embeddable":true,"href":"https:\/\/www.hediyepazar.com\/index.php?rest_route=\/wp\/v2\/media\/114879"}],"wp:attachment":[{"href":"https:\/\/www.hediyepazar.com\/index.php?rest_route=%2Fwp%2Fv2%2Fmedia&parent=114880"}],"wp:term":[{"taxonomy":"product_brand","embeddable":true,"href":"https:\/\/www.hediyepazar.com\/index.php?rest_route=%2Fwp%2Fv2%2Fproduct_brand&post=114880"},{"taxonomy":"product_cat","embeddable":true,"href":"https:\/\/www.hediyepazar.com\/index.php?rest_route=%2Fwp%2Fv2%2Fproduct_cat&post=114880"},{"taxonomy":"product_tag","embeddable":true,"href":"https:\/\/www.hediyepazar.com\/index.php?rest_route=%2Fwp%2Fv2%2Fproduct_tag&post=114880"}],"curies":[{"name":"wp","href":"https:\/\/api.w.org\/{rel}","templated":true}]}}