{"id":114886,"date":"2026-05-05T13:23:15","date_gmt":"2026-05-05T16:23:15","guid":{"rendered":"https:\/\/www.hediyepazar.com\/?product=s10-mor-akilli-cocuk-saati-konum-takip-ve-guvenlik-ozellikli"},"modified":"2026-05-05T13:23:15","modified_gmt":"2026-05-05T16:23:15","slug":"s10-mor-akilli-cocuk-saati-konum-takip-ve-guvenlik-ozellikli","status":"publish","type":"product","link":"https:\/\/www.hediyepazar.com\/?product=s10-mor-akilli-cocuk-saati-konum-takip-ve-guvenlik-ozellikli","title":{"rendered":"S10 Mor Ak\u0131ll\u0131 \u00c7ocuk Saati Konum Takip ve G\u00fcvenlik \u00d6zellikli"},"content":{"rendered":"<p>S10 Mor Ak\u0131ll\u0131 \u00c7ocuk Saati, ebeveynlerin g\u00fcvenlik ihtiya\u00e7lar\u0131n\u0131 kar\u015f\u0131lamak ve \u00e7ocuklara keyifli bir kullan\u0131m sunmak i\u00e7in \u00f6zel olarak tasarlanm\u0131\u015ft\u0131r. \u00c7ift y\u00f6nl\u00fc konu\u015fma \u00f6zelli\u011fi sayesinde \u00e7ocu\u011funuzla her an ileti\u015fimde kalabilir, sesli mesaj fonksiyonu ile h\u0131zl\u0131 haberle\u015fme sa\u011flayabilirsiniz. SOS tu\u015fu, acil durumlarda tek bas\u0131\u015fla \u00f6nceden belirlenen numaralar\u0131 arar ve konum bilgisini g\u00f6nderir. Konum takip \u00f6zelli\u011fi sayesinde \u00e7ocu\u011funuzun nerede oldu\u011funu anl\u0131k olarak harita \u00fczerinden g\u00f6rebilir, ayr\u0131ca 30 g\u00fcn boyunca ge\u00e7mi\u015f rotalar\u0131 inceleyebilirsiniz.Elektronik bariyer \u00f6zelli\u011fi ile okul, ev veya oyun alan\u0131 gibi g\u00fcvenli b\u00f6lgeler belirleyebilir, \u00e7ocu\u011funuz bu alanlar\u0131n d\u0131\u015f\u0131na \u00e7\u0131kt\u0131\u011f\u0131nda an\u0131nda uyar\u0131 alabilirsiniz. E\u011flenceli matematik oyunu, \u00e7ocu\u011funuzun e\u011flenirken \u00f6\u011frenmesine yard\u0131mc\u0131 olurken, alarm fonksiyonu g\u00fcnl\u00fck d\u00fczenini destekler. Ayr\u0131ca ders modu ile \u00e7ocu\u011funuz okuldayken saatin dikkati da\u011f\u0131tmas\u0131n\u0131n \u00f6n\u00fcne ge\u00e7ebilirsiniz. Dayan\u0131kl\u0131 yap\u0131s\u0131, \u015f\u0131k mor rengi ve ergonomik tasar\u0131m\u0131yla \u00e7ocuklar i\u00e7in cazip bir aksesuar olan bu saat, hem g\u00fcvenli\u011fi hem de e\u011flenceyi bir arada sunar.<\/p>\n","protected":false},"excerpt":{"rendered":"<p>S10 Mor Ak\u0131ll\u0131 \u00c7ocuk Saati, ebeveynlerin g\u00fcvenlik ihtiya\u00e7lar\u0131n\u0131 kar\u015f\u0131lamak ve \u00e7ocuklara keyifli bir kullan\u0131m sunmak i\u00e7in \u00f6zel olarak tasarlanm\u0131\u015ft\u0131r. \u00c7ift y\u00f6nl\u00fc konu\u015fma \u00f6zelli\u011fi sayesinde \u00e7ocu\u011funuzla her an ileti\u015fimde kalabilir, sesli mesaj fonksiyonu ile h\u0131zl\u0131 haberle\u015fme sa\u011flayabilirsiniz. SOS tu\u015fu, acil durumlarda tek bas\u0131\u015fla \u00f6nceden belirlenen numaralar\u0131 arar ve konum bilgisini g\u00f6nderir. Konum takip \u00f6zelli\u011fi sayesinde \u00e7ocu\u011funuzun&#8230;<\/p>\n","protected":false},"featured_media":114885,"comment_status":"open","ping_status":"closed","template":"","meta":{"_kad_post_transparent":"","_kad_post_title":"","_kad_post_layout":"","_kad_post_sidebar_id":"","_kad_post_content_style":"","_kad_post_vertical_padding":"","_kad_post_feature":"","_kad_post_feature_position":"","_kad_post_header":false,"_kad_post_footer":false,"_kad_post_classname":""},"product_brand":[],"product_cat":[14935],"product_tag":[],"class_list":{"0":"post-114886","1":"product","2":"type-product","3":"status-publish","4":"has-post-thumbnail","6":"product_cat-akilli-saatler-akilli-saatler","8":"first","9":"instock","10":"purchasable","11":"product-type-simple","12":"entry","13":"content-bg","14":"loop-entry"},"_links":{"self":[{"href":"https:\/\/www.hediyepazar.com\/index.php?rest_route=\/wp\/v2\/product\/114886","targetHints":{"allow":["GET"]}}],"collection":[{"href":"https:\/\/www.hediyepazar.com\/index.php?rest_route=\/wp\/v2\/product"}],"about":[{"href":"https:\/\/www.hediyepazar.com\/index.php?rest_route=\/wp\/v2\/types\/product"}],"replies":[{"embeddable":true,"href":"https:\/\/www.hediyepazar.com\/index.php?rest_route=%2Fwp%2Fv2%2Fcomments&post=114886"}],"wp:featuredmedia":[{"embeddable":true,"href":"https:\/\/www.hediyepazar.com\/index.php?rest_route=\/wp\/v2\/media\/114885"}],"wp:attachment":[{"href":"https:\/\/www.hediyepazar.com\/index.php?rest_route=%2Fwp%2Fv2%2Fmedia&parent=114886"}],"wp:term":[{"taxonomy":"product_brand","embeddable":true,"href":"https:\/\/www.hediyepazar.com\/index.php?rest_route=%2Fwp%2Fv2%2Fproduct_brand&post=114886"},{"taxonomy":"product_cat","embeddable":true,"href":"https:\/\/www.hediyepazar.com\/index.php?rest_route=%2Fwp%2Fv2%2Fproduct_cat&post=114886"},{"taxonomy":"product_tag","embeddable":true,"href":"https:\/\/www.hediyepazar.com\/index.php?rest_route=%2Fwp%2Fv2%2Fproduct_tag&post=114886"}],"curies":[{"name":"wp","href":"https:\/\/api.w.org\/{rel}","templated":true}]}}