{"id":114890,"date":"2026-05-05T13:24:01","date_gmt":"2026-05-05T16:24:01","guid":{"rendered":"https:\/\/www.hediyepazar.com\/?product=s10-akilli-cocuk-saati-siyah"},"modified":"2026-05-05T13:24:01","modified_gmt":"2026-05-05T16:24:01","slug":"s10-akilli-cocuk-saati-siyah","status":"publish","type":"product","link":"https:\/\/www.hediyepazar.com\/?product=s10-akilli-cocuk-saati-siyah","title":{"rendered":"S10 Ak\u0131ll\u0131 \u00c7ocuk Saati S\u0130YAH"},"content":{"rendered":"<p>S10 Ak\u0131ll\u0131 \u00c7ocuk Saati, modern ailelerin \u00e7ocuklar\u0131n\u0131n g\u00fcvenli\u011fini sa\u011flarken ayn\u0131 zamanda onlara e\u011flenceli bir kullan\u0131m deneyimi sunar. \u00c7ift y\u00f6nl\u00fc arama \u00f6zelli\u011fi sayesinde \u00e7ocu\u011funuzla her an ileti\u015fimde kalabilir, sesli mesaj fonksiyonuyla pratik ve h\u0131zl\u0131 haberle\u015fme sa\u011flayabilirsiniz. SOS acil durum tu\u015fu, \u00e7ocu\u011funuzun zor bir durumda kald\u0131\u011f\u0131nda tek bas\u0131\u015fla sizi veya belirledi\u011finiz di\u011fer ki\u015fileri aramas\u0131n\u0131 sa\u011flar. B\u00f6ylece acil durumlarda h\u0131zl\u0131 tepki verebilir ve i\u00e7iniz rahat olur.Saatin LBS konum takibi sayesinde \u00e7ocu\u011funuzun nerede oldu\u011funu anl\u0131k olarak takip edebilir, ayn\u0131 zamanda 30 g\u00fcne kadar geriye d\u00f6n\u00fck rotalar\u0131 g\u00f6rebilirsiniz. Elektronik bariyer \u00f6zelli\u011fi ile g\u00fcvenli alanlar tan\u0131mlayarak \u00e7ocu\u011funuz bu alanlar\u0131n d\u0131\u015f\u0131na \u00e7\u0131kt\u0131\u011f\u0131nda an\u0131nda bildirim alabilirsiniz. Ayr\u0131ca \u00fc\u00e7 farkl\u0131 alarm kurma \u00f6zelli\u011fi, \u00e7ocu\u011funuzun g\u00fcnl\u00fck d\u00fczenini desteklerken, ad\u0131msayar \u00f6zelli\u011fi g\u00fcnl\u00fck aktivitelerini \u00f6l\u00e7erek sa\u011fl\u0131kl\u0131 al\u0131\u015fkanl\u0131klar edinmesine katk\u0131 sa\u011flar.E\u011flenceli fonksiyonlar aras\u0131nda matematik oyunu ve foto\u011fraf \u00e7ekme \u00f6zelli\u011fi bulunur. Bu sayede saat sadece g\u00fcvenlik de\u011fil, ayn\u0131 zamanda e\u011fitici ve e\u011flenceli bir aksesuar haline gelir. Fener fonksiyonu, karanl\u0131k ortamlarda \u00e7ocuklara yard\u0131mc\u0131 olur. T\u00fcrk\u00e7e men\u00fc ve kolay kullan\u0131m\u0131yla her ya\u015ftan \u00e7ocuk i\u00e7in uygundur. Dayan\u0131kl\u0131 yap\u0131s\u0131, \u015f\u0131k siyah tasar\u0131m\u0131 ve 12 ay garanti deste\u011fi ile uzun s\u00fcre g\u00fcvenle kullan\u0131labilecek bu ak\u0131ll\u0131 saat, ebeveynler i\u00e7in g\u00fcven, \u00e7ocuklar i\u00e7in e\u011flence sunar.<\/p>\n","protected":false},"excerpt":{"rendered":"<p>S10 Ak\u0131ll\u0131 \u00c7ocuk Saati, modern ailelerin \u00e7ocuklar\u0131n\u0131n g\u00fcvenli\u011fini sa\u011flarken ayn\u0131 zamanda onlara e\u011flenceli bir kullan\u0131m deneyimi sunar. \u00c7ift y\u00f6nl\u00fc arama \u00f6zelli\u011fi sayesinde \u00e7ocu\u011funuzla her an ileti\u015fimde kalabilir, sesli mesaj fonksiyonuyla pratik ve h\u0131zl\u0131 haberle\u015fme sa\u011flayabilirsiniz. SOS acil durum tu\u015fu, \u00e7ocu\u011funuzun zor bir durumda kald\u0131\u011f\u0131nda tek bas\u0131\u015fla sizi veya belirledi\u011finiz di\u011fer ki\u015fileri aramas\u0131n\u0131 sa\u011flar. B\u00f6ylece acil&#8230;<\/p>\n","protected":false},"featured_media":114889,"comment_status":"open","ping_status":"closed","template":"","meta":{"_kad_post_transparent":"","_kad_post_title":"","_kad_post_layout":"","_kad_post_sidebar_id":"","_kad_post_content_style":"","_kad_post_vertical_padding":"","_kad_post_feature":"","_kad_post_feature_position":"","_kad_post_header":false,"_kad_post_footer":false,"_kad_post_classname":""},"product_brand":[],"product_cat":[14935],"product_tag":[],"class_list":{"0":"post-114890","1":"product","2":"type-product","3":"status-publish","4":"has-post-thumbnail","6":"product_cat-akilli-saatler-akilli-saatler","8":"first","9":"instock","10":"purchasable","11":"product-type-simple","12":"entry","13":"content-bg","14":"loop-entry"},"_links":{"self":[{"href":"https:\/\/www.hediyepazar.com\/index.php?rest_route=\/wp\/v2\/product\/114890","targetHints":{"allow":["GET"]}}],"collection":[{"href":"https:\/\/www.hediyepazar.com\/index.php?rest_route=\/wp\/v2\/product"}],"about":[{"href":"https:\/\/www.hediyepazar.com\/index.php?rest_route=\/wp\/v2\/types\/product"}],"replies":[{"embeddable":true,"href":"https:\/\/www.hediyepazar.com\/index.php?rest_route=%2Fwp%2Fv2%2Fcomments&post=114890"}],"wp:featuredmedia":[{"embeddable":true,"href":"https:\/\/www.hediyepazar.com\/index.php?rest_route=\/wp\/v2\/media\/114889"}],"wp:attachment":[{"href":"https:\/\/www.hediyepazar.com\/index.php?rest_route=%2Fwp%2Fv2%2Fmedia&parent=114890"}],"wp:term":[{"taxonomy":"product_brand","embeddable":true,"href":"https:\/\/www.hediyepazar.com\/index.php?rest_route=%2Fwp%2Fv2%2Fproduct_brand&post=114890"},{"taxonomy":"product_cat","embeddable":true,"href":"https:\/\/www.hediyepazar.com\/index.php?rest_route=%2Fwp%2Fv2%2Fproduct_cat&post=114890"},{"taxonomy":"product_tag","embeddable":true,"href":"https:\/\/www.hediyepazar.com\/index.php?rest_route=%2Fwp%2Fv2%2Fproduct_tag&post=114890"}],"curies":[{"name":"wp","href":"https:\/\/api.w.org\/{rel}","templated":true}]}}