{"id":114894,"date":"2026-05-05T13:24:14","date_gmt":"2026-05-05T16:24:14","guid":{"rendered":"https:\/\/www.hediyepazar.com\/?product=s10-akilli-cocuk-saati-siyah-tasarim-adimsayar-ve-alarm-fonksiyonu"},"modified":"2026-05-05T13:24:14","modified_gmt":"2026-05-05T16:24:14","slug":"s10-akilli-cocuk-saati-siyah-tasarim-adimsayar-ve-alarm-fonksiyonu","status":"publish","type":"product","link":"https:\/\/www.hediyepazar.com\/?product=s10-akilli-cocuk-saati-siyah-tasarim-adimsayar-ve-alarm-fonksiyonu","title":{"rendered":"S10 Ak\u0131ll\u0131 \u00c7ocuk Saati Siyah Tasar\u0131m Ad\u0131msayar ve Alarm Fonksiyonu"},"content":{"rendered":"<p>\u00c7ocu\u011funuzun g\u00fcvenli\u011fi i\u00e7in ideal bir teknoloji sunan S10 Siyah Ak\u0131ll\u0131 \u00c7ocuk Saati, pratik kullan\u0131m\u0131 ve geli\u015fmi\u015f \u00f6zellikleriyle \u00f6ne \u00e7\u0131kar. \u00c7ift y\u00f6nl\u00fc konu\u015fma sayesinde \u00e7ocu\u011funuzla anl\u0131k ileti\u015fim kurabilir, sesli mesaj \u00f6zelli\u011fi ile kolayca haberle\u015febilirsiniz. SOS fonksiyonu, \u00e7ocu\u011funuzun acil durumlarda h\u0131zl\u0131ca sizi bilgilendirmesini sa\u011flar. Elektronik bariyer \u00f6zelli\u011fi ile ev, okul veya oyun alan\u0131 gibi g\u00fcvenli b\u00f6lgeler olu\u015fturabilir, alan d\u0131\u015f\u0131na \u00e7\u0131k\u0131ld\u0131\u011f\u0131nda an\u0131nda bildirim alabilirsiniz. Saat ayr\u0131ca harita \u00fczerinden anl\u0131k konum takibi yapar ve 30 g\u00fcn boyunca ge\u00e7mi\u015f rotalar\u0131 kay\u0131t alt\u0131nda tutar. Ad\u0131msayar \u00f6zelli\u011fi \u00e7ocu\u011funuzun g\u00fcnl\u00fck hareketlerini \u00f6l\u00e7erken, alarm fonksiyonlar\u0131 onun d\u00fczenli al\u0131\u015fkanl\u0131klar kazanmas\u0131na yard\u0131mc\u0131 olur. Siyah rengiyle zarif ve modern bir tasar\u0131ma sahip olan bu ak\u0131ll\u0131 saat, g\u00fcvenlik ve \u015f\u0131kl\u0131\u011f\u0131 bir arada sunar.<\/p>\n","protected":false},"excerpt":{"rendered":"<p>\u00c7ocu\u011funuzun g\u00fcvenli\u011fi i\u00e7in ideal bir teknoloji sunan S10 Siyah Ak\u0131ll\u0131 \u00c7ocuk Saati, pratik kullan\u0131m\u0131 ve geli\u015fmi\u015f \u00f6zellikleriyle \u00f6ne \u00e7\u0131kar. \u00c7ift y\u00f6nl\u00fc konu\u015fma sayesinde \u00e7ocu\u011funuzla anl\u0131k ileti\u015fim kurabilir, sesli mesaj \u00f6zelli\u011fi ile kolayca haberle\u015febilirsiniz. SOS fonksiyonu, \u00e7ocu\u011funuzun acil durumlarda h\u0131zl\u0131ca sizi bilgilendirmesini sa\u011flar. Elektronik bariyer \u00f6zelli\u011fi ile ev, okul veya oyun alan\u0131 gibi g\u00fcvenli b\u00f6lgeler olu\u015fturabilir,&#8230;<\/p>\n","protected":false},"featured_media":114893,"comment_status":"open","ping_status":"closed","template":"","meta":{"_kad_post_transparent":"","_kad_post_title":"","_kad_post_layout":"","_kad_post_sidebar_id":"","_kad_post_content_style":"","_kad_post_vertical_padding":"","_kad_post_feature":"","_kad_post_feature_position":"","_kad_post_header":false,"_kad_post_footer":false,"_kad_post_classname":""},"product_brand":[],"product_cat":[14935],"product_tag":[],"class_list":{"0":"post-114894","1":"product","2":"type-product","3":"status-publish","4":"has-post-thumbnail","6":"product_cat-akilli-saatler-akilli-saatler","8":"first","9":"instock","10":"purchasable","11":"product-type-simple","12":"entry","13":"content-bg","14":"loop-entry"},"_links":{"self":[{"href":"https:\/\/www.hediyepazar.com\/index.php?rest_route=\/wp\/v2\/product\/114894","targetHints":{"allow":["GET"]}}],"collection":[{"href":"https:\/\/www.hediyepazar.com\/index.php?rest_route=\/wp\/v2\/product"}],"about":[{"href":"https:\/\/www.hediyepazar.com\/index.php?rest_route=\/wp\/v2\/types\/product"}],"replies":[{"embeddable":true,"href":"https:\/\/www.hediyepazar.com\/index.php?rest_route=%2Fwp%2Fv2%2Fcomments&post=114894"}],"wp:featuredmedia":[{"embeddable":true,"href":"https:\/\/www.hediyepazar.com\/index.php?rest_route=\/wp\/v2\/media\/114893"}],"wp:attachment":[{"href":"https:\/\/www.hediyepazar.com\/index.php?rest_route=%2Fwp%2Fv2%2Fmedia&parent=114894"}],"wp:term":[{"taxonomy":"product_brand","embeddable":true,"href":"https:\/\/www.hediyepazar.com\/index.php?rest_route=%2Fwp%2Fv2%2Fproduct_brand&post=114894"},{"taxonomy":"product_cat","embeddable":true,"href":"https:\/\/www.hediyepazar.com\/index.php?rest_route=%2Fwp%2Fv2%2Fproduct_cat&post=114894"},{"taxonomy":"product_tag","embeddable":true,"href":"https:\/\/www.hediyepazar.com\/index.php?rest_route=%2Fwp%2Fv2%2Fproduct_tag&post=114894"}],"curies":[{"name":"wp","href":"https:\/\/api.w.org\/{rel}","templated":true}]}}