{"id":114904,"date":"2026-05-05T13:26:18","date_gmt":"2026-05-05T16:26:18","guid":{"rendered":"https:\/\/www.hediyepazar.com\/?product=evrensel-3-baslikli-sarj-kablosu-iphone-huawei-samsung-icin"},"modified":"2026-05-05T13:26:18","modified_gmt":"2026-05-05T16:26:18","slug":"evrensel-3-baslikli-sarj-kablosu-iphone-huawei-samsung-icin","status":"publish","type":"product","link":"https:\/\/www.hediyepazar.com\/?product=evrensel-3-baslikli-sarj-kablosu-iphone-huawei-samsung-icin","title":{"rendered":"Evrensel 3 Ba\u015fl\u0131kl\u0131 \u015earj Kablosu \u2013 iPhone Huawei Samsung \u0130\u00e7in"},"content":{"rendered":"<p>TPE ve al\u00fcminyum ala\u015f\u0131m malzeme ile \u00fcretilen bu kablo, esnekli\u011fi ve dayan\u0131kl\u0131l\u0131\u011f\u0131 ile dikkat \u00e7eker. Y\u0131pranmalara ve oksitlenmeye kar\u015f\u0131 diren\u00e7li olup uzun s\u00fcre g\u00fcvenle kullan\u0131labilir. Metal u\u00e7 yap\u0131s\u0131, s\u0131k tak\u0131p \u00e7\u0131karma i\u015flemlerinde deformasyonu \u00f6nler. Hem g\u00fcnl\u00fck kullan\u0131mda hem de yo\u011fun tempolu i\u015f hayat\u0131nda sizi yar\u0131 yolda b\u0131rakmaz. 1,2 metre kablo uzunlu\u011fu sayesinde kullan\u0131m esnas\u0131nda \u00f6zg\u00fcr hareket imk\u00e2n\u0131 sa\u011flar.<\/p>\n","protected":false},"excerpt":{"rendered":"<p>TPE ve al\u00fcminyum ala\u015f\u0131m malzeme ile \u00fcretilen bu kablo, esnekli\u011fi ve dayan\u0131kl\u0131l\u0131\u011f\u0131 ile dikkat \u00e7eker. Y\u0131pranmalara ve oksitlenmeye kar\u015f\u0131 diren\u00e7li olup uzun s\u00fcre g\u00fcvenle kullan\u0131labilir. Metal u\u00e7 yap\u0131s\u0131, s\u0131k tak\u0131p \u00e7\u0131karma i\u015flemlerinde deformasyonu \u00f6nler. Hem g\u00fcnl\u00fck kullan\u0131mda hem de yo\u011fun tempolu i\u015f hayat\u0131nda sizi yar\u0131 yolda b\u0131rakmaz. 1,2 metre kablo uzunlu\u011fu sayesinde kullan\u0131m esnas\u0131nda \u00f6zg\u00fcr&#8230;<\/p>\n","protected":false},"featured_media":114903,"comment_status":"open","ping_status":"closed","template":"","meta":{"_kad_post_transparent":"","_kad_post_title":"","_kad_post_layout":"","_kad_post_sidebar_id":"","_kad_post_content_style":"","_kad_post_vertical_padding":"","_kad_post_feature":"","_kad_post_feature_position":"","_kad_post_header":false,"_kad_post_footer":false,"_kad_post_classname":""},"product_brand":[],"product_cat":[14975],"product_tag":[],"class_list":{"0":"post-114904","1":"product","2":"type-product","3":"status-publish","4":"has-post-thumbnail","6":"product_cat-sarj-aletleri-sarj-aletleri","8":"first","9":"instock","10":"purchasable","11":"product-type-simple","12":"entry","13":"content-bg","14":"loop-entry"},"_links":{"self":[{"href":"https:\/\/www.hediyepazar.com\/index.php?rest_route=\/wp\/v2\/product\/114904","targetHints":{"allow":["GET"]}}],"collection":[{"href":"https:\/\/www.hediyepazar.com\/index.php?rest_route=\/wp\/v2\/product"}],"about":[{"href":"https:\/\/www.hediyepazar.com\/index.php?rest_route=\/wp\/v2\/types\/product"}],"replies":[{"embeddable":true,"href":"https:\/\/www.hediyepazar.com\/index.php?rest_route=%2Fwp%2Fv2%2Fcomments&post=114904"}],"wp:featuredmedia":[{"embeddable":true,"href":"https:\/\/www.hediyepazar.com\/index.php?rest_route=\/wp\/v2\/media\/114903"}],"wp:attachment":[{"href":"https:\/\/www.hediyepazar.com\/index.php?rest_route=%2Fwp%2Fv2%2Fmedia&parent=114904"}],"wp:term":[{"taxonomy":"product_brand","embeddable":true,"href":"https:\/\/www.hediyepazar.com\/index.php?rest_route=%2Fwp%2Fv2%2Fproduct_brand&post=114904"},{"taxonomy":"product_cat","embeddable":true,"href":"https:\/\/www.hediyepazar.com\/index.php?rest_route=%2Fwp%2Fv2%2Fproduct_cat&post=114904"},{"taxonomy":"product_tag","embeddable":true,"href":"https:\/\/www.hediyepazar.com\/index.php?rest_route=%2Fwp%2Fv2%2Fproduct_tag&post=114904"}],"curies":[{"name":"wp","href":"https:\/\/api.w.org\/{rel}","templated":true}]}}