{"id":114906,"date":"2026-05-05T13:28:03","date_gmt":"2026-05-05T16:28:03","guid":{"rendered":"https:\/\/www.hediyepazar.com\/?product=coklu-usb-sarj-kablosu-12m-hizli-sarj-3a-guclu-akim"},"modified":"2026-05-05T13:28:03","modified_gmt":"2026-05-05T16:28:03","slug":"coklu-usb-sarj-kablosu-12m-hizli-sarj-3a-guclu-akim","status":"publish","type":"product","link":"https:\/\/www.hediyepazar.com\/?product=coklu-usb-sarj-kablosu-12m-hizli-sarj-3a-guclu-akim","title":{"rendered":"\u00c7oklu USB \u015earj Kablosu \u2013 12m H\u0131zl\u0131 \u015earj 3A G\u00fc\u00e7l\u00fc Ak\u0131m"},"content":{"rendered":"<p>3A maksimum ak\u0131m deste\u011fi ile cihazlar\u0131n\u0131z\u0131 \u00e7ok daha h\u0131zl\u0131 \u015farj edebilirsiniz. \u0130\u00e7erisindeki 50&#215;0,08&#215;2 kalayl\u0131 bak\u0131r tel, ak\u0131m direncini d\u00fc\u015f\u00fcrerek \u015farj h\u0131z\u0131n\u0131 art\u0131r\u0131r. B\u00f6ylece telefon, tablet ve di\u011fer ak\u0131ll\u0131 cihazlar\u0131n\u0131z\u0131 k\u0131sa s\u00fcrede \u015farj edebilirsiniz. \u00c7oklu USB ba\u015fl\u0131\u011f\u0131 sayesinde ayn\u0131 anda farkl\u0131 giri\u015flere sahip cihazlar\u0131 \u015farj edebilir, zaman tasarrufu sa\u011flayabilirsiniz. Kablo yap\u0131s\u0131 b\u00fck\u00fclmelere ve \u00e7eki\u015ftirmelere kar\u015f\u0131 dayan\u0131kl\u0131d\u0131r. Seyahatlerde, ofiste ya da ara\u00e7 i\u00e7inde g\u00fcvenle kullan\u0131labilir.<\/p>\n","protected":false},"excerpt":{"rendered":"<p>3A maksimum ak\u0131m deste\u011fi ile cihazlar\u0131n\u0131z\u0131 \u00e7ok daha h\u0131zl\u0131 \u015farj edebilirsiniz. \u0130\u00e7erisindeki 50&#215;0,08&#215;2 kalayl\u0131 bak\u0131r tel, ak\u0131m direncini d\u00fc\u015f\u00fcrerek \u015farj h\u0131z\u0131n\u0131 art\u0131r\u0131r. B\u00f6ylece telefon, tablet ve di\u011fer ak\u0131ll\u0131 cihazlar\u0131n\u0131z\u0131 k\u0131sa s\u00fcrede \u015farj edebilirsiniz. \u00c7oklu USB ba\u015fl\u0131\u011f\u0131 sayesinde ayn\u0131 anda farkl\u0131 giri\u015flere sahip cihazlar\u0131 \u015farj edebilir, zaman tasarrufu sa\u011flayabilirsiniz. Kablo yap\u0131s\u0131 b\u00fck\u00fclmelere ve \u00e7eki\u015ftirmelere kar\u015f\u0131 dayan\u0131kl\u0131d\u0131r&#8230;.<\/p>\n","protected":false},"featured_media":114905,"comment_status":"open","ping_status":"closed","template":"","meta":{"_kad_post_transparent":"","_kad_post_title":"","_kad_post_layout":"","_kad_post_sidebar_id":"","_kad_post_content_style":"","_kad_post_vertical_padding":"","_kad_post_feature":"","_kad_post_feature_position":"","_kad_post_header":false,"_kad_post_footer":false,"_kad_post_classname":""},"product_brand":[],"product_cat":[14975],"product_tag":[],"class_list":{"0":"post-114906","1":"product","2":"type-product","3":"status-publish","4":"has-post-thumbnail","6":"product_cat-sarj-aletleri-sarj-aletleri","8":"first","9":"instock","10":"purchasable","11":"product-type-simple","12":"entry","13":"content-bg","14":"loop-entry"},"_links":{"self":[{"href":"https:\/\/www.hediyepazar.com\/index.php?rest_route=\/wp\/v2\/product\/114906","targetHints":{"allow":["GET"]}}],"collection":[{"href":"https:\/\/www.hediyepazar.com\/index.php?rest_route=\/wp\/v2\/product"}],"about":[{"href":"https:\/\/www.hediyepazar.com\/index.php?rest_route=\/wp\/v2\/types\/product"}],"replies":[{"embeddable":true,"href":"https:\/\/www.hediyepazar.com\/index.php?rest_route=%2Fwp%2Fv2%2Fcomments&post=114906"}],"wp:featuredmedia":[{"embeddable":true,"href":"https:\/\/www.hediyepazar.com\/index.php?rest_route=\/wp\/v2\/media\/114905"}],"wp:attachment":[{"href":"https:\/\/www.hediyepazar.com\/index.php?rest_route=%2Fwp%2Fv2%2Fmedia&parent=114906"}],"wp:term":[{"taxonomy":"product_brand","embeddable":true,"href":"https:\/\/www.hediyepazar.com\/index.php?rest_route=%2Fwp%2Fv2%2Fproduct_brand&post=114906"},{"taxonomy":"product_cat","embeddable":true,"href":"https:\/\/www.hediyepazar.com\/index.php?rest_route=%2Fwp%2Fv2%2Fproduct_cat&post=114906"},{"taxonomy":"product_tag","embeddable":true,"href":"https:\/\/www.hediyepazar.com\/index.php?rest_route=%2Fwp%2Fv2%2Fproduct_tag&post=114906"}],"curies":[{"name":"wp","href":"https:\/\/api.w.org\/{rel}","templated":true}]}}