{"id":114910,"date":"2026-05-05T13:28:13","date_gmt":"2026-05-05T16:28:13","guid":{"rendered":"https:\/\/www.hediyepazar.com\/?product=abs-malzemeli-elbise-tiftik-cikarici-cok-amacli-kullanim"},"modified":"2026-05-05T13:28:13","modified_gmt":"2026-05-05T16:28:13","slug":"abs-malzemeli-elbise-tiftik-cikarici-cok-amacli-kullanim","status":"publish","type":"product","link":"https:\/\/www.hediyepazar.com\/?product=abs-malzemeli-elbise-tiftik-cikarici-cok-amacli-kullanim","title":{"rendered":"ABS Malzemeli Elbise Tiftik \u00c7\u0131kar\u0131c\u0131 \u2013 \u00c7ok Ama\u00e7l\u0131 Kullan\u0131m"},"content":{"rendered":"<p>Tek kullan\u0131ml\u0131k yap\u0131\u015fkan rulolar yerine tekrar tekrar kullan\u0131labilen bu tiftik \u00e7\u0131kar\u0131c\u0131 top, hem b\u00fct\u00e7enize hem de do\u011faya dosttur. ABS malzeme ile \u00fcretilmi\u015ftir ve dayan\u0131kl\u0131l\u0131\u011f\u0131 sayesinde uzun s\u00fcre kullan\u0131m sa\u011flar. Yaln\u0131zca su ile temizlenerek yeniden kullan\u0131labilir. \u00c7e\u015fitli renk se\u00e7enekleri ile hem \u015f\u0131k hem de fonksiyonel bir temizlik \u00e7\u00f6z\u00fcm\u00fc sunar. Giysilerinizin her zaman temiz ve d\u00fczenli g\u00f6r\u00fcnmesini sa\u011flar. Evcil hayvan t\u00fcylerini temizlemede m\u00fckemmel sonu\u00e7 verir, ayr\u0131ca hal\u0131, yatak, kanepe ve masa \u00f6rt\u00fcs\u00fc gibi y\u00fczeylerde de kullan\u0131labilir.<\/p>\n","protected":false},"excerpt":{"rendered":"<p>Tek kullan\u0131ml\u0131k yap\u0131\u015fkan rulolar yerine tekrar tekrar kullan\u0131labilen bu tiftik \u00e7\u0131kar\u0131c\u0131 top, hem b\u00fct\u00e7enize hem de do\u011faya dosttur. ABS malzeme ile \u00fcretilmi\u015ftir ve dayan\u0131kl\u0131l\u0131\u011f\u0131 sayesinde uzun s\u00fcre kullan\u0131m sa\u011flar. Yaln\u0131zca su ile temizlenerek yeniden kullan\u0131labilir. \u00c7e\u015fitli renk se\u00e7enekleri ile hem \u015f\u0131k hem de fonksiyonel bir temizlik \u00e7\u00f6z\u00fcm\u00fc sunar. Giysilerinizin her zaman temiz ve d\u00fczenli g\u00f6r\u00fcnmesini&#8230;<\/p>\n","protected":false},"featured_media":114909,"comment_status":"open","ping_status":"closed","template":"","meta":{"_kad_post_transparent":"","_kad_post_title":"","_kad_post_layout":"","_kad_post_sidebar_id":"","_kad_post_content_style":"","_kad_post_vertical_padding":"","_kad_post_feature":"","_kad_post_feature_position":"","_kad_post_header":false,"_kad_post_footer":false,"_kad_post_classname":""},"product_brand":[],"product_cat":[15006],"product_tag":[],"class_list":{"0":"post-114910","1":"product","2":"type-product","3":"status-publish","4":"has-post-thumbnail","6":"product_cat-tuy-toplayici-tuy-toplayici","8":"first","9":"instock","10":"purchasable","11":"product-type-simple","12":"entry","13":"content-bg","14":"loop-entry"},"_links":{"self":[{"href":"https:\/\/www.hediyepazar.com\/index.php?rest_route=\/wp\/v2\/product\/114910","targetHints":{"allow":["GET"]}}],"collection":[{"href":"https:\/\/www.hediyepazar.com\/index.php?rest_route=\/wp\/v2\/product"}],"about":[{"href":"https:\/\/www.hediyepazar.com\/index.php?rest_route=\/wp\/v2\/types\/product"}],"replies":[{"embeddable":true,"href":"https:\/\/www.hediyepazar.com\/index.php?rest_route=%2Fwp%2Fv2%2Fcomments&post=114910"}],"wp:featuredmedia":[{"embeddable":true,"href":"https:\/\/www.hediyepazar.com\/index.php?rest_route=\/wp\/v2\/media\/114909"}],"wp:attachment":[{"href":"https:\/\/www.hediyepazar.com\/index.php?rest_route=%2Fwp%2Fv2%2Fmedia&parent=114910"}],"wp:term":[{"taxonomy":"product_brand","embeddable":true,"href":"https:\/\/www.hediyepazar.com\/index.php?rest_route=%2Fwp%2Fv2%2Fproduct_brand&post=114910"},{"taxonomy":"product_cat","embeddable":true,"href":"https:\/\/www.hediyepazar.com\/index.php?rest_route=%2Fwp%2Fv2%2Fproduct_cat&post=114910"},{"taxonomy":"product_tag","embeddable":true,"href":"https:\/\/www.hediyepazar.com\/index.php?rest_route=%2Fwp%2Fv2%2Fproduct_tag&post=114910"}],"curies":[{"name":"wp","href":"https:\/\/api.w.org\/{rel}","templated":true}]}}