{"id":114912,"date":"2026-05-05T13:28:19","date_gmt":"2026-05-05T16:28:19","guid":{"rendered":"https:\/\/www.hediyepazar.com\/?product=kumas-dostu-tiftik-cikarici-kiyafet-ve-hali-temizlik-topu"},"modified":"2026-05-05T13:28:19","modified_gmt":"2026-05-05T16:28:19","slug":"kumas-dostu-tiftik-cikarici-kiyafet-ve-hali-temizlik-topu","status":"publish","type":"product","link":"https:\/\/www.hediyepazar.com\/?product=kumas-dostu-tiftik-cikarici-kiyafet-ve-hali-temizlik-topu","title":{"rendered":"Kuma\u015f Dostu Tiftik \u00c7\u0131kar\u0131c\u0131 \u2013 K\u0131yafet ve Hal\u0131 Temizlik Topu"},"content":{"rendered":"<p>Elbise Tiftik \u00c7\u0131kar\u0131c\u0131 Top, 6.8&#215;6.8 cm boyutlar\u0131yla elde rahat tutu\u015f sa\u011flar ve kolayca ta\u015f\u0131nabilir. Ceket cebinde, el \u00e7antas\u0131nda veya seyahat valizinde rahatl\u0131kla saklanabilir. \u0130\u015f toplant\u0131s\u0131 \u00f6ncesinde k\u0131yafetlerinizi temizlemek, yolculukta giysilerinizi taze tutmak veya evde h\u0131zl\u0131 temizlik yapmak i\u00e7in idealdir. K\u0131yafetlerde, hal\u0131larda ve mobilyalarda biriken sa\u00e7, t\u00fcy, iplik ve tozlar\u0131 kolayca toplar. ABS malzemesi sayesinde uzun \u00f6m\u00fcrl\u00fcd\u00fcr. Kullan\u0131m\u0131 basittir; toplad\u0131\u011f\u0131 t\u00fcyler haznede birikir, hazneyi \u00e7\u0131kart\u0131p su ile y\u0131kayarak temizleyebilirsiniz. B\u00f6ylece hem hijyenik hem de s\u00fcrd\u00fcr\u00fclebilir bir kullan\u0131m sa\u011flar.<\/p>\n","protected":false},"excerpt":{"rendered":"<p>Elbise Tiftik \u00c7\u0131kar\u0131c\u0131 Top, 6.8&#215;6.8 cm boyutlar\u0131yla elde rahat tutu\u015f sa\u011flar ve kolayca ta\u015f\u0131nabilir. Ceket cebinde, el \u00e7antas\u0131nda veya seyahat valizinde rahatl\u0131kla saklanabilir. \u0130\u015f toplant\u0131s\u0131 \u00f6ncesinde k\u0131yafetlerinizi temizlemek, yolculukta giysilerinizi taze tutmak veya evde h\u0131zl\u0131 temizlik yapmak i\u00e7in idealdir. K\u0131yafetlerde, hal\u0131larda ve mobilyalarda biriken sa\u00e7, t\u00fcy, iplik ve tozlar\u0131 kolayca toplar. ABS malzemesi sayesinde uzun&#8230;<\/p>\n","protected":false},"featured_media":114911,"comment_status":"open","ping_status":"closed","template":"","meta":{"_kad_post_transparent":"","_kad_post_title":"","_kad_post_layout":"","_kad_post_sidebar_id":"","_kad_post_content_style":"","_kad_post_vertical_padding":"","_kad_post_feature":"","_kad_post_feature_position":"","_kad_post_header":false,"_kad_post_footer":false,"_kad_post_classname":""},"product_brand":[],"product_cat":[15006],"product_tag":[],"class_list":{"0":"post-114912","1":"product","2":"type-product","3":"status-publish","4":"has-post-thumbnail","6":"product_cat-tuy-toplayici-tuy-toplayici","8":"first","9":"instock","10":"purchasable","11":"product-type-simple","12":"entry","13":"content-bg","14":"loop-entry"},"_links":{"self":[{"href":"https:\/\/www.hediyepazar.com\/index.php?rest_route=\/wp\/v2\/product\/114912","targetHints":{"allow":["GET"]}}],"collection":[{"href":"https:\/\/www.hediyepazar.com\/index.php?rest_route=\/wp\/v2\/product"}],"about":[{"href":"https:\/\/www.hediyepazar.com\/index.php?rest_route=\/wp\/v2\/types\/product"}],"replies":[{"embeddable":true,"href":"https:\/\/www.hediyepazar.com\/index.php?rest_route=%2Fwp%2Fv2%2Fcomments&post=114912"}],"wp:featuredmedia":[{"embeddable":true,"href":"https:\/\/www.hediyepazar.com\/index.php?rest_route=\/wp\/v2\/media\/114911"}],"wp:attachment":[{"href":"https:\/\/www.hediyepazar.com\/index.php?rest_route=%2Fwp%2Fv2%2Fmedia&parent=114912"}],"wp:term":[{"taxonomy":"product_brand","embeddable":true,"href":"https:\/\/www.hediyepazar.com\/index.php?rest_route=%2Fwp%2Fv2%2Fproduct_brand&post=114912"},{"taxonomy":"product_cat","embeddable":true,"href":"https:\/\/www.hediyepazar.com\/index.php?rest_route=%2Fwp%2Fv2%2Fproduct_cat&post=114912"},{"taxonomy":"product_tag","embeddable":true,"href":"https:\/\/www.hediyepazar.com\/index.php?rest_route=%2Fwp%2Fv2%2Fproduct_tag&post=114912"}],"curies":[{"name":"wp","href":"https:\/\/api.w.org\/{rel}","templated":true}]}}