{"id":114914,"date":"2026-05-05T13:29:31","date_gmt":"2026-05-05T16:29:31","guid":{"rendered":"https:\/\/www.hediyepazar.com\/?product=kompakt-ve-tasinabilir-tuy-temizleme-topu-su-ile-kolay-temizlik"},"modified":"2026-05-05T13:29:31","modified_gmt":"2026-05-05T16:29:31","slug":"kompakt-ve-tasinabilir-tuy-temizleme-topu-su-ile-kolay-temizlik","status":"publish","type":"product","link":"https:\/\/www.hediyepazar.com\/?product=kompakt-ve-tasinabilir-tuy-temizleme-topu-su-ile-kolay-temizlik","title":{"rendered":"Kompakt ve Ta\u015f\u0131nabilir T\u00fcy Temizleme Topu \u2013 Su ile Kolay Temizlik"},"content":{"rendered":"<p>Evcil hayvan t\u00fcyleri \u00e7o\u011fu zaman k\u0131yafetlere, mobilyalara ve yataklara yap\u0131\u015farak b\u00fcy\u00fck bir sorun haline gelir. Elbise Tiftik \u00c7\u0131kar\u0131c\u0131 Top, bu sorunu pratik \u015fekilde ortadan kald\u0131r\u0131r. Kedi ve k\u00f6pek t\u00fcylerini h\u0131zla toplar, kuma\u015f y\u00fczeylere zarar vermeden temizler. Kompakt boyutu sayesinde yan\u0131n\u0131zda kolayca ta\u015f\u0131yabilir, ihtiyac\u0131n\u0131z oldu\u011funda an\u0131nda kullanabilirsiniz. Yeniden kullan\u0131labilir yap\u0131s\u0131yla hem ekonomik hem de \u00e7evre dostudur. Sadece akan su alt\u0131nda durulayarak temizleyebilirsiniz. Zarif tasar\u0131m\u0131 sayesinde evde, i\u015fte veya seyahatte her an kullan\u0131ma haz\u0131rd\u0131r. T\u00fcm y\u00fczeylerde etkili sonu\u00e7 verir ve hijyenik bir ortam sa\u011flar.<\/p>\n","protected":false},"excerpt":{"rendered":"<p>Evcil hayvan t\u00fcyleri \u00e7o\u011fu zaman k\u0131yafetlere, mobilyalara ve yataklara yap\u0131\u015farak b\u00fcy\u00fck bir sorun haline gelir. Elbise Tiftik \u00c7\u0131kar\u0131c\u0131 Top, bu sorunu pratik \u015fekilde ortadan kald\u0131r\u0131r. Kedi ve k\u00f6pek t\u00fcylerini h\u0131zla toplar, kuma\u015f y\u00fczeylere zarar vermeden temizler. Kompakt boyutu sayesinde yan\u0131n\u0131zda kolayca ta\u015f\u0131yabilir, ihtiyac\u0131n\u0131z oldu\u011funda an\u0131nda kullanabilirsiniz. Yeniden kullan\u0131labilir yap\u0131s\u0131yla hem ekonomik hem de \u00e7evre dostudur&#8230;.<\/p>\n","protected":false},"featured_media":114913,"comment_status":"open","ping_status":"closed","template":"","meta":{"_kad_post_transparent":"","_kad_post_title":"","_kad_post_layout":"","_kad_post_sidebar_id":"","_kad_post_content_style":"","_kad_post_vertical_padding":"","_kad_post_feature":"","_kad_post_feature_position":"","_kad_post_header":false,"_kad_post_footer":false,"_kad_post_classname":""},"product_brand":[],"product_cat":[15006],"product_tag":[],"class_list":{"0":"post-114914","1":"product","2":"type-product","3":"status-publish","4":"has-post-thumbnail","6":"product_cat-tuy-toplayici-tuy-toplayici","8":"first","9":"instock","10":"purchasable","11":"product-type-simple","12":"entry","13":"content-bg","14":"loop-entry"},"_links":{"self":[{"href":"https:\/\/www.hediyepazar.com\/index.php?rest_route=\/wp\/v2\/product\/114914","targetHints":{"allow":["GET"]}}],"collection":[{"href":"https:\/\/www.hediyepazar.com\/index.php?rest_route=\/wp\/v2\/product"}],"about":[{"href":"https:\/\/www.hediyepazar.com\/index.php?rest_route=\/wp\/v2\/types\/product"}],"replies":[{"embeddable":true,"href":"https:\/\/www.hediyepazar.com\/index.php?rest_route=%2Fwp%2Fv2%2Fcomments&post=114914"}],"wp:featuredmedia":[{"embeddable":true,"href":"https:\/\/www.hediyepazar.com\/index.php?rest_route=\/wp\/v2\/media\/114913"}],"wp:attachment":[{"href":"https:\/\/www.hediyepazar.com\/index.php?rest_route=%2Fwp%2Fv2%2Fmedia&parent=114914"}],"wp:term":[{"taxonomy":"product_brand","embeddable":true,"href":"https:\/\/www.hediyepazar.com\/index.php?rest_route=%2Fwp%2Fv2%2Fproduct_brand&post=114914"},{"taxonomy":"product_cat","embeddable":true,"href":"https:\/\/www.hediyepazar.com\/index.php?rest_route=%2Fwp%2Fv2%2Fproduct_cat&post=114914"},{"taxonomy":"product_tag","embeddable":true,"href":"https:\/\/www.hediyepazar.com\/index.php?rest_route=%2Fwp%2Fv2%2Fproduct_tag&post=114914"}],"curies":[{"name":"wp","href":"https:\/\/api.w.org\/{rel}","templated":true}]}}