{"id":114920,"date":"2026-05-05T13:29:48","date_gmt":"2026-05-05T16:29:48","guid":{"rendered":"https:\/\/www.hediyepazar.com\/?product=guclu-manyetik-arac-telefon-tutucu-gps-navigasyon-icin-ideal"},"modified":"2026-05-05T13:29:48","modified_gmt":"2026-05-05T16:29:48","slug":"guclu-manyetik-arac-telefon-tutucu-gps-navigasyon-icin-ideal","status":"publish","type":"product","link":"https:\/\/www.hediyepazar.com\/?product=guclu-manyetik-arac-telefon-tutucu-gps-navigasyon-icin-ideal","title":{"rendered":"G\u00fc\u00e7l\u00fc Manyetik Ara\u00e7 Telefon Tutucu \u2013 GPS Navigasyon \u0130\u00e7in \u0130deal"},"content":{"rendered":"<p>Montaj i\u00e7in herhangi bir alete gerek yoktur. Mandall\u0131 tasar\u0131m\u0131 sayesinde sadece kalorifer \u0131zgaras\u0131na takman\u0131z yeterlidir. Tek elle kullan\u0131m\u0131 sayesinde telefonunuzu kolayca yerle\u015ftirip \u00e7\u0131karabilirsiniz. Uzun yolculuklarda, \u015fehir i\u00e7i trafikte ya da g\u00fcnl\u00fck kullan\u0131mda hayat\u0131n\u0131z\u0131 kolayla\u015ft\u0131r\u0131r. Sars\u0131nt\u0131 ge\u00e7irmez tasar\u0131m\u0131 sayesinde engebeli yollarda bile telefonunuz sabit kal\u0131r. Hafif ve kompakt yap\u0131s\u0131 ile arac\u0131n\u0131zda fazla yer kaplamaz.<\/p>\n","protected":false},"excerpt":{"rendered":"<p>Montaj i\u00e7in herhangi bir alete gerek yoktur. Mandall\u0131 tasar\u0131m\u0131 sayesinde sadece kalorifer \u0131zgaras\u0131na takman\u0131z yeterlidir. Tek elle kullan\u0131m\u0131 sayesinde telefonunuzu kolayca yerle\u015ftirip \u00e7\u0131karabilirsiniz. Uzun yolculuklarda, \u015fehir i\u00e7i trafikte ya da g\u00fcnl\u00fck kullan\u0131mda hayat\u0131n\u0131z\u0131 kolayla\u015ft\u0131r\u0131r. Sars\u0131nt\u0131 ge\u00e7irmez tasar\u0131m\u0131 sayesinde engebeli yollarda bile telefonunuz sabit kal\u0131r. Hafif ve kompakt yap\u0131s\u0131 ile arac\u0131n\u0131zda fazla yer kaplamaz.<\/p>\n","protected":false},"featured_media":114919,"comment_status":"open","ping_status":"closed","template":"","meta":{"_kad_post_transparent":"","_kad_post_title":"","_kad_post_layout":"","_kad_post_sidebar_id":"","_kad_post_content_style":"","_kad_post_vertical_padding":"","_kad_post_feature":"","_kad_post_feature_position":"","_kad_post_header":false,"_kad_post_footer":false,"_kad_post_classname":""},"product_brand":[],"product_cat":[14983],"product_tag":[],"class_list":{"0":"post-114920","1":"product","2":"type-product","3":"status-publish","4":"has-post-thumbnail","6":"product_cat-telefon-tutucu-telefon-tutucu","8":"first","9":"instock","10":"purchasable","11":"product-type-simple","12":"entry","13":"content-bg","14":"loop-entry"},"_links":{"self":[{"href":"https:\/\/www.hediyepazar.com\/index.php?rest_route=\/wp\/v2\/product\/114920","targetHints":{"allow":["GET"]}}],"collection":[{"href":"https:\/\/www.hediyepazar.com\/index.php?rest_route=\/wp\/v2\/product"}],"about":[{"href":"https:\/\/www.hediyepazar.com\/index.php?rest_route=\/wp\/v2\/types\/product"}],"replies":[{"embeddable":true,"href":"https:\/\/www.hediyepazar.com\/index.php?rest_route=%2Fwp%2Fv2%2Fcomments&post=114920"}],"wp:featuredmedia":[{"embeddable":true,"href":"https:\/\/www.hediyepazar.com\/index.php?rest_route=\/wp\/v2\/media\/114919"}],"wp:attachment":[{"href":"https:\/\/www.hediyepazar.com\/index.php?rest_route=%2Fwp%2Fv2%2Fmedia&parent=114920"}],"wp:term":[{"taxonomy":"product_brand","embeddable":true,"href":"https:\/\/www.hediyepazar.com\/index.php?rest_route=%2Fwp%2Fv2%2Fproduct_brand&post=114920"},{"taxonomy":"product_cat","embeddable":true,"href":"https:\/\/www.hediyepazar.com\/index.php?rest_route=%2Fwp%2Fv2%2Fproduct_cat&post=114920"},{"taxonomy":"product_tag","embeddable":true,"href":"https:\/\/www.hediyepazar.com\/index.php?rest_route=%2Fwp%2Fv2%2Fproduct_tag&post=114920"}],"curies":[{"name":"wp","href":"https:\/\/api.w.org\/{rel}","templated":true}]}}