{"id":114922,"date":"2026-05-05T13:30:36","date_gmt":"2026-05-05T16:30:36","guid":{"rendered":"https:\/\/www.hediyepazar.com\/?product=360-ayarlanabilir-arac-telefon-tutucu-tum-telefonlarla-uyumlu"},"modified":"2026-05-05T13:30:36","modified_gmt":"2026-05-05T16:30:36","slug":"360-ayarlanabilir-arac-telefon-tutucu-tum-telefonlarla-uyumlu","status":"publish","type":"product","link":"https:\/\/www.hediyepazar.com\/?product=360-ayarlanabilir-arac-telefon-tutucu-tum-telefonlarla-uyumlu","title":{"rendered":"360\u00b0 Ayarlanabilir Ara\u00e7 Telefon Tutucu \u2013 T\u00fcm Telefonlarla Uyumlu"},"content":{"rendered":"<p>Bu manyetik ara\u00e7 telefon tutucu, hem g\u00fc\u00e7l\u00fc m\u0131knat\u0131s g\u00fcc\u00fc hem de sa\u011flam klipsi ile maksimum g\u00fcvenlik sa\u011flar. Telefonunuz bir kez sabitlendi\u011finde kaymaz, d\u00fc\u015fmez. Arac\u0131n\u0131z\u0131n kalorifer \u0131zgaras\u0131na zarar vermeden s\u0131k\u0131ca tutunur. 360\u00b0 d\u00f6nebilir \u00f6zelli\u011fi sayesinde farkl\u0131 s\u00fcr\u00fc\u015f ko\u015fullar\u0131na uygun konumland\u0131rma imk\u00e2n\u0131 sunar. Telefon g\u00f6r\u00fc\u015fmelerinde, m\u00fczik dinlerken ya da navigasyon kullan\u0131rken g\u00f6z\u00fcn\u00fcz\u00fc yoldan ay\u0131rmadan kolay eri\u015fim sa\u011flar. \u015e\u0131k ve minimalist tasar\u0131m\u0131yla arac\u0131n\u0131z\u0131n i\u00e7 mek\u00e2n\u0131na estetik bir dokunu\u015f yapar.<\/p>\n","protected":false},"excerpt":{"rendered":"<p>Bu manyetik ara\u00e7 telefon tutucu, hem g\u00fc\u00e7l\u00fc m\u0131knat\u0131s g\u00fcc\u00fc hem de sa\u011flam klipsi ile maksimum g\u00fcvenlik sa\u011flar. Telefonunuz bir kez sabitlendi\u011finde kaymaz, d\u00fc\u015fmez. Arac\u0131n\u0131z\u0131n kalorifer \u0131zgaras\u0131na zarar vermeden s\u0131k\u0131ca tutunur. 360\u00b0 d\u00f6nebilir \u00f6zelli\u011fi sayesinde farkl\u0131 s\u00fcr\u00fc\u015f ko\u015fullar\u0131na uygun konumland\u0131rma imk\u00e2n\u0131 sunar. Telefon g\u00f6r\u00fc\u015fmelerinde, m\u00fczik dinlerken ya da navigasyon kullan\u0131rken g\u00f6z\u00fcn\u00fcz\u00fc yoldan ay\u0131rmadan kolay eri\u015fim sa\u011flar&#8230;.<\/p>\n","protected":false},"featured_media":114921,"comment_status":"open","ping_status":"closed","template":"","meta":{"_kad_post_transparent":"","_kad_post_title":"","_kad_post_layout":"","_kad_post_sidebar_id":"","_kad_post_content_style":"","_kad_post_vertical_padding":"","_kad_post_feature":"","_kad_post_feature_position":"","_kad_post_header":false,"_kad_post_footer":false,"_kad_post_classname":""},"product_brand":[],"product_cat":[14983],"product_tag":[],"class_list":{"0":"post-114922","1":"product","2":"type-product","3":"status-publish","4":"has-post-thumbnail","6":"product_cat-telefon-tutucu-telefon-tutucu","8":"first","9":"instock","10":"purchasable","11":"product-type-simple","12":"entry","13":"content-bg","14":"loop-entry"},"_links":{"self":[{"href":"https:\/\/www.hediyepazar.com\/index.php?rest_route=\/wp\/v2\/product\/114922","targetHints":{"allow":["GET"]}}],"collection":[{"href":"https:\/\/www.hediyepazar.com\/index.php?rest_route=\/wp\/v2\/product"}],"about":[{"href":"https:\/\/www.hediyepazar.com\/index.php?rest_route=\/wp\/v2\/types\/product"}],"replies":[{"embeddable":true,"href":"https:\/\/www.hediyepazar.com\/index.php?rest_route=%2Fwp%2Fv2%2Fcomments&post=114922"}],"wp:featuredmedia":[{"embeddable":true,"href":"https:\/\/www.hediyepazar.com\/index.php?rest_route=\/wp\/v2\/media\/114921"}],"wp:attachment":[{"href":"https:\/\/www.hediyepazar.com\/index.php?rest_route=%2Fwp%2Fv2%2Fmedia&parent=114922"}],"wp:term":[{"taxonomy":"product_brand","embeddable":true,"href":"https:\/\/www.hediyepazar.com\/index.php?rest_route=%2Fwp%2Fv2%2Fproduct_brand&post=114922"},{"taxonomy":"product_cat","embeddable":true,"href":"https:\/\/www.hediyepazar.com\/index.php?rest_route=%2Fwp%2Fv2%2Fproduct_cat&post=114922"},{"taxonomy":"product_tag","embeddable":true,"href":"https:\/\/www.hediyepazar.com\/index.php?rest_route=%2Fwp%2Fv2%2Fproduct_tag&post=114922"}],"curies":[{"name":"wp","href":"https:\/\/api.w.org\/{rel}","templated":true}]}}