{"id":114924,"date":"2026-05-05T13:30:42","date_gmt":"2026-05-05T16:30:42","guid":{"rendered":"https:\/\/www.hediyepazar.com\/?product=kalorifer-izgarali-manyetik-telefon-tutucu-sarsinti-gecirmez"},"modified":"2026-05-05T13:30:42","modified_gmt":"2026-05-05T16:30:42","slug":"kalorifer-izgarali-manyetik-telefon-tutucu-sarsinti-gecirmez","status":"publish","type":"product","link":"https:\/\/www.hediyepazar.com\/?product=kalorifer-izgarali-manyetik-telefon-tutucu-sarsinti-gecirmez","title":{"rendered":"Kalorifer Izgaral\u0131 Manyetik Telefon Tutucu \u2013 Sars\u0131nt\u0131 Ge\u00e7irmez"},"content":{"rendered":"<p>Bu ara\u00e7 i\u00e7i manyetik telefon tutucu, iOS ve Android fark etmeksizin t\u00fcm telefon modelleri ile uyumludur. B\u00fcy\u00fck ekranl\u0131 telefonlarda bile g\u00fc\u00e7l\u00fc m\u0131knat\u0131s \u00e7ekim g\u00fcc\u00fc sayesinde d\u00fc\u015fme veya kayma ya\u015fanmaz. Kalorifer peteklerine kolayca tak\u0131l\u0131r ve mandal\u0131 sayesinde sa\u011flam \u015fekilde sabitlenir. Hafif, kompakt ve \u015f\u0131k tasar\u0131m\u0131 sayesinde ara\u00e7 i\u00e7inde yer kaplamaz. Telefonunuzu kolayca tak\u0131p \u00e7\u0131karabilir, tek elle kullan\u0131m rahatl\u0131\u011f\u0131 ya\u015fayabilirsiniz.<\/p>\n","protected":false},"excerpt":{"rendered":"<p>Bu ara\u00e7 i\u00e7i manyetik telefon tutucu, iOS ve Android fark etmeksizin t\u00fcm telefon modelleri ile uyumludur. B\u00fcy\u00fck ekranl\u0131 telefonlarda bile g\u00fc\u00e7l\u00fc m\u0131knat\u0131s \u00e7ekim g\u00fcc\u00fc sayesinde d\u00fc\u015fme veya kayma ya\u015fanmaz. Kalorifer peteklerine kolayca tak\u0131l\u0131r ve mandal\u0131 sayesinde sa\u011flam \u015fekilde sabitlenir. Hafif, kompakt ve \u015f\u0131k tasar\u0131m\u0131 sayesinde ara\u00e7 i\u00e7inde yer kaplamaz. Telefonunuzu kolayca tak\u0131p \u00e7\u0131karabilir, tek elle&#8230;<\/p>\n","protected":false},"featured_media":114923,"comment_status":"open","ping_status":"closed","template":"","meta":{"_kad_post_transparent":"","_kad_post_title":"","_kad_post_layout":"","_kad_post_sidebar_id":"","_kad_post_content_style":"","_kad_post_vertical_padding":"","_kad_post_feature":"","_kad_post_feature_position":"","_kad_post_header":false,"_kad_post_footer":false,"_kad_post_classname":""},"product_brand":[],"product_cat":[14983],"product_tag":[],"class_list":{"0":"post-114924","1":"product","2":"type-product","3":"status-publish","4":"has-post-thumbnail","6":"product_cat-telefon-tutucu-telefon-tutucu","8":"first","9":"instock","10":"purchasable","11":"product-type-simple","12":"entry","13":"content-bg","14":"loop-entry"},"_links":{"self":[{"href":"https:\/\/www.hediyepazar.com\/index.php?rest_route=\/wp\/v2\/product\/114924","targetHints":{"allow":["GET"]}}],"collection":[{"href":"https:\/\/www.hediyepazar.com\/index.php?rest_route=\/wp\/v2\/product"}],"about":[{"href":"https:\/\/www.hediyepazar.com\/index.php?rest_route=\/wp\/v2\/types\/product"}],"replies":[{"embeddable":true,"href":"https:\/\/www.hediyepazar.com\/index.php?rest_route=%2Fwp%2Fv2%2Fcomments&post=114924"}],"wp:featuredmedia":[{"embeddable":true,"href":"https:\/\/www.hediyepazar.com\/index.php?rest_route=\/wp\/v2\/media\/114923"}],"wp:attachment":[{"href":"https:\/\/www.hediyepazar.com\/index.php?rest_route=%2Fwp%2Fv2%2Fmedia&parent=114924"}],"wp:term":[{"taxonomy":"product_brand","embeddable":true,"href":"https:\/\/www.hediyepazar.com\/index.php?rest_route=%2Fwp%2Fv2%2Fproduct_brand&post=114924"},{"taxonomy":"product_cat","embeddable":true,"href":"https:\/\/www.hediyepazar.com\/index.php?rest_route=%2Fwp%2Fv2%2Fproduct_cat&post=114924"},{"taxonomy":"product_tag","embeddable":true,"href":"https:\/\/www.hediyepazar.com\/index.php?rest_route=%2Fwp%2Fv2%2Fproduct_tag&post=114924"}],"curies":[{"name":"wp","href":"https:\/\/api.w.org\/{rel}","templated":true}]}}