{"id":114926,"date":"2026-05-05T13:30:48","date_gmt":"2026-05-05T16:30:48","guid":{"rendered":"https:\/\/www.hediyepazar.com\/?product=guclu-miknatisli-arac-ici-telefon-tutucu-evrensel-uyum"},"modified":"2026-05-05T13:30:48","modified_gmt":"2026-05-05T16:30:48","slug":"guclu-miknatisli-arac-ici-telefon-tutucu-evrensel-uyum","status":"publish","type":"product","link":"https:\/\/www.hediyepazar.com\/?product=guclu-miknatisli-arac-ici-telefon-tutucu-evrensel-uyum","title":{"rendered":"G\u00fc\u00e7l\u00fc M\u0131knat\u0131sl\u0131 Ara\u00e7 \u0130\u00e7i Telefon Tutucu \u2013 Evrensel Uyum"},"content":{"rendered":"<p>Telefonunuzu kullan\u0131rken en rahat g\u00f6r\u00fc\u015f a\u00e7\u0131s\u0131n\u0131 elde etmek i\u00e7in bu manyetik tutucu 360\u00b0 d\u00f6nebilen bir yap\u0131ya sahiptir. Yatay ya da dikey konumland\u0131rarak navigasyon, \u00e7a\u011fr\u0131 yan\u0131tlama veya m\u00fczik dinleme gibi i\u015flevleri kolayca ger\u00e7ekle\u015ftirebilirsiniz. G\u00fc\u00e7l\u00fc m\u0131knat\u0131s\u0131 sayesinde telefonunuz sabit kal\u0131r, mandall\u0131 yap\u0131s\u0131 ile kalorifer \u0131zgaras\u0131na sa\u011flam \u015fekilde tutunur. T\u00fcm telefon modellerine uyumludur ve kurulumu son derece basittir. Montaj i\u00e7in ek aparata gerek yoktur. Arac\u0131n\u0131zda hem g\u00fcvenli\u011fi hem de pratikli\u011fi art\u0131r\u0131r.<\/p>\n","protected":false},"excerpt":{"rendered":"<p>Telefonunuzu kullan\u0131rken en rahat g\u00f6r\u00fc\u015f a\u00e7\u0131s\u0131n\u0131 elde etmek i\u00e7in bu manyetik tutucu 360\u00b0 d\u00f6nebilen bir yap\u0131ya sahiptir. Yatay ya da dikey konumland\u0131rarak navigasyon, \u00e7a\u011fr\u0131 yan\u0131tlama veya m\u00fczik dinleme gibi i\u015flevleri kolayca ger\u00e7ekle\u015ftirebilirsiniz. G\u00fc\u00e7l\u00fc m\u0131knat\u0131s\u0131 sayesinde telefonunuz sabit kal\u0131r, mandall\u0131 yap\u0131s\u0131 ile kalorifer \u0131zgaras\u0131na sa\u011flam \u015fekilde tutunur. T\u00fcm telefon modellerine uyumludur ve kurulumu son derece basittir&#8230;.<\/p>\n","protected":false},"featured_media":114925,"comment_status":"open","ping_status":"closed","template":"","meta":{"_kad_post_transparent":"","_kad_post_title":"","_kad_post_layout":"","_kad_post_sidebar_id":"","_kad_post_content_style":"","_kad_post_vertical_padding":"","_kad_post_feature":"","_kad_post_feature_position":"","_kad_post_header":false,"_kad_post_footer":false,"_kad_post_classname":""},"product_brand":[],"product_cat":[14983],"product_tag":[],"class_list":{"0":"post-114926","1":"product","2":"type-product","3":"status-publish","4":"has-post-thumbnail","6":"product_cat-telefon-tutucu-telefon-tutucu","8":"first","9":"instock","10":"purchasable","11":"product-type-simple","12":"entry","13":"content-bg","14":"loop-entry"},"_links":{"self":[{"href":"https:\/\/www.hediyepazar.com\/index.php?rest_route=\/wp\/v2\/product\/114926","targetHints":{"allow":["GET"]}}],"collection":[{"href":"https:\/\/www.hediyepazar.com\/index.php?rest_route=\/wp\/v2\/product"}],"about":[{"href":"https:\/\/www.hediyepazar.com\/index.php?rest_route=\/wp\/v2\/types\/product"}],"replies":[{"embeddable":true,"href":"https:\/\/www.hediyepazar.com\/index.php?rest_route=%2Fwp%2Fv2%2Fcomments&post=114926"}],"wp:featuredmedia":[{"embeddable":true,"href":"https:\/\/www.hediyepazar.com\/index.php?rest_route=\/wp\/v2\/media\/114925"}],"wp:attachment":[{"href":"https:\/\/www.hediyepazar.com\/index.php?rest_route=%2Fwp%2Fv2%2Fmedia&parent=114926"}],"wp:term":[{"taxonomy":"product_brand","embeddable":true,"href":"https:\/\/www.hediyepazar.com\/index.php?rest_route=%2Fwp%2Fv2%2Fproduct_brand&post=114926"},{"taxonomy":"product_cat","embeddable":true,"href":"https:\/\/www.hediyepazar.com\/index.php?rest_route=%2Fwp%2Fv2%2Fproduct_cat&post=114926"},{"taxonomy":"product_tag","embeddable":true,"href":"https:\/\/www.hediyepazar.com\/index.php?rest_route=%2Fwp%2Fv2%2Fproduct_tag&post=114926"}],"curies":[{"name":"wp","href":"https:\/\/api.w.org\/{rel}","templated":true}]}}