{"id":114928,"date":"2026-05-05T13:30:54","date_gmt":"2026-05-05T16:30:54","guid":{"rendered":"https:\/\/www.hediyepazar.com\/?product=manyetik-arac-telefon-tutucu-360-doner-kalorifer-petekli"},"modified":"2026-05-05T13:30:54","modified_gmt":"2026-05-05T16:30:54","slug":"manyetik-arac-telefon-tutucu-360-doner-kalorifer-petekli","status":"publish","type":"product","link":"https:\/\/www.hediyepazar.com\/?product=manyetik-arac-telefon-tutucu-360-doner-kalorifer-petekli","title":{"rendered":"Manyetik Ara\u00e7 Telefon Tutucu \u2013 360\u00b0 D\u00f6ner Kalorifer Petekli"},"content":{"rendered":"<p>Bu manyetik ara\u00e7 telefon tutucu, g\u00fc\u00e7l\u00fc m\u0131knat\u0131s teknolojisi sayesinde telefonunuzu sars\u0131nt\u0131s\u0131z ve g\u00fcvenli \u015fekilde sabitler. Ani frenlerde, bozuk yollarda ya da virajlarda dahi telefonunuz kaymaz ve d\u00fc\u015fmez. Kalorifer petekli ara\u00e7lara birebir uyum sa\u011flayan sa\u011flam klips yap\u0131s\u0131 sayesinde kolayca monte edilir ve uzun s\u00fcre dayan\u0131kl\u0131l\u0131\u011f\u0131n\u0131 korur. 360\u00b0 d\u00f6nebilen tasar\u0131m\u0131 sayesinde telefonunuzu yatay ya da dikey olarak kullanabilirsiniz. GPS navigasyon uygulamalar\u0131nda g\u00fcvenle tercih edebilir, s\u00fcr\u00fc\u015f s\u0131ras\u0131nda kolayca kontrol edebilirsiniz. T\u00fcm telefon modelleri ile uyumludur. \u015e\u0131k ve minimal tasar\u0131m\u0131 ara\u00e7 i\u00e7i dekorunuza uyum sa\u011flar.<\/p>\n","protected":false},"excerpt":{"rendered":"<p>Bu manyetik ara\u00e7 telefon tutucu, g\u00fc\u00e7l\u00fc m\u0131knat\u0131s teknolojisi sayesinde telefonunuzu sars\u0131nt\u0131s\u0131z ve g\u00fcvenli \u015fekilde sabitler. Ani frenlerde, bozuk yollarda ya da virajlarda dahi telefonunuz kaymaz ve d\u00fc\u015fmez. Kalorifer petekli ara\u00e7lara birebir uyum sa\u011flayan sa\u011flam klips yap\u0131s\u0131 sayesinde kolayca monte edilir ve uzun s\u00fcre dayan\u0131kl\u0131l\u0131\u011f\u0131n\u0131 korur. 360\u00b0 d\u00f6nebilen tasar\u0131m\u0131 sayesinde telefonunuzu yatay ya da dikey olarak&#8230;<\/p>\n","protected":false},"featured_media":114927,"comment_status":"open","ping_status":"closed","template":"","meta":{"_kad_post_transparent":"","_kad_post_title":"","_kad_post_layout":"","_kad_post_sidebar_id":"","_kad_post_content_style":"","_kad_post_vertical_padding":"","_kad_post_feature":"","_kad_post_feature_position":"","_kad_post_header":false,"_kad_post_footer":false,"_kad_post_classname":""},"product_brand":[],"product_cat":[14983],"product_tag":[],"class_list":{"0":"post-114928","1":"product","2":"type-product","3":"status-publish","4":"has-post-thumbnail","6":"product_cat-telefon-tutucu-telefon-tutucu","8":"first","9":"instock","10":"purchasable","11":"product-type-simple","12":"entry","13":"content-bg","14":"loop-entry"},"_links":{"self":[{"href":"https:\/\/www.hediyepazar.com\/index.php?rest_route=\/wp\/v2\/product\/114928","targetHints":{"allow":["GET"]}}],"collection":[{"href":"https:\/\/www.hediyepazar.com\/index.php?rest_route=\/wp\/v2\/product"}],"about":[{"href":"https:\/\/www.hediyepazar.com\/index.php?rest_route=\/wp\/v2\/types\/product"}],"replies":[{"embeddable":true,"href":"https:\/\/www.hediyepazar.com\/index.php?rest_route=%2Fwp%2Fv2%2Fcomments&post=114928"}],"wp:featuredmedia":[{"embeddable":true,"href":"https:\/\/www.hediyepazar.com\/index.php?rest_route=\/wp\/v2\/media\/114927"}],"wp:attachment":[{"href":"https:\/\/www.hediyepazar.com\/index.php?rest_route=%2Fwp%2Fv2%2Fmedia&parent=114928"}],"wp:term":[{"taxonomy":"product_brand","embeddable":true,"href":"https:\/\/www.hediyepazar.com\/index.php?rest_route=%2Fwp%2Fv2%2Fproduct_brand&post=114928"},{"taxonomy":"product_cat","embeddable":true,"href":"https:\/\/www.hediyepazar.com\/index.php?rest_route=%2Fwp%2Fv2%2Fproduct_cat&post=114928"},{"taxonomy":"product_tag","embeddable":true,"href":"https:\/\/www.hediyepazar.com\/index.php?rest_route=%2Fwp%2Fv2%2Fproduct_tag&post=114928"}],"curies":[{"name":"wp","href":"https:\/\/api.w.org\/{rel}","templated":true}]}}