{"id":114930,"date":"2026-05-05T13:31:04","date_gmt":"2026-05-05T16:31:04","guid":{"rendered":"https:\/\/www.hediyepazar.com\/?product=usb-sarjli-kablosuz-sac-duzlestirici-seyahat-ve-gunluk-kullanim"},"modified":"2026-05-05T13:31:04","modified_gmt":"2026-05-05T16:31:04","slug":"usb-sarjli-kablosuz-sac-duzlestirici-seyahat-ve-gunluk-kullanim","status":"publish","type":"product","link":"https:\/\/www.hediyepazar.com\/?product=usb-sarjli-kablosuz-sac-duzlestirici-seyahat-ve-gunluk-kullanim","title":{"rendered":"USB \u015earjl\u0131 Kablosuz Sa\u00e7 D\u00fczle\u015ftirici \u2013 Seyahat ve G\u00fcnl\u00fck Kullan\u0131m"},"content":{"rendered":"<p>Farkl\u0131 sa\u00e7 tiplerine uygun ayarlanabilir s\u0131cakl\u0131k ayar\u0131 sayesinde, ince telli sa\u00e7lardan kal\u0131n telli sa\u00e7lara kadar g\u00fcvenle kullan\u0131labilir. Kendi sa\u00e7 tipinize en uygun s\u0131cakl\u0131\u011f\u0131 se\u00e7erek hem sa\u00e7 sa\u011fl\u0131\u011f\u0131n\u0131z\u0131 koruyun hem de en iyi \u015fekillendirme sonucunu elde edin.<\/p>\n","protected":false},"excerpt":{"rendered":"<p>Farkl\u0131 sa\u00e7 tiplerine uygun ayarlanabilir s\u0131cakl\u0131k ayar\u0131 sayesinde, ince telli sa\u00e7lardan kal\u0131n telli sa\u00e7lara kadar g\u00fcvenle kullan\u0131labilir. Kendi sa\u00e7 tipinize en uygun s\u0131cakl\u0131\u011f\u0131 se\u00e7erek hem sa\u00e7 sa\u011fl\u0131\u011f\u0131n\u0131z\u0131 koruyun hem de en iyi \u015fekillendirme sonucunu elde edin.<\/p>\n","protected":false},"featured_media":114929,"comment_status":"open","ping_status":"closed","template":"","meta":{"_kad_post_transparent":"","_kad_post_title":"","_kad_post_layout":"","_kad_post_sidebar_id":"","_kad_post_content_style":"","_kad_post_vertical_padding":"","_kad_post_feature":"","_kad_post_feature_position":"","_kad_post_header":false,"_kad_post_footer":false,"_kad_post_classname":""},"product_brand":[],"product_cat":[14907],"product_tag":[],"class_list":{"0":"post-114930","1":"product","2":"type-product","3":"status-publish","4":"has-post-thumbnail","6":"product_cat-sac-masasi-sac-masasi","8":"first","9":"instock","10":"purchasable","11":"product-type-simple","12":"entry","13":"content-bg","14":"loop-entry"},"_links":{"self":[{"href":"https:\/\/www.hediyepazar.com\/index.php?rest_route=\/wp\/v2\/product\/114930","targetHints":{"allow":["GET"]}}],"collection":[{"href":"https:\/\/www.hediyepazar.com\/index.php?rest_route=\/wp\/v2\/product"}],"about":[{"href":"https:\/\/www.hediyepazar.com\/index.php?rest_route=\/wp\/v2\/types\/product"}],"replies":[{"embeddable":true,"href":"https:\/\/www.hediyepazar.com\/index.php?rest_route=%2Fwp%2Fv2%2Fcomments&post=114930"}],"wp:featuredmedia":[{"embeddable":true,"href":"https:\/\/www.hediyepazar.com\/index.php?rest_route=\/wp\/v2\/media\/114929"}],"wp:attachment":[{"href":"https:\/\/www.hediyepazar.com\/index.php?rest_route=%2Fwp%2Fv2%2Fmedia&parent=114930"}],"wp:term":[{"taxonomy":"product_brand","embeddable":true,"href":"https:\/\/www.hediyepazar.com\/index.php?rest_route=%2Fwp%2Fv2%2Fproduct_brand&post=114930"},{"taxonomy":"product_cat","embeddable":true,"href":"https:\/\/www.hediyepazar.com\/index.php?rest_route=%2Fwp%2Fv2%2Fproduct_cat&post=114930"},{"taxonomy":"product_tag","embeddable":true,"href":"https:\/\/www.hediyepazar.com\/index.php?rest_route=%2Fwp%2Fv2%2Fproduct_tag&post=114930"}],"curies":[{"name":"wp","href":"https:\/\/api.w.org\/{rel}","templated":true}]}}