{"id":114934,"date":"2026-05-05T13:31:18","date_gmt":"2026-05-05T16:31:18","guid":{"rendered":"https:\/\/www.hediyepazar.com\/?product=tasinabilir-sac-duzlestirici-tarak-ayarlanabilir-isi-kontrollu"},"modified":"2026-05-05T13:31:18","modified_gmt":"2026-05-05T16:31:18","slug":"tasinabilir-sac-duzlestirici-tarak-ayarlanabilir-isi-kontrollu","status":"publish","type":"product","link":"https:\/\/www.hediyepazar.com\/?product=tasinabilir-sac-duzlestirici-tarak-ayarlanabilir-isi-kontrollu","title":{"rendered":"Ta\u015f\u0131nabilir Sa\u00e7 D\u00fczle\u015ftirici Tarak \u2013 Ayarlanabilir Is\u0131 Kontroll\u00fc"},"content":{"rendered":"<p>Kompakt boyutlar\u0131 sayesinde bu kablosuz sa\u00e7 d\u00fczle\u015ftirici tarak, seyahatlerde ya da g\u00fcnl\u00fck kullan\u0131mda en b\u00fcy\u00fck yard\u0131mc\u0131n\u0131z olur. \u00c7antan\u0131za kolayca s\u0131\u011far ve ihtiya\u00e7 duydu\u011funuz anda sa\u00e7\u0131n\u0131za h\u0131zl\u0131ca m\u00fcdahale edebilirsiniz. \u0130\u015fte, okulda ya da davetlerde kusursuz g\u00f6r\u00fcnmek i\u00e7in idealdir.<\/p>\n","protected":false},"excerpt":{"rendered":"<p>Kompakt boyutlar\u0131 sayesinde bu kablosuz sa\u00e7 d\u00fczle\u015ftirici tarak, seyahatlerde ya da g\u00fcnl\u00fck kullan\u0131mda en b\u00fcy\u00fck yard\u0131mc\u0131n\u0131z olur. \u00c7antan\u0131za kolayca s\u0131\u011far ve ihtiya\u00e7 duydu\u011funuz anda sa\u00e7\u0131n\u0131za h\u0131zl\u0131ca m\u00fcdahale edebilirsiniz. \u0130\u015fte, okulda ya da davetlerde kusursuz g\u00f6r\u00fcnmek i\u00e7in idealdir.<\/p>\n","protected":false},"featured_media":114933,"comment_status":"open","ping_status":"closed","template":"","meta":{"_kad_post_transparent":"","_kad_post_title":"","_kad_post_layout":"","_kad_post_sidebar_id":"","_kad_post_content_style":"","_kad_post_vertical_padding":"","_kad_post_feature":"","_kad_post_feature_position":"","_kad_post_header":false,"_kad_post_footer":false,"_kad_post_classname":""},"product_brand":[],"product_cat":[14907],"product_tag":[],"class_list":{"0":"post-114934","1":"product","2":"type-product","3":"status-publish","4":"has-post-thumbnail","6":"product_cat-sac-masasi-sac-masasi","8":"first","9":"instock","10":"purchasable","11":"product-type-simple","12":"entry","13":"content-bg","14":"loop-entry"},"_links":{"self":[{"href":"https:\/\/www.hediyepazar.com\/index.php?rest_route=\/wp\/v2\/product\/114934","targetHints":{"allow":["GET"]}}],"collection":[{"href":"https:\/\/www.hediyepazar.com\/index.php?rest_route=\/wp\/v2\/product"}],"about":[{"href":"https:\/\/www.hediyepazar.com\/index.php?rest_route=\/wp\/v2\/types\/product"}],"replies":[{"embeddable":true,"href":"https:\/\/www.hediyepazar.com\/index.php?rest_route=%2Fwp%2Fv2%2Fcomments&post=114934"}],"wp:featuredmedia":[{"embeddable":true,"href":"https:\/\/www.hediyepazar.com\/index.php?rest_route=\/wp\/v2\/media\/114933"}],"wp:attachment":[{"href":"https:\/\/www.hediyepazar.com\/index.php?rest_route=%2Fwp%2Fv2%2Fmedia&parent=114934"}],"wp:term":[{"taxonomy":"product_brand","embeddable":true,"href":"https:\/\/www.hediyepazar.com\/index.php?rest_route=%2Fwp%2Fv2%2Fproduct_brand&post=114934"},{"taxonomy":"product_cat","embeddable":true,"href":"https:\/\/www.hediyepazar.com\/index.php?rest_route=%2Fwp%2Fv2%2Fproduct_cat&post=114934"},{"taxonomy":"product_tag","embeddable":true,"href":"https:\/\/www.hediyepazar.com\/index.php?rest_route=%2Fwp%2Fv2%2Fproduct_tag&post=114934"}],"curies":[{"name":"wp","href":"https:\/\/api.w.org\/{rel}","templated":true}]}}