{"id":114936,"date":"2026-05-05T13:31:25","date_gmt":"2026-05-05T16:31:25","guid":{"rendered":"https:\/\/www.hediyepazar.com\/?product=usb-sarjli-kablosuz-sac-duzlestirici-hizli-ve-pratik"},"modified":"2026-05-05T13:31:25","modified_gmt":"2026-05-05T16:31:25","slug":"usb-sarjli-kablosuz-sac-duzlestirici-hizli-ve-pratik","status":"publish","type":"product","link":"https:\/\/www.hediyepazar.com\/?product=usb-sarjli-kablosuz-sac-duzlestirici-hizli-ve-pratik","title":{"rendered":"USB \u015earjl\u0131 Kablosuz Sa\u00e7 D\u00fczle\u015ftirici \u2013 H\u0131zl\u0131 ve Pratik"},"content":{"rendered":"<p>USB \u015farj edilebilir \u00f6zelli\u011fi ile bu sa\u00e7 d\u00fczle\u015ftirici tarak, her ortamda kolay kullan\u0131m imk\u00e2n\u0131 sunar. Laptop, powerbank ya da herhangi bir USB uyumlu cihaz \u00fczerinden kolayca \u015farj edebilirsiniz. Kablo karma\u015fas\u0131na son veren bu pratik \u00e7\u00f6z\u00fcm, zamandan tasarruf sa\u011flar ve g\u00fcn boyu bak\u0131ml\u0131 kalman\u0131za yard\u0131mc\u0131 olur.<\/p>\n","protected":false},"excerpt":{"rendered":"<p>USB \u015farj edilebilir \u00f6zelli\u011fi ile bu sa\u00e7 d\u00fczle\u015ftirici tarak, her ortamda kolay kullan\u0131m imk\u00e2n\u0131 sunar. Laptop, powerbank ya da herhangi bir USB uyumlu cihaz \u00fczerinden kolayca \u015farj edebilirsiniz. Kablo karma\u015fas\u0131na son veren bu pratik \u00e7\u00f6z\u00fcm, zamandan tasarruf sa\u011flar ve g\u00fcn boyu bak\u0131ml\u0131 kalman\u0131za yard\u0131mc\u0131 olur.<\/p>\n","protected":false},"featured_media":114935,"comment_status":"open","ping_status":"closed","template":"","meta":{"_kad_post_transparent":"","_kad_post_title":"","_kad_post_layout":"","_kad_post_sidebar_id":"","_kad_post_content_style":"","_kad_post_vertical_padding":"","_kad_post_feature":"","_kad_post_feature_position":"","_kad_post_header":false,"_kad_post_footer":false,"_kad_post_classname":""},"product_brand":[],"product_cat":[14907],"product_tag":[],"class_list":{"0":"post-114936","1":"product","2":"type-product","3":"status-publish","4":"has-post-thumbnail","6":"product_cat-sac-masasi-sac-masasi","8":"first","9":"instock","10":"purchasable","11":"product-type-simple","12":"entry","13":"content-bg","14":"loop-entry"},"_links":{"self":[{"href":"https:\/\/www.hediyepazar.com\/index.php?rest_route=\/wp\/v2\/product\/114936","targetHints":{"allow":["GET"]}}],"collection":[{"href":"https:\/\/www.hediyepazar.com\/index.php?rest_route=\/wp\/v2\/product"}],"about":[{"href":"https:\/\/www.hediyepazar.com\/index.php?rest_route=\/wp\/v2\/types\/product"}],"replies":[{"embeddable":true,"href":"https:\/\/www.hediyepazar.com\/index.php?rest_route=%2Fwp%2Fv2%2Fcomments&post=114936"}],"wp:featuredmedia":[{"embeddable":true,"href":"https:\/\/www.hediyepazar.com\/index.php?rest_route=\/wp\/v2\/media\/114935"}],"wp:attachment":[{"href":"https:\/\/www.hediyepazar.com\/index.php?rest_route=%2Fwp%2Fv2%2Fmedia&parent=114936"}],"wp:term":[{"taxonomy":"product_brand","embeddable":true,"href":"https:\/\/www.hediyepazar.com\/index.php?rest_route=%2Fwp%2Fv2%2Fproduct_brand&post=114936"},{"taxonomy":"product_cat","embeddable":true,"href":"https:\/\/www.hediyepazar.com\/index.php?rest_route=%2Fwp%2Fv2%2Fproduct_cat&post=114936"},{"taxonomy":"product_tag","embeddable":true,"href":"https:\/\/www.hediyepazar.com\/index.php?rest_route=%2Fwp%2Fv2%2Fproduct_tag&post=114936"}],"curies":[{"name":"wp","href":"https:\/\/api.w.org\/{rel}","templated":true}]}}