{"id":114950,"date":"2026-05-05T13:33:01","date_gmt":"2026-05-05T16:33:01","guid":{"rendered":"https:\/\/www.hediyepazar.com\/?product=enerji-tasarruflu-3x3-led-isik-parti-yilbasi-ve-organizasyon"},"modified":"2026-05-05T13:33:01","modified_gmt":"2026-05-05T16:33:01","slug":"enerji-tasarruflu-3x3-led-isik-parti-yilbasi-ve-organizasyon","status":"publish","type":"product","link":"https:\/\/www.hediyepazar.com\/?product=enerji-tasarruflu-3x3-led-isik-parti-yilbasi-ve-organizasyon","title":{"rendered":"Enerji Tasarruflu 3&#215;3 LED I\u015f\u0131k \u2013 Parti Y\u0131lba\u015f\u0131 ve Organizasyon"},"content":{"rendered":"<p>3&#215;3 metre perde LED \u0131\u015f\u0131k, s\u0131cak beyaz LED\u2019leri sayesinde romantik ve huzurlu bir ortam olu\u015fturur. \u00d6zellikle verandalar, pergolalar, arka bah\u00e7eler ve balkonlar i\u00e7in ideal dekoratif \u00e7\u00f6z\u00fcmd\u00fcr. S\u0131cak \u0131\u015f\u0131\u011f\u0131 ile g\u00f6z yormaz, bulundu\u011fu ortam\u0131 daha estetik ve davetk\u00e2r hale getirir. \u015eelale tarz\u0131ndaki tasar\u0131m\u0131 sayesinde hem g\u00fcnd\u00fcz hem de gece kullan\u0131ld\u0131\u011f\u0131nda farkl\u0131 bir atmosfer katar. Uzun \u00f6m\u00fcrl\u00fc LED yap\u0131s\u0131 sayesinde s\u0131k s\u0131k de\u011fi\u015ftirme gerektirmez ve enerji tasarrufu sa\u011flar. Hem g\u00fcnl\u00fck kullan\u0131m hem de \u00f6zel g\u00fcnler i\u00e7in pratik ve \u015f\u0131k bir se\u00e7imdir.<\/p>\n","protected":false},"excerpt":{"rendered":"<p>3&#215;3 metre perde LED \u0131\u015f\u0131k, s\u0131cak beyaz LED\u2019leri sayesinde romantik ve huzurlu bir ortam olu\u015fturur. \u00d6zellikle verandalar, pergolalar, arka bah\u00e7eler ve balkonlar i\u00e7in ideal dekoratif \u00e7\u00f6z\u00fcmd\u00fcr. S\u0131cak \u0131\u015f\u0131\u011f\u0131 ile g\u00f6z yormaz, bulundu\u011fu ortam\u0131 daha estetik ve davetk\u00e2r hale getirir. \u015eelale tarz\u0131ndaki tasar\u0131m\u0131 sayesinde hem g\u00fcnd\u00fcz hem de gece kullan\u0131ld\u0131\u011f\u0131nda farkl\u0131 bir atmosfer katar. Uzun \u00f6m\u00fcrl\u00fc&#8230;<\/p>\n","protected":false},"featured_media":114949,"comment_status":"open","ping_status":"closed","template":"","meta":{"_kad_post_transparent":"","_kad_post_title":"","_kad_post_layout":"","_kad_post_sidebar_id":"","_kad_post_content_style":"","_kad_post_vertical_padding":"","_kad_post_feature":"","_kad_post_feature_position":"","_kad_post_header":false,"_kad_post_footer":false,"_kad_post_classname":""},"product_brand":[],"product_cat":[14933],"product_tag":[],"class_list":{"0":"post-114950","1":"product","2":"type-product","3":"status-publish","4":"has-post-thumbnail","6":"product_cat-led-isik-led-isik","8":"first","9":"instock","10":"purchasable","11":"product-type-simple","12":"entry","13":"content-bg","14":"loop-entry"},"_links":{"self":[{"href":"https:\/\/www.hediyepazar.com\/index.php?rest_route=\/wp\/v2\/product\/114950","targetHints":{"allow":["GET"]}}],"collection":[{"href":"https:\/\/www.hediyepazar.com\/index.php?rest_route=\/wp\/v2\/product"}],"about":[{"href":"https:\/\/www.hediyepazar.com\/index.php?rest_route=\/wp\/v2\/types\/product"}],"replies":[{"embeddable":true,"href":"https:\/\/www.hediyepazar.com\/index.php?rest_route=%2Fwp%2Fv2%2Fcomments&post=114950"}],"wp:featuredmedia":[{"embeddable":true,"href":"https:\/\/www.hediyepazar.com\/index.php?rest_route=\/wp\/v2\/media\/114949"}],"wp:attachment":[{"href":"https:\/\/www.hediyepazar.com\/index.php?rest_route=%2Fwp%2Fv2%2Fmedia&parent=114950"}],"wp:term":[{"taxonomy":"product_brand","embeddable":true,"href":"https:\/\/www.hediyepazar.com\/index.php?rest_route=%2Fwp%2Fv2%2Fproduct_brand&post=114950"},{"taxonomy":"product_cat","embeddable":true,"href":"https:\/\/www.hediyepazar.com\/index.php?rest_route=%2Fwp%2Fv2%2Fproduct_cat&post=114950"},{"taxonomy":"product_tag","embeddable":true,"href":"https:\/\/www.hediyepazar.com\/index.php?rest_route=%2Fwp%2Fv2%2Fproduct_tag&post=114950"}],"curies":[{"name":"wp","href":"https:\/\/api.w.org\/{rel}","templated":true}]}}