{"id":114954,"date":"2026-05-05T13:33:10","date_gmt":"2026-05-05T16:33:10","guid":{"rendered":"https:\/\/www.hediyepazar.com\/?product=300-led-perde-isik-sicak-beyaz-dekoratif-aydinlatma"},"modified":"2026-05-05T13:33:10","modified_gmt":"2026-05-05T16:33:10","slug":"300-led-perde-isik-sicak-beyaz-dekoratif-aydinlatma","status":"publish","type":"product","link":"https:\/\/www.hediyepazar.com\/?product=300-led-perde-isik-sicak-beyaz-dekoratif-aydinlatma","title":{"rendered":"300 LED Perde I\u015f\u0131k \u2013 S\u0131cak Beyaz Dekoratif Ayd\u0131nlatma"},"content":{"rendered":"<p>3&#215;3 metre perde LED \u0131\u015f\u0131k, ev dekorasyonundan bah\u00e7e s\u00fcslemelerine, d\u00fc\u011f\u00fcn organizasyonlar\u0131ndan kafe ve restoran dekorasyonlar\u0131na kadar pek \u00e7ok alanda kullan\u0131labilir. Yaln\u0131zca bir \u0131\u015f\u0131kland\u0131rma \u00fcr\u00fcn\u00fc de\u011fil, ayn\u0131 zamanda bulundu\u011fu mek\u00e2na \u015f\u0131kl\u0131k katan dekoratif bir \u00e7\u00f6z\u00fcmd\u00fcr. \u00c7ad\u0131r, pergola, veranda, balkon ve arka bah\u00e7elerde harika bir atmosfer olu\u015fturur. Ayn\u0131 zamanda y\u0131lba\u015f\u0131, d\u00fc\u011f\u00fcn, do\u011fum g\u00fcn\u00fc gibi \u00f6zel g\u00fcnlerde ortam\u0131n odak noktas\u0131 olur. Kolay kurulumu, enerji tasarruflu LED teknolojisi ve uzun \u00f6m\u00fcrl\u00fc yap\u0131s\u0131yla pratik ve ekonomik bir \u00e7\u00f6z\u00fcmd\u00fcr.<\/p>\n","protected":false},"excerpt":{"rendered":"<p>3&#215;3 metre perde LED \u0131\u015f\u0131k, ev dekorasyonundan bah\u00e7e s\u00fcslemelerine, d\u00fc\u011f\u00fcn organizasyonlar\u0131ndan kafe ve restoran dekorasyonlar\u0131na kadar pek \u00e7ok alanda kullan\u0131labilir. Yaln\u0131zca bir \u0131\u015f\u0131kland\u0131rma \u00fcr\u00fcn\u00fc de\u011fil, ayn\u0131 zamanda bulundu\u011fu mek\u00e2na \u015f\u0131kl\u0131k katan dekoratif bir \u00e7\u00f6z\u00fcmd\u00fcr. \u00c7ad\u0131r, pergola, veranda, balkon ve arka bah\u00e7elerde harika bir atmosfer olu\u015fturur. Ayn\u0131 zamanda y\u0131lba\u015f\u0131, d\u00fc\u011f\u00fcn, do\u011fum g\u00fcn\u00fc gibi \u00f6zel g\u00fcnlerde ortam\u0131n&#8230;<\/p>\n","protected":false},"featured_media":114953,"comment_status":"open","ping_status":"closed","template":"","meta":{"_kad_post_transparent":"","_kad_post_title":"","_kad_post_layout":"","_kad_post_sidebar_id":"","_kad_post_content_style":"","_kad_post_vertical_padding":"","_kad_post_feature":"","_kad_post_feature_position":"","_kad_post_header":false,"_kad_post_footer":false,"_kad_post_classname":""},"product_brand":[],"product_cat":[14933],"product_tag":[],"class_list":{"0":"post-114954","1":"product","2":"type-product","3":"status-publish","4":"has-post-thumbnail","6":"product_cat-led-isik-led-isik","8":"first","9":"instock","10":"purchasable","11":"product-type-simple","12":"entry","13":"content-bg","14":"loop-entry"},"_links":{"self":[{"href":"https:\/\/www.hediyepazar.com\/index.php?rest_route=\/wp\/v2\/product\/114954","targetHints":{"allow":["GET"]}}],"collection":[{"href":"https:\/\/www.hediyepazar.com\/index.php?rest_route=\/wp\/v2\/product"}],"about":[{"href":"https:\/\/www.hediyepazar.com\/index.php?rest_route=\/wp\/v2\/types\/product"}],"replies":[{"embeddable":true,"href":"https:\/\/www.hediyepazar.com\/index.php?rest_route=%2Fwp%2Fv2%2Fcomments&post=114954"}],"wp:featuredmedia":[{"embeddable":true,"href":"https:\/\/www.hediyepazar.com\/index.php?rest_route=\/wp\/v2\/media\/114953"}],"wp:attachment":[{"href":"https:\/\/www.hediyepazar.com\/index.php?rest_route=%2Fwp%2Fv2%2Fmedia&parent=114954"}],"wp:term":[{"taxonomy":"product_brand","embeddable":true,"href":"https:\/\/www.hediyepazar.com\/index.php?rest_route=%2Fwp%2Fv2%2Fproduct_brand&post=114954"},{"taxonomy":"product_cat","embeddable":true,"href":"https:\/\/www.hediyepazar.com\/index.php?rest_route=%2Fwp%2Fv2%2Fproduct_cat&post=114954"},{"taxonomy":"product_tag","embeddable":true,"href":"https:\/\/www.hediyepazar.com\/index.php?rest_route=%2Fwp%2Fv2%2Fproduct_tag&post=114954"}],"curies":[{"name":"wp","href":"https:\/\/api.w.org\/{rel}","templated":true}]}}