{"id":114956,"date":"2026-05-05T13:33:16","date_gmt":"2026-05-05T16:33:16","guid":{"rendered":"https:\/\/www.hediyepazar.com\/?product=selale-tasarimli-perde-led-dugun-ve-ozel-gun-isiklari"},"modified":"2026-05-05T13:33:16","modified_gmt":"2026-05-05T16:33:16","slug":"selale-tasarimli-perde-led-dugun-ve-ozel-gun-isiklari","status":"publish","type":"product","link":"https:\/\/www.hediyepazar.com\/?product=selale-tasarimli-perde-led-dugun-ve-ozel-gun-isiklari","title":{"rendered":"\u015eelale Tasar\u0131ml\u0131 Perde LED \u2013 D\u00fc\u011f\u00fcn ve \u00d6zel G\u00fcn I\u015f\u0131klar\u0131"},"content":{"rendered":"<p>Bah\u00e7enizi ya da balkonunuzu daha davetk\u00e2r ve estetik g\u00f6stermek istiyorsan\u0131z, bu perde LED \u0131\u015f\u0131k tam size g\u00f6re! 3&#215;3 metre boyutlar\u0131yla geni\u015f alanlar\u0131 kaplayarak muhte\u015fem bir \u0131\u015f\u0131kland\u0131rma sa\u011flar. Bah\u00e7ede ak\u015fam yemekleri, \u00e7ad\u0131r kamp dekorasyonlar\u0131, veranda s\u00fcslemeleri i\u00e7in ideal bir se\u00e7imdir. Ayr\u0131ca restoran, kafe ve bistrolarda dekoratif \u0131\u015f\u0131kland\u0131rma \u00e7\u00f6z\u00fcm\u00fc olarak da tercih edilebilir. S\u0131cak LED \u0131\u015f\u0131klar\u0131 ile a\u011fa\u00e7lar\u0131n\u0131z\u0131, \u00e7i\u00e7eklerinizi ve oturma alanlar\u0131n\u0131z\u0131 b\u00fcy\u00fcleyici hale getirir. Plastik kaplamas\u0131 sayesinde g\u00fcvenli kullan\u0131m sunar, dayan\u0131kl\u0131 yap\u0131s\u0131 uzun \u00f6m\u00fcrl\u00fc kullan\u0131m imk\u00e2n\u0131 verir.<\/p>\n","protected":false},"excerpt":{"rendered":"<p>Bah\u00e7enizi ya da balkonunuzu daha davetk\u00e2r ve estetik g\u00f6stermek istiyorsan\u0131z, bu perde LED \u0131\u015f\u0131k tam size g\u00f6re! 3&#215;3 metre boyutlar\u0131yla geni\u015f alanlar\u0131 kaplayarak muhte\u015fem bir \u0131\u015f\u0131kland\u0131rma sa\u011flar. Bah\u00e7ede ak\u015fam yemekleri, \u00e7ad\u0131r kamp dekorasyonlar\u0131, veranda s\u00fcslemeleri i\u00e7in ideal bir se\u00e7imdir. Ayr\u0131ca restoran, kafe ve bistrolarda dekoratif \u0131\u015f\u0131kland\u0131rma \u00e7\u00f6z\u00fcm\u00fc olarak da tercih edilebilir. S\u0131cak LED \u0131\u015f\u0131klar\u0131 ile&#8230;<\/p>\n","protected":false},"featured_media":114955,"comment_status":"open","ping_status":"closed","template":"","meta":{"_kad_post_transparent":"","_kad_post_title":"","_kad_post_layout":"","_kad_post_sidebar_id":"","_kad_post_content_style":"","_kad_post_vertical_padding":"","_kad_post_feature":"","_kad_post_feature_position":"","_kad_post_header":false,"_kad_post_footer":false,"_kad_post_classname":""},"product_brand":[],"product_cat":[14933],"product_tag":[],"class_list":{"0":"post-114956","1":"product","2":"type-product","3":"status-publish","4":"has-post-thumbnail","6":"product_cat-led-isik-led-isik","8":"first","9":"instock","10":"purchasable","11":"product-type-simple","12":"entry","13":"content-bg","14":"loop-entry"},"_links":{"self":[{"href":"https:\/\/www.hediyepazar.com\/index.php?rest_route=\/wp\/v2\/product\/114956","targetHints":{"allow":["GET"]}}],"collection":[{"href":"https:\/\/www.hediyepazar.com\/index.php?rest_route=\/wp\/v2\/product"}],"about":[{"href":"https:\/\/www.hediyepazar.com\/index.php?rest_route=\/wp\/v2\/types\/product"}],"replies":[{"embeddable":true,"href":"https:\/\/www.hediyepazar.com\/index.php?rest_route=%2Fwp%2Fv2%2Fcomments&post=114956"}],"wp:featuredmedia":[{"embeddable":true,"href":"https:\/\/www.hediyepazar.com\/index.php?rest_route=\/wp\/v2\/media\/114955"}],"wp:attachment":[{"href":"https:\/\/www.hediyepazar.com\/index.php?rest_route=%2Fwp%2Fv2%2Fmedia&parent=114956"}],"wp:term":[{"taxonomy":"product_brand","embeddable":true,"href":"https:\/\/www.hediyepazar.com\/index.php?rest_route=%2Fwp%2Fv2%2Fproduct_brand&post=114956"},{"taxonomy":"product_cat","embeddable":true,"href":"https:\/\/www.hediyepazar.com\/index.php?rest_route=%2Fwp%2Fv2%2Fproduct_cat&post=114956"},{"taxonomy":"product_tag","embeddable":true,"href":"https:\/\/www.hediyepazar.com\/index.php?rest_route=%2Fwp%2Fv2%2Fproduct_tag&post=114956"}],"curies":[{"name":"wp","href":"https:\/\/api.w.org\/{rel}","templated":true}]}}