{"id":114958,"date":"2026-05-05T13:33:20","date_gmt":"2026-05-05T16:33:20","guid":{"rendered":"https:\/\/www.hediyepazar.com\/?product=3x3-metre-perde-led-isik-parti-ve-bahce-dekorasyonu"},"modified":"2026-05-05T13:33:20","modified_gmt":"2026-05-05T16:33:20","slug":"3x3-metre-perde-led-isik-parti-ve-bahce-dekorasyonu","status":"publish","type":"product","link":"https:\/\/www.hediyepazar.com\/?product=3x3-metre-perde-led-isik-parti-ve-bahce-dekorasyonu","title":{"rendered":"3&#215;3 Metre Perde LED I\u015f\u0131k \u2013 Parti ve Bah\u00e7e Dekorasyonu"},"content":{"rendered":"<p>3&#215;3 metre perde LED \u0131\u015f\u0131k, \u00f6zel g\u00fcnlerinize s\u0131cak ve b\u00fcy\u00fcleyici bir atmosfer katmak i\u00e7in tasarlanm\u0131\u015ft\u0131r. Y\u0131lba\u015f\u0131, do\u011fum g\u00fcn\u00fc, d\u00fc\u011f\u00fcn, ni\u015fan ya da arkada\u015f toplant\u0131lar\u0131nda mekan\u0131n\u0131za an\u0131nda \u015fenlik havas\u0131 verir. S\u0131cak beyaz LED \u0131\u015f\u0131klar\u0131 sayesinde ortam\u0131 romantik, huzurlu ve dikkat \u00e7ekici bir hale getirir. Dayan\u0131kl\u0131 malzemesi sayesinde hem i\u00e7 hem de d\u0131\u015f mekanda g\u00fcvenle kullan\u0131labilir. \u015eelale tasar\u0131m\u0131, \u00f6zellikle arka bah\u00e7eler, verandalar, pergolalar ve \u00e7ad\u0131r dekorasyonlar\u0131nda m\u00fckemmel sonu\u00e7 verir. Enerji tasarruflu LED teknolojisi uzun s\u00fcre kullan\u0131m sa\u011flar ve elektrik t\u00fcketimini minimumda tutar. Kolay kurulumu sayesinde dakikalar i\u00e7inde haz\u0131r hale gelir, ev dekorasyonunuza da zarif bir dokunu\u015f katar.<\/p>\n","protected":false},"excerpt":{"rendered":"<p>3&#215;3 metre perde LED \u0131\u015f\u0131k, \u00f6zel g\u00fcnlerinize s\u0131cak ve b\u00fcy\u00fcleyici bir atmosfer katmak i\u00e7in tasarlanm\u0131\u015ft\u0131r. Y\u0131lba\u015f\u0131, do\u011fum g\u00fcn\u00fc, d\u00fc\u011f\u00fcn, ni\u015fan ya da arkada\u015f toplant\u0131lar\u0131nda mekan\u0131n\u0131za an\u0131nda \u015fenlik havas\u0131 verir. S\u0131cak beyaz LED \u0131\u015f\u0131klar\u0131 sayesinde ortam\u0131 romantik, huzurlu ve dikkat \u00e7ekici bir hale getirir. Dayan\u0131kl\u0131 malzemesi sayesinde hem i\u00e7 hem de d\u0131\u015f mekanda g\u00fcvenle kullan\u0131labilir. \u015eelale&#8230;<\/p>\n","protected":false},"featured_media":114957,"comment_status":"open","ping_status":"closed","template":"","meta":{"_kad_post_transparent":"","_kad_post_title":"","_kad_post_layout":"","_kad_post_sidebar_id":"","_kad_post_content_style":"","_kad_post_vertical_padding":"","_kad_post_feature":"","_kad_post_feature_position":"","_kad_post_header":false,"_kad_post_footer":false,"_kad_post_classname":""},"product_brand":[],"product_cat":[14933],"product_tag":[],"class_list":{"0":"post-114958","1":"product","2":"type-product","3":"status-publish","4":"has-post-thumbnail","6":"product_cat-led-isik-led-isik","8":"first","9":"instock","10":"purchasable","11":"product-type-simple","12":"entry","13":"content-bg","14":"loop-entry"},"_links":{"self":[{"href":"https:\/\/www.hediyepazar.com\/index.php?rest_route=\/wp\/v2\/product\/114958","targetHints":{"allow":["GET"]}}],"collection":[{"href":"https:\/\/www.hediyepazar.com\/index.php?rest_route=\/wp\/v2\/product"}],"about":[{"href":"https:\/\/www.hediyepazar.com\/index.php?rest_route=\/wp\/v2\/types\/product"}],"replies":[{"embeddable":true,"href":"https:\/\/www.hediyepazar.com\/index.php?rest_route=%2Fwp%2Fv2%2Fcomments&post=114958"}],"wp:featuredmedia":[{"embeddable":true,"href":"https:\/\/www.hediyepazar.com\/index.php?rest_route=\/wp\/v2\/media\/114957"}],"wp:attachment":[{"href":"https:\/\/www.hediyepazar.com\/index.php?rest_route=%2Fwp%2Fv2%2Fmedia&parent=114958"}],"wp:term":[{"taxonomy":"product_brand","embeddable":true,"href":"https:\/\/www.hediyepazar.com\/index.php?rest_route=%2Fwp%2Fv2%2Fproduct_brand&post=114958"},{"taxonomy":"product_cat","embeddable":true,"href":"https:\/\/www.hediyepazar.com\/index.php?rest_route=%2Fwp%2Fv2%2Fproduct_cat&post=114958"},{"taxonomy":"product_tag","embeddable":true,"href":"https:\/\/www.hediyepazar.com\/index.php?rest_route=%2Fwp%2Fv2%2Fproduct_tag&post=114958"}],"curies":[{"name":"wp","href":"https:\/\/api.w.org\/{rel}","templated":true}]}}