{"id":114966,"date":"2026-05-05T13:35:12","date_gmt":"2026-05-05T16:35:12","guid":{"rendered":"https:\/\/www.hediyepazar.com\/?product=20-dakikada-hizli-sarj-titresimli-uyarili-kablosuz-kulaklik"},"modified":"2026-05-05T13:35:12","modified_gmt":"2026-05-05T16:35:12","slug":"20-dakikada-hizli-sarj-titresimli-uyarili-kablosuz-kulaklik","status":"publish","type":"product","link":"https:\/\/www.hediyepazar.com\/?product=20-dakikada-hizli-sarj-titresimli-uyarili-kablosuz-kulaklik","title":{"rendered":"20 Dakikada H\u0131zl\u0131 \u015earj \u2013 Titre\u015fimli Uyar\u0131l\u0131 Kablosuz Kulakl\u0131k"},"content":{"rendered":"<p>Dunspin DS-F210, titre\u015fimli uyar\u0131 modu ile \u00f6nemli aramalar\u0131 ka\u00e7\u0131rmaman\u0131z i\u00e7in \u00f6zel olarak tasarlanm\u0131\u015ft\u0131r. Telefonunuz sessizde olsa bile gelen \u00e7a\u011fr\u0131lardan an\u0131nda haberdar olabilirsiniz. Bu \u00f6zellik \u00f6zellikle i\u015f hayat\u0131nda, yo\u011fun toplant\u0131larda veya ara\u00e7 kullan\u0131rken b\u00fcy\u00fck kolayl\u0131k sa\u011flar. Dijital ekran\u0131 sayesinde \u015farj seviyesini net bir \u015fekilde g\u00f6rebilir, g\u00fcn boyu g\u00fcvenle kullanabilirsiniz. 140 mAh bataryas\u0131 ile 25 saate kadar kesintisiz konu\u015fma ve m\u00fczik s\u00fcresi sunan cihaz, 180 saate kadar bekleme modunda kalabilir. Sadece 20 dakikada h\u0131zl\u0131 \u015farj olarak tekrar kullan\u0131ma haz\u0131r hale gelir. Bluetooth 5.2 ba\u011flant\u0131s\u0131 ile t\u00fcm cihazlarla uyumlu \u00e7al\u0131\u015f\u0131r ve 10 metre kapsama alan\u0131 ile \u00f6zg\u00fcr hareket imk\u00e2n\u0131 sunar.<\/p>\n","protected":false},"excerpt":{"rendered":"<p>Dunspin DS-F210, titre\u015fimli uyar\u0131 modu ile \u00f6nemli aramalar\u0131 ka\u00e7\u0131rmaman\u0131z i\u00e7in \u00f6zel olarak tasarlanm\u0131\u015ft\u0131r. Telefonunuz sessizde olsa bile gelen \u00e7a\u011fr\u0131lardan an\u0131nda haberdar olabilirsiniz. Bu \u00f6zellik \u00f6zellikle i\u015f hayat\u0131nda, yo\u011fun toplant\u0131larda veya ara\u00e7 kullan\u0131rken b\u00fcy\u00fck kolayl\u0131k sa\u011flar. Dijital ekran\u0131 sayesinde \u015farj seviyesini net bir \u015fekilde g\u00f6rebilir, g\u00fcn boyu g\u00fcvenle kullanabilirsiniz. 140 mAh bataryas\u0131 ile 25 saate kadar&#8230;<\/p>\n","protected":false},"featured_media":114965,"comment_status":"open","ping_status":"closed","template":"","meta":{"_kad_post_transparent":"","_kad_post_title":"","_kad_post_layout":"","_kad_post_sidebar_id":"","_kad_post_content_style":"","_kad_post_vertical_padding":"","_kad_post_feature":"","_kad_post_feature_position":"","_kad_post_header":false,"_kad_post_footer":false,"_kad_post_classname":""},"product_brand":[],"product_cat":[14957],"product_tag":[],"class_list":{"0":"post-114966","1":"product","2":"type-product","3":"status-publish","4":"has-post-thumbnail","6":"product_cat-kablosuz-kulaklik-kablosuz-kulaklik","8":"first","9":"instock","10":"purchasable","11":"product-type-simple","12":"entry","13":"content-bg","14":"loop-entry"},"_links":{"self":[{"href":"https:\/\/www.hediyepazar.com\/index.php?rest_route=\/wp\/v2\/product\/114966","targetHints":{"allow":["GET"]}}],"collection":[{"href":"https:\/\/www.hediyepazar.com\/index.php?rest_route=\/wp\/v2\/product"}],"about":[{"href":"https:\/\/www.hediyepazar.com\/index.php?rest_route=\/wp\/v2\/types\/product"}],"replies":[{"embeddable":true,"href":"https:\/\/www.hediyepazar.com\/index.php?rest_route=%2Fwp%2Fv2%2Fcomments&post=114966"}],"wp:featuredmedia":[{"embeddable":true,"href":"https:\/\/www.hediyepazar.com\/index.php?rest_route=\/wp\/v2\/media\/114965"}],"wp:attachment":[{"href":"https:\/\/www.hediyepazar.com\/index.php?rest_route=%2Fwp%2Fv2%2Fmedia&parent=114966"}],"wp:term":[{"taxonomy":"product_brand","embeddable":true,"href":"https:\/\/www.hediyepazar.com\/index.php?rest_route=%2Fwp%2Fv2%2Fproduct_brand&post=114966"},{"taxonomy":"product_cat","embeddable":true,"href":"https:\/\/www.hediyepazar.com\/index.php?rest_route=%2Fwp%2Fv2%2Fproduct_cat&post=114966"},{"taxonomy":"product_tag","embeddable":true,"href":"https:\/\/www.hediyepazar.com\/index.php?rest_route=%2Fwp%2Fv2%2Fproduct_tag&post=114966"}],"curies":[{"name":"wp","href":"https:\/\/api.w.org\/{rel}","templated":true}]}}