{"id":114970,"date":"2026-05-05T13:36:11","date_gmt":"2026-05-05T16:36:11","guid":{"rendered":"https:\/\/www.hediyepazar.com\/?product=ds-f210-kablosuz-kulaklik-25-saat-kullanim-hizli-sarj"},"modified":"2026-05-05T13:36:11","modified_gmt":"2026-05-05T16:36:11","slug":"ds-f210-kablosuz-kulaklik-25-saat-kullanim-hizli-sarj","status":"publish","type":"product","link":"https:\/\/www.hediyepazar.com\/?product=ds-f210-kablosuz-kulaklik-25-saat-kullanim-hizli-sarj","title":{"rendered":"DS-F210 Kablosuz Kulakl\u0131k \u2013 25 Saat Kullan\u0131m &#038; H\u0131zl\u0131 \u015earj"},"content":{"rendered":"<p>Dunspin DS-F210 kablosuz kulakl\u0131k, g\u00fc\u00e7l\u00fc bataryas\u0131 sayesinde 25 saate kadar kesintisiz m\u00fczik keyfi ve konu\u015fma imk\u00e2n\u0131 sunar. 140 mAh batarya kapasitesi ile donat\u0131lan cihaz, yaln\u0131zca 20 dakikal\u0131k h\u0131zl\u0131 \u015farj ile uzun saatler boyunca kullan\u0131labilir. 180 saate kadar bekleme s\u00fcresi sayesinde s\u00fcrekli \u015farj derdinden kurtulursunuz. Bluetooth 5.2 teknolojisi ile t\u00fcm telefonlarla uyumlu \u00e7al\u0131\u015fan bu kulakl\u0131k, 10 metreye kadar kapsama mesafesiyle \u00f6zg\u00fcr hareket imk\u00e2n\u0131 sa\u011flar. Titre\u015fimli uyar\u0131 modu, \u00f6nemli aramalar\u0131 ka\u00e7\u0131rmaman\u0131z i\u00e7in tasarlanm\u0131\u015ft\u0131r. Dijital \u015farj g\u00f6stergesi ile batarya seviyesini kolayca takip edebilir, s\u00fcrpriz bitmelerin \u00f6n\u00fcne ge\u00e7ebilirsiniz. Fonksiyonel klipsi sayesinde g\u00f6mle\u011finize, ceket cebinize veya \u00e7antan\u0131za rahatl\u0131kla sabitleyebilir, konforlu bir kullan\u0131m deneyimi elde edebilirsiniz.<\/p>\n","protected":false},"excerpt":{"rendered":"<p>Dunspin DS-F210 kablosuz kulakl\u0131k, g\u00fc\u00e7l\u00fc bataryas\u0131 sayesinde 25 saate kadar kesintisiz m\u00fczik keyfi ve konu\u015fma imk\u00e2n\u0131 sunar. 140 mAh batarya kapasitesi ile donat\u0131lan cihaz, yaln\u0131zca 20 dakikal\u0131k h\u0131zl\u0131 \u015farj ile uzun saatler boyunca kullan\u0131labilir. 180 saate kadar bekleme s\u00fcresi sayesinde s\u00fcrekli \u015farj derdinden kurtulursunuz. Bluetooth 5.2 teknolojisi ile t\u00fcm telefonlarla uyumlu \u00e7al\u0131\u015fan bu kulakl\u0131k, 10&#8230;<\/p>\n","protected":false},"featured_media":114969,"comment_status":"open","ping_status":"closed","template":"","meta":{"_kad_post_transparent":"","_kad_post_title":"","_kad_post_layout":"","_kad_post_sidebar_id":"","_kad_post_content_style":"","_kad_post_vertical_padding":"","_kad_post_feature":"","_kad_post_feature_position":"","_kad_post_header":false,"_kad_post_footer":false,"_kad_post_classname":""},"product_brand":[],"product_cat":[14957],"product_tag":[],"class_list":{"0":"post-114970","1":"product","2":"type-product","3":"status-publish","4":"has-post-thumbnail","6":"product_cat-kablosuz-kulaklik-kablosuz-kulaklik","8":"first","9":"instock","10":"purchasable","11":"product-type-simple","12":"entry","13":"content-bg","14":"loop-entry"},"_links":{"self":[{"href":"https:\/\/www.hediyepazar.com\/index.php?rest_route=\/wp\/v2\/product\/114970","targetHints":{"allow":["GET"]}}],"collection":[{"href":"https:\/\/www.hediyepazar.com\/index.php?rest_route=\/wp\/v2\/product"}],"about":[{"href":"https:\/\/www.hediyepazar.com\/index.php?rest_route=\/wp\/v2\/types\/product"}],"replies":[{"embeddable":true,"href":"https:\/\/www.hediyepazar.com\/index.php?rest_route=%2Fwp%2Fv2%2Fcomments&post=114970"}],"wp:featuredmedia":[{"embeddable":true,"href":"https:\/\/www.hediyepazar.com\/index.php?rest_route=\/wp\/v2\/media\/114969"}],"wp:attachment":[{"href":"https:\/\/www.hediyepazar.com\/index.php?rest_route=%2Fwp%2Fv2%2Fmedia&parent=114970"}],"wp:term":[{"taxonomy":"product_brand","embeddable":true,"href":"https:\/\/www.hediyepazar.com\/index.php?rest_route=%2Fwp%2Fv2%2Fproduct_brand&post=114970"},{"taxonomy":"product_cat","embeddable":true,"href":"https:\/\/www.hediyepazar.com\/index.php?rest_route=%2Fwp%2Fv2%2Fproduct_cat&post=114970"},{"taxonomy":"product_tag","embeddable":true,"href":"https:\/\/www.hediyepazar.com\/index.php?rest_route=%2Fwp%2Fv2%2Fproduct_tag&post=114970"}],"curies":[{"name":"wp","href":"https:\/\/api.w.org\/{rel}","templated":true}]}}