{"id":114979,"date":"2026-05-05T13:37:31","date_gmt":"2026-05-05T16:37:31","guid":{"rendered":"https:\/\/www.hediyepazar.com\/?product=1080p-wifi-ampul-guvenlik-kamerasi-gece-gorus-uzaktan-erisim"},"modified":"2026-05-05T13:37:31","modified_gmt":"2026-05-05T16:37:31","slug":"1080p-wifi-ampul-guvenlik-kamerasi-gece-gorus-uzaktan-erisim","status":"publish","type":"product","link":"https:\/\/www.hediyepazar.com\/?product=1080p-wifi-ampul-guvenlik-kamerasi-gece-gorus-uzaktan-erisim","title":{"rendered":"1080P WiFi Ampul G\u00fcvenlik Kameras\u0131 \u2013 Gece G\u00f6r\u00fc\u015f &#038; Uzaktan Eri\u015fim"},"content":{"rendered":"<p>Bu WiFi ampul g\u00fcvenlik kameras\u0131, 1080P Full HD \u00e7\u00f6z\u00fcn\u00fcrl\u00fck ile g\u00fcnd\u00fcz ve gece fark etmeksizin net g\u00f6r\u00fcnt\u00fcler sunar. 2MP lens sayesinde odan\u0131z\u0131n her k\u00f6\u015fesini yakalayabilir, tamamen karanl\u0131k ortamlarda bile ayr\u0131nt\u0131l\u0131 g\u00f6r\u00fcnt\u00fcler elde edebilirsiniz. Hareket alg\u0131lama \u00f6zelli\u011fi sayesinde \u015f\u00fcpheli aktivitelerde an\u0131nda bildirim g\u00f6ndererek g\u00fcvenli\u011finizi \u00fcst seviyeye ta\u015f\u0131r. Ev, ofis, depo veya garaj gibi farkl\u0131 alanlarda rahatl\u0131kla kullan\u0131labilir. Uzaktan eri\u015fim deste\u011fi ile telefon veya tabletinizden her an izleme yapabilir, sevdiklerinizin ve m\u00fclk\u00fcn\u00fcz\u00fcn g\u00fcvende oldu\u011fundan emin olabilirsiniz.<\/p>\n","protected":false},"excerpt":{"rendered":"<p>Bu WiFi ampul g\u00fcvenlik kameras\u0131, 1080P Full HD \u00e7\u00f6z\u00fcn\u00fcrl\u00fck ile g\u00fcnd\u00fcz ve gece fark etmeksizin net g\u00f6r\u00fcnt\u00fcler sunar. 2MP lens sayesinde odan\u0131z\u0131n her k\u00f6\u015fesini yakalayabilir, tamamen karanl\u0131k ortamlarda bile ayr\u0131nt\u0131l\u0131 g\u00f6r\u00fcnt\u00fcler elde edebilirsiniz. Hareket alg\u0131lama \u00f6zelli\u011fi sayesinde \u015f\u00fcpheli aktivitelerde an\u0131nda bildirim g\u00f6ndererek g\u00fcvenli\u011finizi \u00fcst seviyeye ta\u015f\u0131r. Ev, ofis, depo veya garaj gibi farkl\u0131 alanlarda rahatl\u0131kla&#8230;<\/p>\n","protected":false},"featured_media":0,"comment_status":"open","ping_status":"closed","template":"","meta":{"_kad_post_transparent":"","_kad_post_title":"","_kad_post_layout":"","_kad_post_sidebar_id":"","_kad_post_content_style":"","_kad_post_vertical_padding":"","_kad_post_feature":"","_kad_post_feature_position":"","_kad_post_header":false,"_kad_post_footer":false,"_kad_post_classname":""},"product_brand":[],"product_cat":[14985],"product_tag":[],"class_list":{"0":"post-114979","1":"product","2":"type-product","3":"status-publish","5":"product_cat-akilli-guvenlik-urunu-akilli-guvenlik-urunu","7":"first","8":"instock","9":"purchasable","10":"product-type-simple","11":"entry","12":"content-bg","13":"loop-entry"},"_links":{"self":[{"href":"https:\/\/www.hediyepazar.com\/index.php?rest_route=\/wp\/v2\/product\/114979","targetHints":{"allow":["GET"]}}],"collection":[{"href":"https:\/\/www.hediyepazar.com\/index.php?rest_route=\/wp\/v2\/product"}],"about":[{"href":"https:\/\/www.hediyepazar.com\/index.php?rest_route=\/wp\/v2\/types\/product"}],"replies":[{"embeddable":true,"href":"https:\/\/www.hediyepazar.com\/index.php?rest_route=%2Fwp%2Fv2%2Fcomments&post=114979"}],"wp:attachment":[{"href":"https:\/\/www.hediyepazar.com\/index.php?rest_route=%2Fwp%2Fv2%2Fmedia&parent=114979"}],"wp:term":[{"taxonomy":"product_brand","embeddable":true,"href":"https:\/\/www.hediyepazar.com\/index.php?rest_route=%2Fwp%2Fv2%2Fproduct_brand&post=114979"},{"taxonomy":"product_cat","embeddable":true,"href":"https:\/\/www.hediyepazar.com\/index.php?rest_route=%2Fwp%2Fv2%2Fproduct_cat&post=114979"},{"taxonomy":"product_tag","embeddable":true,"href":"https:\/\/www.hediyepazar.com\/index.php?rest_route=%2Fwp%2Fv2%2Fproduct_tag&post=114979"}],"curies":[{"name":"wp","href":"https:\/\/api.w.org\/{rel}","templated":true}]}}