{"id":114981,"date":"2026-05-05T13:38:01","date_gmt":"2026-05-05T16:38:01","guid":{"rendered":"https:\/\/www.hediyepazar.com\/?product=nemlendirme-ve-aromaterapi-ozellikli-yildiz-isikli-difuzor"},"modified":"2026-05-05T13:38:01","modified_gmt":"2026-05-05T16:38:01","slug":"nemlendirme-ve-aromaterapi-ozellikli-yildiz-isikli-difuzor","status":"publish","type":"product","link":"https:\/\/www.hediyepazar.com\/?product=nemlendirme-ve-aromaterapi-ozellikli-yildiz-isikli-difuzor","title":{"rendered":"Nemlendirme ve Aromaterapi \u00d6zellikli Y\u0131ld\u0131z I\u015f\u0131kl\u0131 Dif\u00fcz\u00f6r"},"content":{"rendered":"<p>Ara\u00e7 dif\u00fcz\u00f6r\u00fc yaln\u0131zca ho\u015f koku yaymakla kalmaz, ayn\u0131 zamanda nemlendirici fonksiyonu ile hava kalitesini art\u0131r\u0131r. Kurulu\u011fa kar\u015f\u0131 etkili bir \u00e7\u00f6z\u00fcm sunar. Aromaterapi \u00f6zelli\u011fi sayesinde sakinlik ve tazelik hissi verir. Kompakt tasar\u0131m\u0131 ile ara\u00e7 i\u00e7i kullan\u0131ma m\u00fckemmel uyum sa\u011flar.<\/p>\n","protected":false},"excerpt":{"rendered":"<p>Ara\u00e7 dif\u00fcz\u00f6r\u00fc yaln\u0131zca ho\u015f koku yaymakla kalmaz, ayn\u0131 zamanda nemlendirici fonksiyonu ile hava kalitesini art\u0131r\u0131r. Kurulu\u011fa kar\u015f\u0131 etkili bir \u00e7\u00f6z\u00fcm sunar. Aromaterapi \u00f6zelli\u011fi sayesinde sakinlik ve tazelik hissi verir. Kompakt tasar\u0131m\u0131 ile ara\u00e7 i\u00e7i kullan\u0131ma m\u00fckemmel uyum sa\u011flar.<\/p>\n","protected":false},"featured_media":114980,"comment_status":"open","ping_status":"closed","template":"","meta":{"_kad_post_transparent":"","_kad_post_title":"","_kad_post_layout":"","_kad_post_sidebar_id":"","_kad_post_content_style":"","_kad_post_vertical_padding":"","_kad_post_feature":"","_kad_post_feature_position":"","_kad_post_header":false,"_kad_post_footer":false,"_kad_post_classname":""},"product_brand":[],"product_cat":[14965],"product_tag":[],"class_list":{"0":"post-114981","1":"product","2":"type-product","3":"status-publish","4":"has-post-thumbnail","6":"product_cat-hava-nemlendirici-hava-nemlendirici","8":"first","9":"instock","10":"purchasable","11":"product-type-simple","12":"entry","13":"content-bg","14":"loop-entry"},"_links":{"self":[{"href":"https:\/\/www.hediyepazar.com\/index.php?rest_route=\/wp\/v2\/product\/114981","targetHints":{"allow":["GET"]}}],"collection":[{"href":"https:\/\/www.hediyepazar.com\/index.php?rest_route=\/wp\/v2\/product"}],"about":[{"href":"https:\/\/www.hediyepazar.com\/index.php?rest_route=\/wp\/v2\/types\/product"}],"replies":[{"embeddable":true,"href":"https:\/\/www.hediyepazar.com\/index.php?rest_route=%2Fwp%2Fv2%2Fcomments&post=114981"}],"wp:featuredmedia":[{"embeddable":true,"href":"https:\/\/www.hediyepazar.com\/index.php?rest_route=\/wp\/v2\/media\/114980"}],"wp:attachment":[{"href":"https:\/\/www.hediyepazar.com\/index.php?rest_route=%2Fwp%2Fv2%2Fmedia&parent=114981"}],"wp:term":[{"taxonomy":"product_brand","embeddable":true,"href":"https:\/\/www.hediyepazar.com\/index.php?rest_route=%2Fwp%2Fv2%2Fproduct_brand&post=114981"},{"taxonomy":"product_cat","embeddable":true,"href":"https:\/\/www.hediyepazar.com\/index.php?rest_route=%2Fwp%2Fv2%2Fproduct_cat&post=114981"},{"taxonomy":"product_tag","embeddable":true,"href":"https:\/\/www.hediyepazar.com\/index.php?rest_route=%2Fwp%2Fv2%2Fproduct_tag&post=114981"}],"curies":[{"name":"wp","href":"https:\/\/api.w.org\/{rel}","templated":true}]}}