{"id":114982,"date":"2026-05-05T13:38:28","date_gmt":"2026-05-05T16:38:28","guid":{"rendered":"https:\/\/www.hediyepazar.com\/?product=dayanikli-alasim-govdeli-cok-fonksiyonlu-arac-difuzor"},"modified":"2026-05-05T13:38:28","modified_gmt":"2026-05-05T16:38:28","slug":"dayanikli-alasim-govdeli-cok-fonksiyonlu-arac-difuzor","status":"publish","type":"product","link":"https:\/\/www.hediyepazar.com\/?product=dayanikli-alasim-govdeli-cok-fonksiyonlu-arac-difuzor","title":{"rendered":"Dayan\u0131kl\u0131 Ala\u015f\u0131m G\u00f6vdeli \u00c7ok Fonksiyonlu Ara\u00e7 Dif\u00fcz\u00f6r"},"content":{"rendered":"<p>Otomatik a\u00e7ma\/kapama \u00f6zelli\u011fi sayesinde manuel kontrol gerekmez. Ara\u00e7 \u00e7al\u0131\u015ft\u0131\u011f\u0131nda otomatik devreye girer, kapand\u0131\u011f\u0131nda durur. Bu ak\u0131ll\u0131 sistem kullan\u0131c\u0131ya hem kolayl\u0131k hem de enerji tasarrufu sa\u011flar. Aromaterapi ve nemlendirme fonksiyonu, yolculuklar\u0131 daha konforlu hale getirir.<\/p>\n","protected":false},"excerpt":{"rendered":"<p>Otomatik a\u00e7ma\/kapama \u00f6zelli\u011fi sayesinde manuel kontrol gerekmez. Ara\u00e7 \u00e7al\u0131\u015ft\u0131\u011f\u0131nda otomatik devreye girer, kapand\u0131\u011f\u0131nda durur. Bu ak\u0131ll\u0131 sistem kullan\u0131c\u0131ya hem kolayl\u0131k hem de enerji tasarrufu sa\u011flar. Aromaterapi ve nemlendirme fonksiyonu, yolculuklar\u0131 daha konforlu hale getirir.<\/p>\n","protected":false},"featured_media":0,"comment_status":"open","ping_status":"closed","template":"","meta":{"_kad_post_transparent":"","_kad_post_title":"","_kad_post_layout":"","_kad_post_sidebar_id":"","_kad_post_content_style":"","_kad_post_vertical_padding":"","_kad_post_feature":"","_kad_post_feature_position":"","_kad_post_header":false,"_kad_post_footer":false,"_kad_post_classname":""},"product_brand":[],"product_cat":[14965],"product_tag":[],"class_list":{"0":"post-114982","1":"product","2":"type-product","3":"status-publish","5":"product_cat-hava-nemlendirici-hava-nemlendirici","7":"first","8":"instock","9":"purchasable","10":"product-type-simple","11":"entry","12":"content-bg","13":"loop-entry"},"_links":{"self":[{"href":"https:\/\/www.hediyepazar.com\/index.php?rest_route=\/wp\/v2\/product\/114982","targetHints":{"allow":["GET"]}}],"collection":[{"href":"https:\/\/www.hediyepazar.com\/index.php?rest_route=\/wp\/v2\/product"}],"about":[{"href":"https:\/\/www.hediyepazar.com\/index.php?rest_route=\/wp\/v2\/types\/product"}],"replies":[{"embeddable":true,"href":"https:\/\/www.hediyepazar.com\/index.php?rest_route=%2Fwp%2Fv2%2Fcomments&post=114982"}],"wp:attachment":[{"href":"https:\/\/www.hediyepazar.com\/index.php?rest_route=%2Fwp%2Fv2%2Fmedia&parent=114982"}],"wp:term":[{"taxonomy":"product_brand","embeddable":true,"href":"https:\/\/www.hediyepazar.com\/index.php?rest_route=%2Fwp%2Fv2%2Fproduct_brand&post=114982"},{"taxonomy":"product_cat","embeddable":true,"href":"https:\/\/www.hediyepazar.com\/index.php?rest_route=%2Fwp%2Fv2%2Fproduct_cat&post=114982"},{"taxonomy":"product_tag","embeddable":true,"href":"https:\/\/www.hediyepazar.com\/index.php?rest_route=%2Fwp%2Fv2%2Fproduct_tag&post=114982"}],"curies":[{"name":"wp","href":"https:\/\/api.w.org\/{rel}","templated":true}]}}