{"id":114983,"date":"2026-05-05T13:39:17","date_gmt":"2026-05-05T16:39:17","guid":{"rendered":"https:\/\/www.hediyepazar.com\/?product=otomatik-acma-kapama-ozellikli-arac-difuzor-nemlendirici"},"modified":"2026-05-05T13:39:17","modified_gmt":"2026-05-05T16:39:17","slug":"otomatik-acma-kapama-ozellikli-arac-difuzor-nemlendirici","status":"publish","type":"product","link":"https:\/\/www.hediyepazar.com\/?product=otomatik-acma-kapama-ozellikli-arac-difuzor-nemlendirici","title":{"rendered":"Otomatik A\u00e7ma Kapama \u00d6zellikli Ara\u00e7 Dif\u00fcz\u00f6r Nemlendirici"},"content":{"rendered":"<p>Y\u0131ld\u0131z projeksiyonlu ayd\u0131nlatmas\u0131 sayesinde ara\u00e7 i\u00e7i atmosferi bamba\u015fka bir boyuta ta\u015f\u0131r. Yolculuklar\u0131 daha keyifli hale getirirken yolculara huzur verir. Aromaterapi fonksiyonu ile birlikte stresi azalt\u0131r, nemlendirici \u00f6zelli\u011fi ile kuru havay\u0131 dengeler.<\/p>\n","protected":false},"excerpt":{"rendered":"<p>Y\u0131ld\u0131z projeksiyonlu ayd\u0131nlatmas\u0131 sayesinde ara\u00e7 i\u00e7i atmosferi bamba\u015fka bir boyuta ta\u015f\u0131r. Yolculuklar\u0131 daha keyifli hale getirirken yolculara huzur verir. Aromaterapi fonksiyonu ile birlikte stresi azalt\u0131r, nemlendirici \u00f6zelli\u011fi ile kuru havay\u0131 dengeler.<\/p>\n","protected":false},"featured_media":0,"comment_status":"open","ping_status":"closed","template":"","meta":{"_kad_post_transparent":"","_kad_post_title":"","_kad_post_layout":"","_kad_post_sidebar_id":"","_kad_post_content_style":"","_kad_post_vertical_padding":"","_kad_post_feature":"","_kad_post_feature_position":"","_kad_post_header":false,"_kad_post_footer":false,"_kad_post_classname":""},"product_brand":[],"product_cat":[14965],"product_tag":[],"class_list":{"0":"post-114983","1":"product","2":"type-product","3":"status-publish","5":"product_cat-hava-nemlendirici-hava-nemlendirici","7":"first","8":"instock","9":"purchasable","10":"product-type-simple","11":"entry","12":"content-bg","13":"loop-entry"},"_links":{"self":[{"href":"https:\/\/www.hediyepazar.com\/index.php?rest_route=\/wp\/v2\/product\/114983","targetHints":{"allow":["GET"]}}],"collection":[{"href":"https:\/\/www.hediyepazar.com\/index.php?rest_route=\/wp\/v2\/product"}],"about":[{"href":"https:\/\/www.hediyepazar.com\/index.php?rest_route=\/wp\/v2\/types\/product"}],"replies":[{"embeddable":true,"href":"https:\/\/www.hediyepazar.com\/index.php?rest_route=%2Fwp%2Fv2%2Fcomments&post=114983"}],"wp:attachment":[{"href":"https:\/\/www.hediyepazar.com\/index.php?rest_route=%2Fwp%2Fv2%2Fmedia&parent=114983"}],"wp:term":[{"taxonomy":"product_brand","embeddable":true,"href":"https:\/\/www.hediyepazar.com\/index.php?rest_route=%2Fwp%2Fv2%2Fproduct_brand&post=114983"},{"taxonomy":"product_cat","embeddable":true,"href":"https:\/\/www.hediyepazar.com\/index.php?rest_route=%2Fwp%2Fv2%2Fproduct_cat&post=114983"},{"taxonomy":"product_tag","embeddable":true,"href":"https:\/\/www.hediyepazar.com\/index.php?rest_route=%2Fwp%2Fv2%2Fproduct_tag&post=114983"}],"curies":[{"name":"wp","href":"https:\/\/api.w.org\/{rel}","templated":true}]}}