{"id":114984,"date":"2026-05-05T13:40:17","date_gmt":"2026-05-05T16:40:17","guid":{"rendered":"https:\/\/www.hediyepazar.com\/?product=yildiz-projeksiyonlu-arac-ici-atmosfer-difuzoru"},"modified":"2026-05-05T13:40:17","modified_gmt":"2026-05-05T16:40:17","slug":"yildiz-projeksiyonlu-arac-ici-atmosfer-difuzoru","status":"publish","type":"product","link":"https:\/\/www.hediyepazar.com\/?product=yildiz-projeksiyonlu-arac-ici-atmosfer-difuzoru","title":{"rendered":"Y\u0131ld\u0131z Projeksiyonlu Ara\u00e7 \u0130\u00e7i Atmosfer Dif\u00fcz\u00f6r\u00fc"},"content":{"rendered":"<p>Bu dif\u00fcz\u00f6r, yaln\u0131zca ara\u00e7 i\u00e7i kullan\u0131ma de\u011fil; ayn\u0131 zamanda evinizde ve i\u015f yerinizde de kullan\u0131labilecek \u015fekilde tasarlanm\u0131\u015ft\u0131r. Tutarl\u0131 koku da\u011f\u0131t\u0131m\u0131 ile farkl\u0131 ortamlarda ayn\u0131 verimi sa\u011flar. Y\u0131ld\u0131zl\u0131 g\u00f6ky\u00fcz\u00fcn\u00fc and\u0131ran ayd\u0131nlatmas\u0131yla e\u015fsiz bir g\u00f6rsellik sunarken, nemlendirici \u00f6zelli\u011fi ile havay\u0131 taze ve ferah tutar.<\/p>\n","protected":false},"excerpt":{"rendered":"<p>Bu dif\u00fcz\u00f6r, yaln\u0131zca ara\u00e7 i\u00e7i kullan\u0131ma de\u011fil; ayn\u0131 zamanda evinizde ve i\u015f yerinizde de kullan\u0131labilecek \u015fekilde tasarlanm\u0131\u015ft\u0131r. Tutarl\u0131 koku da\u011f\u0131t\u0131m\u0131 ile farkl\u0131 ortamlarda ayn\u0131 verimi sa\u011flar. Y\u0131ld\u0131zl\u0131 g\u00f6ky\u00fcz\u00fcn\u00fc and\u0131ran ayd\u0131nlatmas\u0131yla e\u015fsiz bir g\u00f6rsellik sunarken, nemlendirici \u00f6zelli\u011fi ile havay\u0131 taze ve ferah tutar.<\/p>\n","protected":false},"featured_media":0,"comment_status":"open","ping_status":"closed","template":"","meta":{"_kad_post_transparent":"","_kad_post_title":"","_kad_post_layout":"","_kad_post_sidebar_id":"","_kad_post_content_style":"","_kad_post_vertical_padding":"","_kad_post_feature":"","_kad_post_feature_position":"","_kad_post_header":false,"_kad_post_footer":false,"_kad_post_classname":""},"product_brand":[],"product_cat":[14965],"product_tag":[],"class_list":{"0":"post-114984","1":"product","2":"type-product","3":"status-publish","5":"product_cat-hava-nemlendirici-hava-nemlendirici","7":"first","8":"instock","9":"purchasable","10":"product-type-simple","11":"entry","12":"content-bg","13":"loop-entry"},"_links":{"self":[{"href":"https:\/\/www.hediyepazar.com\/index.php?rest_route=\/wp\/v2\/product\/114984","targetHints":{"allow":["GET"]}}],"collection":[{"href":"https:\/\/www.hediyepazar.com\/index.php?rest_route=\/wp\/v2\/product"}],"about":[{"href":"https:\/\/www.hediyepazar.com\/index.php?rest_route=\/wp\/v2\/types\/product"}],"replies":[{"embeddable":true,"href":"https:\/\/www.hediyepazar.com\/index.php?rest_route=%2Fwp%2Fv2%2Fcomments&post=114984"}],"wp:attachment":[{"href":"https:\/\/www.hediyepazar.com\/index.php?rest_route=%2Fwp%2Fv2%2Fmedia&parent=114984"}],"wp:term":[{"taxonomy":"product_brand","embeddable":true,"href":"https:\/\/www.hediyepazar.com\/index.php?rest_route=%2Fwp%2Fv2%2Fproduct_brand&post=114984"},{"taxonomy":"product_cat","embeddable":true,"href":"https:\/\/www.hediyepazar.com\/index.php?rest_route=%2Fwp%2Fv2%2Fproduct_cat&post=114984"},{"taxonomy":"product_tag","embeddable":true,"href":"https:\/\/www.hediyepazar.com\/index.php?rest_route=%2Fwp%2Fv2%2Fproduct_tag&post=114984"}],"curies":[{"name":"wp","href":"https:\/\/api.w.org\/{rel}","templated":true}]}}