{"id":114993,"date":"2026-05-05T13:44:13","date_gmt":"2026-05-05T16:44:13","guid":{"rendered":"https:\/\/www.hediyepazar.com\/?product=cam-demlikli-20-bardak-kapasiteli-elektrikli-cayci"},"modified":"2026-05-05T13:44:13","modified_gmt":"2026-05-05T16:44:13","slug":"cam-demlikli-20-bardak-kapasiteli-elektrikli-cayci","status":"publish","type":"product","link":"https:\/\/www.hediyepazar.com\/?product=cam-demlikli-20-bardak-kapasiteli-elektrikli-cayci","title":{"rendered":"Cam Demlikli 20 Bardak Kapasiteli Elektrikli \u00c7ayc\u0131"},"content":{"rendered":"<p>Sinbo STM 5840 Elektrikli \u00c7ay Makinesi, g\u00fc\u00e7l\u00fc 1800 Watt kaynatma kapasitesi ile suyu k\u0131sa s\u00fcrede kaynat\u0131r. 1,7 litrelik geni\u015f su haznesi kalabal\u0131k aileler i\u00e7in idealdir. Susuz \u00e7al\u0131\u015fmay\u0131 \u00f6nleyen koruma sistemi sayesinde g\u00fcvenli kullan\u0131m sa\u011flar. 0,9 litrelik cam demlik 20 barda\u011fa kadar \u00e7ay haz\u0131rlama kapasitesine sahiptir. Gizli rezistansl\u0131 g\u00f6vdesi uzun \u00f6m\u00fcrl\u00fc kullan\u0131m sunarken, \u00e7ay filtresi berrak ve lezzetli \u00e7ay keyfi ya\u015fat\u0131r.<\/p>\n","protected":false},"excerpt":{"rendered":"<p>Sinbo STM 5840 Elektrikli \u00c7ay Makinesi, g\u00fc\u00e7l\u00fc 1800 Watt kaynatma kapasitesi ile suyu k\u0131sa s\u00fcrede kaynat\u0131r. 1,7 litrelik geni\u015f su haznesi kalabal\u0131k aileler i\u00e7in idealdir. Susuz \u00e7al\u0131\u015fmay\u0131 \u00f6nleyen koruma sistemi sayesinde g\u00fcvenli kullan\u0131m sa\u011flar. 0,9 litrelik cam demlik 20 barda\u011fa kadar \u00e7ay haz\u0131rlama kapasitesine sahiptir. Gizli rezistansl\u0131 g\u00f6vdesi uzun \u00f6m\u00fcrl\u00fc kullan\u0131m sunarken, \u00e7ay filtresi berrak&#8230;<\/p>\n","protected":false},"featured_media":114992,"comment_status":"open","ping_status":"closed","template":"","meta":{"_kad_post_transparent":"","_kad_post_title":"","_kad_post_layout":"","_kad_post_sidebar_id":"","_kad_post_content_style":"","_kad_post_vertical_padding":"","_kad_post_feature":"","_kad_post_feature_position":"","_kad_post_header":false,"_kad_post_footer":false,"_kad_post_classname":""},"product_brand":[],"product_cat":[15037],"product_tag":[],"class_list":{"0":"post-114993","1":"product","2":"type-product","3":"status-publish","4":"has-post-thumbnail","6":"product_cat-su-isitici-ve-kettle-su-isitici-ve-kettle","8":"first","9":"instock","10":"purchasable","11":"product-type-simple","12":"entry","13":"content-bg","14":"loop-entry"},"_links":{"self":[{"href":"https:\/\/www.hediyepazar.com\/index.php?rest_route=\/wp\/v2\/product\/114993","targetHints":{"allow":["GET"]}}],"collection":[{"href":"https:\/\/www.hediyepazar.com\/index.php?rest_route=\/wp\/v2\/product"}],"about":[{"href":"https:\/\/www.hediyepazar.com\/index.php?rest_route=\/wp\/v2\/types\/product"}],"replies":[{"embeddable":true,"href":"https:\/\/www.hediyepazar.com\/index.php?rest_route=%2Fwp%2Fv2%2Fcomments&post=114993"}],"wp:featuredmedia":[{"embeddable":true,"href":"https:\/\/www.hediyepazar.com\/index.php?rest_route=\/wp\/v2\/media\/114992"}],"wp:attachment":[{"href":"https:\/\/www.hediyepazar.com\/index.php?rest_route=%2Fwp%2Fv2%2Fmedia&parent=114993"}],"wp:term":[{"taxonomy":"product_brand","embeddable":true,"href":"https:\/\/www.hediyepazar.com\/index.php?rest_route=%2Fwp%2Fv2%2Fproduct_brand&post=114993"},{"taxonomy":"product_cat","embeddable":true,"href":"https:\/\/www.hediyepazar.com\/index.php?rest_route=%2Fwp%2Fv2%2Fproduct_cat&post=114993"},{"taxonomy":"product_tag","embeddable":true,"href":"https:\/\/www.hediyepazar.com\/index.php?rest_route=%2Fwp%2Fv2%2Fproduct_tag&post=114993"}],"curies":[{"name":"wp","href":"https:\/\/api.w.org\/{rel}","templated":true}]}}