{"id":114995,"date":"2026-05-05T13:44:18","date_gmt":"2026-05-05T16:44:18","guid":{"rendered":"https:\/\/www.hediyepazar.com\/?product=sinbo-stm-5840-elektrikli-cay-makinesi-1800-watt-17-litre"},"modified":"2026-05-05T13:44:18","modified_gmt":"2026-05-05T16:44:18","slug":"sinbo-stm-5840-elektrikli-cay-makinesi-1800-watt-17-litre","status":"publish","type":"product","link":"https:\/\/www.hediyepazar.com\/?product=sinbo-stm-5840-elektrikli-cay-makinesi-1800-watt-17-litre","title":{"rendered":"Sinbo STM 5840 Elektrikli \u00c7ay Makinesi 1800 Watt 17 Litre"},"content":{"rendered":"<p>Sinbo STM 5840 Elektrikli \u00c7ay Makinesi, g\u00fcvenli kullan\u0131m ve y\u00fcksek performans\u0131 bir arada sunarak \u00e7ay keyfinizi daha pratik hale getirir. 1800 Watt g\u00fcc\u00fc sayesinde suyu k\u0131sa s\u00fcrede kaynat\u0131r, b\u00f6ylece s\u0131cak su ihtiyac\u0131n\u0131z\u0131 h\u0131zl\u0131ca kar\u015f\u0131lar. 1,7 litrelik geni\u015f su haznesi kalabal\u0131k aileler ve ofis kullan\u0131mlar\u0131 i\u00e7in idealdir. Ayr\u0131ca 0,9 litrelik sa\u011flamla\u015ft\u0131r\u0131lm\u0131\u015f cam demlik kapasitesi ile tek seferde 20 barda\u011fa kadar \u00e7ay haz\u0131rlayabilirsiniz. Cam demlik yap\u0131s\u0131 \u00e7ay\u0131n do\u011fal aromas\u0131n\u0131 korur ve daha lezzetli bir i\u00e7im sunar.Emniyetli kullan\u0131m i\u00e7in susuz \u00e7al\u0131\u015fmay\u0131 \u00f6nleyen koruma sistemi bulunur. Su haznesinde su bulunmad\u0131\u011f\u0131nda cihaz otomatik olarak kapan\u0131r, bu sayede hem g\u00fcvenlik sa\u011flan\u0131r hem de enerji tasarrufu yap\u0131l\u0131r. Gizli rezistansl\u0131 g\u00f6vde tasar\u0131m\u0131 uzun \u00f6m\u00fcrl\u00fc kullan\u0131m vadederken, sa\u011flam malzemelerle \u00fcretilmi\u015f olmas\u0131 dayan\u0131kl\u0131l\u0131\u011f\u0131 art\u0131r\u0131r.S\u0131cak tutma \u00f6zelli\u011fi, \u00e7ay\u0131n\u0131z\u0131 uzun s\u00fcre taze ve i\u00e7ime haz\u0131r halde muhafaza eder. \u00c7ay filtresi sayesinde daha berrak ve lezzetli \u00e7ay elde edebilirsiniz. Kablosuz kullan\u0131m \u00f6zelli\u011fi, mutfakta daha rahat hareket imk\u00e2n\u0131 sa\u011flar. Su seviyesi g\u00f6stergesi, haznedeki su miktar\u0131n\u0131 kolayca takip etmenizi m\u00fcmk\u00fcn k\u0131lar. Sinbo STM 5840, \u015f\u0131kl\u0131\u011f\u0131 ve fonksiyonelli\u011fiyle mutfa\u011f\u0131n\u0131z\u0131n vazge\u00e7ilmez yard\u0131mc\u0131s\u0131 olacak.<\/p>\n","protected":false},"excerpt":{"rendered":"<p>Sinbo STM 5840 Elektrikli \u00c7ay Makinesi, g\u00fcvenli kullan\u0131m ve y\u00fcksek performans\u0131 bir arada sunarak \u00e7ay keyfinizi daha pratik hale getirir. 1800 Watt g\u00fcc\u00fc sayesinde suyu k\u0131sa s\u00fcrede kaynat\u0131r, b\u00f6ylece s\u0131cak su ihtiyac\u0131n\u0131z\u0131 h\u0131zl\u0131ca kar\u015f\u0131lar. 1,7 litrelik geni\u015f su haznesi kalabal\u0131k aileler ve ofis kullan\u0131mlar\u0131 i\u00e7in idealdir. Ayr\u0131ca 0,9 litrelik sa\u011flamla\u015ft\u0131r\u0131lm\u0131\u015f cam demlik kapasitesi ile tek&#8230;<\/p>\n","protected":false},"featured_media":114994,"comment_status":"open","ping_status":"closed","template":"","meta":{"_kad_post_transparent":"","_kad_post_title":"","_kad_post_layout":"","_kad_post_sidebar_id":"","_kad_post_content_style":"","_kad_post_vertical_padding":"","_kad_post_feature":"","_kad_post_feature_position":"","_kad_post_header":false,"_kad_post_footer":false,"_kad_post_classname":""},"product_brand":[],"product_cat":[15037],"product_tag":[],"class_list":{"0":"post-114995","1":"product","2":"type-product","3":"status-publish","4":"has-post-thumbnail","6":"product_cat-su-isitici-ve-kettle-su-isitici-ve-kettle","8":"first","9":"instock","10":"purchasable","11":"product-type-simple","12":"entry","13":"content-bg","14":"loop-entry"},"_links":{"self":[{"href":"https:\/\/www.hediyepazar.com\/index.php?rest_route=\/wp\/v2\/product\/114995","targetHints":{"allow":["GET"]}}],"collection":[{"href":"https:\/\/www.hediyepazar.com\/index.php?rest_route=\/wp\/v2\/product"}],"about":[{"href":"https:\/\/www.hediyepazar.com\/index.php?rest_route=\/wp\/v2\/types\/product"}],"replies":[{"embeddable":true,"href":"https:\/\/www.hediyepazar.com\/index.php?rest_route=%2Fwp%2Fv2%2Fcomments&post=114995"}],"wp:featuredmedia":[{"embeddable":true,"href":"https:\/\/www.hediyepazar.com\/index.php?rest_route=\/wp\/v2\/media\/114994"}],"wp:attachment":[{"href":"https:\/\/www.hediyepazar.com\/index.php?rest_route=%2Fwp%2Fv2%2Fmedia&parent=114995"}],"wp:term":[{"taxonomy":"product_brand","embeddable":true,"href":"https:\/\/www.hediyepazar.com\/index.php?rest_route=%2Fwp%2Fv2%2Fproduct_brand&post=114995"},{"taxonomy":"product_cat","embeddable":true,"href":"https:\/\/www.hediyepazar.com\/index.php?rest_route=%2Fwp%2Fv2%2Fproduct_cat&post=114995"},{"taxonomy":"product_tag","embeddable":true,"href":"https:\/\/www.hediyepazar.com\/index.php?rest_route=%2Fwp%2Fv2%2Fproduct_tag&post=114995"}],"curies":[{"name":"wp","href":"https:\/\/api.w.org\/{rel}","templated":true}]}}