{"id":114997,"date":"2026-05-05T13:44:57","date_gmt":"2026-05-05T16:44:57","guid":{"rendered":"https:\/\/www.hediyepazar.com\/?product=s10-akilli-cocuk-saati-konum-takip-ve-guvenlik-ozellikli"},"modified":"2026-05-05T13:44:57","modified_gmt":"2026-05-05T16:44:57","slug":"s10-akilli-cocuk-saati-konum-takip-ve-guvenlik-ozellikli","status":"publish","type":"product","link":"https:\/\/www.hediyepazar.com\/?product=s10-akilli-cocuk-saati-konum-takip-ve-guvenlik-ozellikli","title":{"rendered":"S10 Ak\u0131ll\u0131 \u00c7ocuk Saati Konum Takip ve G\u00fcvenlik \u00d6zellikli"},"content":{"rendered":"<p>Ak\u0131ll\u0131 \u00e7ocuk saati, hem g\u00fcvenlik hem de ileti\u015fim a\u00e7\u0131s\u0131ndan ailelerin g\u00fcvenle tercih edebilece\u011fi bir \u00e7\u00f6z\u00fcmd\u00fcr. GPS destekli konum takibiyle \u00e7ocu\u011funuzun bulundu\u011fu yeri g\u00f6rebilir, g\u00fcvenli alan ayar\u0131yla s\u0131n\u0131r d\u0131\u015f\u0131na \u00e7\u0131k\u0131ld\u0131\u011f\u0131nda uyar\u0131 alabilirsiniz. SOS butonu, acil durumlarda h\u0131zl\u0131 tepki vermeyi sa\u011flar. G\u00f6r\u00fcnt\u00fcl\u00fc g\u00f6r\u00fc\u015fme, sesli arama, mesaj ve kamera \u00f6zellikleriyle ileti\u015fimi g\u00fc\u00e7lendirir. D\u00fc\u015f\u00fck pil hat\u0131rlatma, uyku takibi ve ak\u0131ll\u0131 alarm gibi fonksiyonlarla g\u00fcnl\u00fck kullan\u0131m kolayla\u015f\u0131r. Uzaktan kapatma ve yeniden ba\u015flatma \u00f6zelli\u011fi, ebeveynlerin cihaz\u0131 her an y\u00f6netebilmesine imkan verir. \u015e\u0131k tasar\u0131m\u0131, renkli dokunmatik ekran\u0131 ve kolay kullan\u0131m\u0131yla \u00e7ocuklar i\u00e7in idealdir.<\/p>\n","protected":false},"excerpt":{"rendered":"<p>Ak\u0131ll\u0131 \u00e7ocuk saati, hem g\u00fcvenlik hem de ileti\u015fim a\u00e7\u0131s\u0131ndan ailelerin g\u00fcvenle tercih edebilece\u011fi bir \u00e7\u00f6z\u00fcmd\u00fcr. GPS destekli konum takibiyle \u00e7ocu\u011funuzun bulundu\u011fu yeri g\u00f6rebilir, g\u00fcvenli alan ayar\u0131yla s\u0131n\u0131r d\u0131\u015f\u0131na \u00e7\u0131k\u0131ld\u0131\u011f\u0131nda uyar\u0131 alabilirsiniz. SOS butonu, acil durumlarda h\u0131zl\u0131 tepki vermeyi sa\u011flar. G\u00f6r\u00fcnt\u00fcl\u00fc g\u00f6r\u00fc\u015fme, sesli arama, mesaj ve kamera \u00f6zellikleriyle ileti\u015fimi g\u00fc\u00e7lendirir. D\u00fc\u015f\u00fck pil hat\u0131rlatma, uyku takibi ve&#8230;<\/p>\n","protected":false},"featured_media":114996,"comment_status":"open","ping_status":"closed","template":"","meta":{"_kad_post_transparent":"","_kad_post_title":"","_kad_post_layout":"","_kad_post_sidebar_id":"","_kad_post_content_style":"","_kad_post_vertical_padding":"","_kad_post_feature":"","_kad_post_feature_position":"","_kad_post_header":false,"_kad_post_footer":false,"_kad_post_classname":""},"product_brand":[],"product_cat":[14935],"product_tag":[],"class_list":{"0":"post-114997","1":"product","2":"type-product","3":"status-publish","4":"has-post-thumbnail","6":"product_cat-akilli-saatler-akilli-saatler","8":"first","9":"instock","10":"purchasable","11":"product-type-simple","12":"entry","13":"content-bg","14":"loop-entry"},"_links":{"self":[{"href":"https:\/\/www.hediyepazar.com\/index.php?rest_route=\/wp\/v2\/product\/114997","targetHints":{"allow":["GET"]}}],"collection":[{"href":"https:\/\/www.hediyepazar.com\/index.php?rest_route=\/wp\/v2\/product"}],"about":[{"href":"https:\/\/www.hediyepazar.com\/index.php?rest_route=\/wp\/v2\/types\/product"}],"replies":[{"embeddable":true,"href":"https:\/\/www.hediyepazar.com\/index.php?rest_route=%2Fwp%2Fv2%2Fcomments&post=114997"}],"wp:featuredmedia":[{"embeddable":true,"href":"https:\/\/www.hediyepazar.com\/index.php?rest_route=\/wp\/v2\/media\/114996"}],"wp:attachment":[{"href":"https:\/\/www.hediyepazar.com\/index.php?rest_route=%2Fwp%2Fv2%2Fmedia&parent=114997"}],"wp:term":[{"taxonomy":"product_brand","embeddable":true,"href":"https:\/\/www.hediyepazar.com\/index.php?rest_route=%2Fwp%2Fv2%2Fproduct_brand&post=114997"},{"taxonomy":"product_cat","embeddable":true,"href":"https:\/\/www.hediyepazar.com\/index.php?rest_route=%2Fwp%2Fv2%2Fproduct_cat&post=114997"},{"taxonomy":"product_tag","embeddable":true,"href":"https:\/\/www.hediyepazar.com\/index.php?rest_route=%2Fwp%2Fv2%2Fproduct_tag&post=114997"}],"curies":[{"name":"wp","href":"https:\/\/api.w.org\/{rel}","templated":true}]}}