{"id":114999,"date":"2026-05-05T13:45:03","date_gmt":"2026-05-05T16:45:03","guid":{"rendered":"https:\/\/www.hediyepazar.com\/?product=s10-akilli-cocuk-saati-cift-yonlu-konusma-ve-sos-fonksiyonu"},"modified":"2026-05-05T13:45:03","modified_gmt":"2026-05-05T16:45:03","slug":"s10-akilli-cocuk-saati-cift-yonlu-konusma-ve-sos-fonksiyonu","status":"publish","type":"product","link":"https:\/\/www.hediyepazar.com\/?product=s10-akilli-cocuk-saati-cift-yonlu-konusma-ve-sos-fonksiyonu","title":{"rendered":"S10 Ak\u0131ll\u0131 \u00c7ocuk Saati \u00c7ift Y\u00f6nl\u00fc Konu\u015fma ve SOS Fonksiyonu"},"content":{"rendered":"<p>\u00c7ocuklar\u0131n g\u00fcvenli\u011fi i\u00e7in \u00f6zel olarak tasarlanan S10 Ak\u0131ll\u0131 \u00c7ocuk Saati, ebeveynlerin i\u00e7ini rahatlatan \u00e7ok say\u0131da fonksiyon sunar. \u00c7ift y\u00f6nl\u00fc konu\u015fma \u00f6zelli\u011fi sayesinde \u00e7ocu\u011funuzla her an ileti\u015fim kurabilir, sesli mesaj \u00f6zelli\u011fi ile kolay haberle\u015fme sa\u011flayabilirsiniz. SOS acil durum tu\u015fu, tek bir bas\u0131\u015fla belirlenen numaralar\u0131 arayarak \u00e7ocu\u011funuzun yard\u0131m \u00e7a\u011fr\u0131s\u0131 yapmas\u0131na olanak tan\u0131r. Elektronik bariyer sistemi ile \u00e7ocu\u011funuzun ev, okul veya belirlenen g\u00fcvenli alan d\u0131\u015f\u0131na \u00e7\u0131kmas\u0131 halinde an\u0131nda uyar\u0131 alabilirsiniz. Ayr\u0131ca saat, 30 g\u00fcn boyunca ge\u00e7mi\u015f konum bilgilerini kaydederek ebeveynlere detayl\u0131 takip imk\u00e2n\u0131 tan\u0131r. G\u00fcnl\u00fck aktiviteler i\u00e7in ad\u0131msayar ve \u00fc\u00e7 farkl\u0131 alarm fonksiyonu, \u00e7ocu\u011fun d\u00fczenli ya\u015fam\u0131na katk\u0131 sa\u011flar. Dayan\u0131kl\u0131 batarya yap\u0131s\u0131 ve ergonomik tasar\u0131m\u0131yla S10, g\u00fcvenlik ve pratik kullan\u0131m isteyen aileler i\u00e7in vazge\u00e7ilmez bir \u00fcr\u00fcnd\u00fcr.<\/p>\n","protected":false},"excerpt":{"rendered":"<p>\u00c7ocuklar\u0131n g\u00fcvenli\u011fi i\u00e7in \u00f6zel olarak tasarlanan S10 Ak\u0131ll\u0131 \u00c7ocuk Saati, ebeveynlerin i\u00e7ini rahatlatan \u00e7ok say\u0131da fonksiyon sunar. \u00c7ift y\u00f6nl\u00fc konu\u015fma \u00f6zelli\u011fi sayesinde \u00e7ocu\u011funuzla her an ileti\u015fim kurabilir, sesli mesaj \u00f6zelli\u011fi ile kolay haberle\u015fme sa\u011flayabilirsiniz. SOS acil durum tu\u015fu, tek bir bas\u0131\u015fla belirlenen numaralar\u0131 arayarak \u00e7ocu\u011funuzun yard\u0131m \u00e7a\u011fr\u0131s\u0131 yapmas\u0131na olanak tan\u0131r. Elektronik bariyer sistemi ile \u00e7ocu\u011funuzun&#8230;<\/p>\n","protected":false},"featured_media":114998,"comment_status":"open","ping_status":"closed","template":"","meta":{"_kad_post_transparent":"","_kad_post_title":"","_kad_post_layout":"","_kad_post_sidebar_id":"","_kad_post_content_style":"","_kad_post_vertical_padding":"","_kad_post_feature":"","_kad_post_feature_position":"","_kad_post_header":false,"_kad_post_footer":false,"_kad_post_classname":""},"product_brand":[],"product_cat":[14935],"product_tag":[],"class_list":{"0":"post-114999","1":"product","2":"type-product","3":"status-publish","4":"has-post-thumbnail","6":"product_cat-akilli-saatler-akilli-saatler","8":"first","9":"instock","10":"purchasable","11":"product-type-simple","12":"entry","13":"content-bg","14":"loop-entry"},"_links":{"self":[{"href":"https:\/\/www.hediyepazar.com\/index.php?rest_route=\/wp\/v2\/product\/114999","targetHints":{"allow":["GET"]}}],"collection":[{"href":"https:\/\/www.hediyepazar.com\/index.php?rest_route=\/wp\/v2\/product"}],"about":[{"href":"https:\/\/www.hediyepazar.com\/index.php?rest_route=\/wp\/v2\/types\/product"}],"replies":[{"embeddable":true,"href":"https:\/\/www.hediyepazar.com\/index.php?rest_route=%2Fwp%2Fv2%2Fcomments&post=114999"}],"wp:featuredmedia":[{"embeddable":true,"href":"https:\/\/www.hediyepazar.com\/index.php?rest_route=\/wp\/v2\/media\/114998"}],"wp:attachment":[{"href":"https:\/\/www.hediyepazar.com\/index.php?rest_route=%2Fwp%2Fv2%2Fmedia&parent=114999"}],"wp:term":[{"taxonomy":"product_brand","embeddable":true,"href":"https:\/\/www.hediyepazar.com\/index.php?rest_route=%2Fwp%2Fv2%2Fproduct_brand&post=114999"},{"taxonomy":"product_cat","embeddable":true,"href":"https:\/\/www.hediyepazar.com\/index.php?rest_route=%2Fwp%2Fv2%2Fproduct_cat&post=114999"},{"taxonomy":"product_tag","embeddable":true,"href":"https:\/\/www.hediyepazar.com\/index.php?rest_route=%2Fwp%2Fv2%2Fproduct_tag&post=114999"}],"curies":[{"name":"wp","href":"https:\/\/api.w.org\/{rel}","templated":true}]}}