{"id":115001,"date":"2026-05-05T13:45:09","date_gmt":"2026-05-05T16:45:09","guid":{"rendered":"https:\/\/www.hediyepazar.com\/?product=s10-cocuk-takip-saati-guvenli-alan-uyarisi-ve-sesli-mesaj"},"modified":"2026-05-05T13:45:09","modified_gmt":"2026-05-05T16:45:09","slug":"s10-cocuk-takip-saati-guvenli-alan-uyarisi-ve-sesli-mesaj","status":"publish","type":"product","link":"https:\/\/www.hediyepazar.com\/?product=s10-cocuk-takip-saati-guvenli-alan-uyarisi-ve-sesli-mesaj","title":{"rendered":"S10 \u00c7ocuk Takip Saati G\u00fcvenli Alan Uyar\u0131s\u0131 ve Sesli Mesaj"},"content":{"rendered":"<p>Ebeveynler i\u00e7in \u00e7ocuklar\u0131n\u0131n g\u00fcvenli\u011fi her zaman \u00f6nceliktir. S10 Ak\u0131ll\u0131 \u00c7ocuk Saati, sundu\u011fu geli\u015fmi\u015f g\u00fcvenlik \u00f6zellikleriyle bu ihtiyaca tam kar\u015f\u0131l\u0131k verir. Saat \u00fczerinden hem sesli mesaj g\u00f6nderebilir hem de \u00e7ift y\u00f6nl\u00fc konu\u015fma yapabilirsiniz. \u00c7ocu\u011funuz, SOS tu\u015funa basarak acil durumda yard\u0131m \u00e7a\u011fr\u0131s\u0131 yapabilir ve konum bilgisini size iletebilir. Elektronik bariyer \u00f6zelli\u011fi ile \u00e7ocu\u011funuzun g\u00fcvenli b\u00f6lgede olup olmad\u0131\u011f\u0131n\u0131 takip edebilir, alan d\u0131\u015f\u0131na \u00e7\u0131kt\u0131\u011f\u0131nda an\u0131nda uyar\u0131 alabilirsiniz. 30 g\u00fcne kadar konum ge\u00e7mi\u015fi \u00f6zelli\u011fi, \u00e7ocu\u011funuzun nerede oldu\u011funu her zaman bilmenizi sa\u011flar. \u00dcstelik ad\u0131msayar fonksiyonu ile \u00e7ocuklar\u0131n\u0131z\u0131n hareketlerini takip edebilir, \u00fc\u00e7 farkl\u0131 alarm kurarak d\u00fczenli ya\u015fam al\u0131\u015fkanl\u0131klar\u0131 kazand\u0131rabilirsiniz. \u00c7ocu\u011funuz i\u00e7in g\u00fcvenilir, ebeveynler i\u00e7in rahatlat\u0131c\u0131 bir cihaz ar\u0131yorsan\u0131z, S10 Ak\u0131ll\u0131 \u00c7ocuk Saati do\u011fru tercih.<\/p>\n","protected":false},"excerpt":{"rendered":"<p>Ebeveynler i\u00e7in \u00e7ocuklar\u0131n\u0131n g\u00fcvenli\u011fi her zaman \u00f6nceliktir. S10 Ak\u0131ll\u0131 \u00c7ocuk Saati, sundu\u011fu geli\u015fmi\u015f g\u00fcvenlik \u00f6zellikleriyle bu ihtiyaca tam kar\u015f\u0131l\u0131k verir. Saat \u00fczerinden hem sesli mesaj g\u00f6nderebilir hem de \u00e7ift y\u00f6nl\u00fc konu\u015fma yapabilirsiniz. \u00c7ocu\u011funuz, SOS tu\u015funa basarak acil durumda yard\u0131m \u00e7a\u011fr\u0131s\u0131 yapabilir ve konum bilgisini size iletebilir. Elektronik bariyer \u00f6zelli\u011fi ile \u00e7ocu\u011funuzun g\u00fcvenli b\u00f6lgede olup olmad\u0131\u011f\u0131n\u0131&#8230;<\/p>\n","protected":false},"featured_media":115000,"comment_status":"open","ping_status":"closed","template":"","meta":{"_kad_post_transparent":"","_kad_post_title":"","_kad_post_layout":"","_kad_post_sidebar_id":"","_kad_post_content_style":"","_kad_post_vertical_padding":"","_kad_post_feature":"","_kad_post_feature_position":"","_kad_post_header":false,"_kad_post_footer":false,"_kad_post_classname":""},"product_brand":[],"product_cat":[14935],"product_tag":[],"class_list":{"0":"post-115001","1":"product","2":"type-product","3":"status-publish","4":"has-post-thumbnail","6":"product_cat-akilli-saatler-akilli-saatler","8":"first","9":"instock","10":"purchasable","11":"product-type-simple","12":"entry","13":"content-bg","14":"loop-entry"},"_links":{"self":[{"href":"https:\/\/www.hediyepazar.com\/index.php?rest_route=\/wp\/v2\/product\/115001","targetHints":{"allow":["GET"]}}],"collection":[{"href":"https:\/\/www.hediyepazar.com\/index.php?rest_route=\/wp\/v2\/product"}],"about":[{"href":"https:\/\/www.hediyepazar.com\/index.php?rest_route=\/wp\/v2\/types\/product"}],"replies":[{"embeddable":true,"href":"https:\/\/www.hediyepazar.com\/index.php?rest_route=%2Fwp%2Fv2%2Fcomments&post=115001"}],"wp:featuredmedia":[{"embeddable":true,"href":"https:\/\/www.hediyepazar.com\/index.php?rest_route=\/wp\/v2\/media\/115000"}],"wp:attachment":[{"href":"https:\/\/www.hediyepazar.com\/index.php?rest_route=%2Fwp%2Fv2%2Fmedia&parent=115001"}],"wp:term":[{"taxonomy":"product_brand","embeddable":true,"href":"https:\/\/www.hediyepazar.com\/index.php?rest_route=%2Fwp%2Fv2%2Fproduct_brand&post=115001"},{"taxonomy":"product_cat","embeddable":true,"href":"https:\/\/www.hediyepazar.com\/index.php?rest_route=%2Fwp%2Fv2%2Fproduct_cat&post=115001"},{"taxonomy":"product_tag","embeddable":true,"href":"https:\/\/www.hediyepazar.com\/index.php?rest_route=%2Fwp%2Fv2%2Fproduct_tag&post=115001"}],"curies":[{"name":"wp","href":"https:\/\/api.w.org\/{rel}","templated":true}]}}