{"id":115003,"date":"2026-05-05T13:45:14","date_gmt":"2026-05-05T16:45:14","guid":{"rendered":"https:\/\/www.hediyepazar.com\/?product=s10-cocuk-akilli-saati-konum-gecmisi-ve-alarm-fonksiyonlu"},"modified":"2026-05-05T13:45:14","modified_gmt":"2026-05-05T16:45:14","slug":"s10-cocuk-akilli-saati-konum-gecmisi-ve-alarm-fonksiyonlu","status":"publish","type":"product","link":"https:\/\/www.hediyepazar.com\/?product=s10-cocuk-akilli-saati-konum-gecmisi-ve-alarm-fonksiyonlu","title":{"rendered":"S10 \u00c7ocuk Ak\u0131ll\u0131 Saati Konum Ge\u00e7mi\u015fi ve Alarm Fonksiyonlu"},"content":{"rendered":"<p>S10 Ak\u0131ll\u0131 \u00c7ocuk Saati, ebeveynlerin \u00e7ocuklar\u0131n\u0131n g\u00fcvenli\u011fini anl\u0131k olarak kontrol etmesini sa\u011flayan geli\u015fmi\u015f bir cihazd\u0131r. \u00c7ift y\u00f6nl\u00fc konu\u015fma \u00f6zelli\u011fi ile ileti\u015fim kurabilir, sesli mesaj \u00f6zelli\u011fi sayesinde k\u0131sa anl\u0131k haberle\u015fmeler yapabilirsiniz. SOS acil \u00e7a\u011fr\u0131 fonksiyonu, \u00e7ocu\u011funuzun zor durumda kalmas\u0131 halinde tek bir tu\u015fla yard\u0131m \u00e7a\u011fr\u0131s\u0131 yapmas\u0131na olanak tan\u0131r. Saatin sundu\u011fu elektronik bariyer \u00f6zelli\u011fi ile \u00e7ocu\u011funuzun g\u00fcvenli alanda kal\u0131p kalmad\u0131\u011f\u0131n\u0131 denetleyebilir, alan d\u0131\u015f\u0131na \u00e7\u0131kmas\u0131 durumunda bildirim alabilirsiniz. Konum takip sistemi sayesinde \u00e7ocu\u011funuzun bulundu\u011fu noktay\u0131 anl\u0131k olarak g\u00f6rebilir, ayr\u0131ca 30 g\u00fcne kadar ge\u00e7mi\u015f rotalar\u0131 inceleyebilirsiniz. G\u00fcnl\u00fck aktiviteleri \u00f6l\u00e7en ad\u0131msayar, \u00e7ocuklar\u0131n hareketlerini takip etmenizi sa\u011flar. Geli\u015fmi\u015f alarm fonksiyonu, \u00e7ocu\u011fun g\u00fcnl\u00fck d\u00fczenini olu\u015fturman\u0131z i\u00e7in ekstra fayda sunar. G\u00fcvenli ileti\u015fim ve g\u00fc\u00e7l\u00fc donan\u0131m\u0131yla S10 Ak\u0131ll\u0131 \u00c7ocuk Saati, \u00e7ocu\u011funuzun her an yan\u0131nda.<\/p>\n","protected":false},"excerpt":{"rendered":"<p>S10 Ak\u0131ll\u0131 \u00c7ocuk Saati, ebeveynlerin \u00e7ocuklar\u0131n\u0131n g\u00fcvenli\u011fini anl\u0131k olarak kontrol etmesini sa\u011flayan geli\u015fmi\u015f bir cihazd\u0131r. \u00c7ift y\u00f6nl\u00fc konu\u015fma \u00f6zelli\u011fi ile ileti\u015fim kurabilir, sesli mesaj \u00f6zelli\u011fi sayesinde k\u0131sa anl\u0131k haberle\u015fmeler yapabilirsiniz. SOS acil \u00e7a\u011fr\u0131 fonksiyonu, \u00e7ocu\u011funuzun zor durumda kalmas\u0131 halinde tek bir tu\u015fla yard\u0131m \u00e7a\u011fr\u0131s\u0131 yapmas\u0131na olanak tan\u0131r. Saatin sundu\u011fu elektronik bariyer \u00f6zelli\u011fi ile \u00e7ocu\u011funuzun g\u00fcvenli&#8230;<\/p>\n","protected":false},"featured_media":115002,"comment_status":"open","ping_status":"closed","template":"","meta":{"_kad_post_transparent":"","_kad_post_title":"","_kad_post_layout":"","_kad_post_sidebar_id":"","_kad_post_content_style":"","_kad_post_vertical_padding":"","_kad_post_feature":"","_kad_post_feature_position":"","_kad_post_header":false,"_kad_post_footer":false,"_kad_post_classname":""},"product_brand":[],"product_cat":[14935],"product_tag":[],"class_list":{"0":"post-115003","1":"product","2":"type-product","3":"status-publish","4":"has-post-thumbnail","6":"product_cat-akilli-saatler-akilli-saatler","8":"first","9":"instock","10":"purchasable","11":"product-type-simple","12":"entry","13":"content-bg","14":"loop-entry"},"_links":{"self":[{"href":"https:\/\/www.hediyepazar.com\/index.php?rest_route=\/wp\/v2\/product\/115003","targetHints":{"allow":["GET"]}}],"collection":[{"href":"https:\/\/www.hediyepazar.com\/index.php?rest_route=\/wp\/v2\/product"}],"about":[{"href":"https:\/\/www.hediyepazar.com\/index.php?rest_route=\/wp\/v2\/types\/product"}],"replies":[{"embeddable":true,"href":"https:\/\/www.hediyepazar.com\/index.php?rest_route=%2Fwp%2Fv2%2Fcomments&post=115003"}],"wp:featuredmedia":[{"embeddable":true,"href":"https:\/\/www.hediyepazar.com\/index.php?rest_route=\/wp\/v2\/media\/115002"}],"wp:attachment":[{"href":"https:\/\/www.hediyepazar.com\/index.php?rest_route=%2Fwp%2Fv2%2Fmedia&parent=115003"}],"wp:term":[{"taxonomy":"product_brand","embeddable":true,"href":"https:\/\/www.hediyepazar.com\/index.php?rest_route=%2Fwp%2Fv2%2Fproduct_brand&post=115003"},{"taxonomy":"product_cat","embeddable":true,"href":"https:\/\/www.hediyepazar.com\/index.php?rest_route=%2Fwp%2Fv2%2Fproduct_cat&post=115003"},{"taxonomy":"product_tag","embeddable":true,"href":"https:\/\/www.hediyepazar.com\/index.php?rest_route=%2Fwp%2Fv2%2Fproduct_tag&post=115003"}],"curies":[{"name":"wp","href":"https:\/\/api.w.org\/{rel}","templated":true}]}}