{"id":115005,"date":"2026-05-05T13:45:19","date_gmt":"2026-05-05T16:45:19","guid":{"rendered":"https:\/\/www.hediyepazar.com\/?product=s10-siyah-akilli-cocuk-saati-konum-takip-ve-guvenlik-ozellikli"},"modified":"2026-05-05T13:45:19","modified_gmt":"2026-05-05T16:45:19","slug":"s10-siyah-akilli-cocuk-saati-konum-takip-ve-guvenlik-ozellikli","status":"publish","type":"product","link":"https:\/\/www.hediyepazar.com\/?product=s10-siyah-akilli-cocuk-saati-konum-takip-ve-guvenlik-ozellikli","title":{"rendered":"S10 Siyah Ak\u0131ll\u0131 \u00c7ocuk Saati Konum Takip ve G\u00fcvenlik \u00d6zellikli"},"content":{"rendered":"<p>S10 Siyah Ak\u0131ll\u0131 \u00c7ocuk Saati, \u00e7ocu\u011funuzun g\u00fcvenli\u011fini sa\u011flamak i\u00e7in geli\u015ftirilmi\u015f fonksiyonlar\u0131yla modern ailelerin tercihidir. \u00c7ift y\u00f6nl\u00fc konu\u015fma \u00f6zelli\u011fi sayesinde \u00e7ocu\u011funuzla her an ileti\u015fim kurabilir, sesli mesaj fonksiyonuyla pratik haberle\u015fme sa\u011flayabilirsiniz. SOS acil durum tu\u015fu, tek bas\u0131\u015fla \u00e7ocu\u011funuzun \u00f6nceden belirlenen numaralara ula\u015fmas\u0131n\u0131 ve konum bilgisini payla\u015fmas\u0131n\u0131 m\u00fcmk\u00fcn k\u0131lar. Elektronik bariyer \u00f6zelli\u011fi ile \u00e7ocu\u011funuzun belirledi\u011finiz g\u00fcvenli alanlardan ayr\u0131l\u0131p ayr\u0131lmad\u0131\u011f\u0131n\u0131 an\u0131nda takip edebilirsiniz. Harita \u00fczerinden anl\u0131k konum takibi yapabilir, 30 g\u00fcne kadar ge\u00e7mi\u015f rotalar\u0131 g\u00f6r\u00fcnt\u00fcleyebilirsiniz. Saatin alarm fonksiyonlar\u0131 \u00e7ocu\u011funuza d\u00fczenli ya\u015fam al\u0131\u015fkanl\u0131\u011f\u0131 kazand\u0131r\u0131rken, ad\u0131msayar \u00f6zelli\u011fi g\u00fcnl\u00fck hareketlerini kay\u0131t alt\u0131na al\u0131r. Dayan\u0131kl\u0131 yap\u0131s\u0131, uzun pil \u00f6mr\u00fc ve \u015f\u0131k siyah tasar\u0131m\u0131yla hem g\u00fcvenlik hem de \u015f\u0131kl\u0131\u011f\u0131 bir arada sunar.<\/p>\n","protected":false},"excerpt":{"rendered":"<p>S10 Siyah Ak\u0131ll\u0131 \u00c7ocuk Saati, \u00e7ocu\u011funuzun g\u00fcvenli\u011fini sa\u011flamak i\u00e7in geli\u015ftirilmi\u015f fonksiyonlar\u0131yla modern ailelerin tercihidir. \u00c7ift y\u00f6nl\u00fc konu\u015fma \u00f6zelli\u011fi sayesinde \u00e7ocu\u011funuzla her an ileti\u015fim kurabilir, sesli mesaj fonksiyonuyla pratik haberle\u015fme sa\u011flayabilirsiniz. SOS acil durum tu\u015fu, tek bas\u0131\u015fla \u00e7ocu\u011funuzun \u00f6nceden belirlenen numaralara ula\u015fmas\u0131n\u0131 ve konum bilgisini payla\u015fmas\u0131n\u0131 m\u00fcmk\u00fcn k\u0131lar. Elektronik bariyer \u00f6zelli\u011fi ile \u00e7ocu\u011funuzun belirledi\u011finiz g\u00fcvenli alanlardan&#8230;<\/p>\n","protected":false},"featured_media":115004,"comment_status":"open","ping_status":"closed","template":"","meta":{"_kad_post_transparent":"","_kad_post_title":"","_kad_post_layout":"","_kad_post_sidebar_id":"","_kad_post_content_style":"","_kad_post_vertical_padding":"","_kad_post_feature":"","_kad_post_feature_position":"","_kad_post_header":false,"_kad_post_footer":false,"_kad_post_classname":""},"product_brand":[],"product_cat":[14935],"product_tag":[],"class_list":{"0":"post-115005","1":"product","2":"type-product","3":"status-publish","4":"has-post-thumbnail","6":"product_cat-akilli-saatler-akilli-saatler","8":"first","9":"instock","10":"purchasable","11":"product-type-simple","12":"entry","13":"content-bg","14":"loop-entry"},"_links":{"self":[{"href":"https:\/\/www.hediyepazar.com\/index.php?rest_route=\/wp\/v2\/product\/115005","targetHints":{"allow":["GET"]}}],"collection":[{"href":"https:\/\/www.hediyepazar.com\/index.php?rest_route=\/wp\/v2\/product"}],"about":[{"href":"https:\/\/www.hediyepazar.com\/index.php?rest_route=\/wp\/v2\/types\/product"}],"replies":[{"embeddable":true,"href":"https:\/\/www.hediyepazar.com\/index.php?rest_route=%2Fwp%2Fv2%2Fcomments&post=115005"}],"wp:featuredmedia":[{"embeddable":true,"href":"https:\/\/www.hediyepazar.com\/index.php?rest_route=\/wp\/v2\/media\/115004"}],"wp:attachment":[{"href":"https:\/\/www.hediyepazar.com\/index.php?rest_route=%2Fwp%2Fv2%2Fmedia&parent=115005"}],"wp:term":[{"taxonomy":"product_brand","embeddable":true,"href":"https:\/\/www.hediyepazar.com\/index.php?rest_route=%2Fwp%2Fv2%2Fproduct_brand&post=115005"},{"taxonomy":"product_cat","embeddable":true,"href":"https:\/\/www.hediyepazar.com\/index.php?rest_route=%2Fwp%2Fv2%2Fproduct_cat&post=115005"},{"taxonomy":"product_tag","embeddable":true,"href":"https:\/\/www.hediyepazar.com\/index.php?rest_route=%2Fwp%2Fv2%2Fproduct_tag&post=115005"}],"curies":[{"name":"wp","href":"https:\/\/api.w.org\/{rel}","templated":true}]}}