{"id":115011,"date":"2026-05-05T13:46:08","date_gmt":"2026-05-05T16:46:08","guid":{"rendered":"https:\/\/www.hediyepazar.com\/?product=katlanabilir-tasarimli-tasinabilir-kablosuz-muzik-kulakligi"},"modified":"2026-05-05T13:46:08","modified_gmt":"2026-05-05T16:46:08","slug":"katlanabilir-tasarimli-tasinabilir-kablosuz-muzik-kulakligi","status":"publish","type":"product","link":"https:\/\/www.hediyepazar.com\/?product=katlanabilir-tasarimli-tasinabilir-kablosuz-muzik-kulakligi","title":{"rendered":"Katlanabilir Tasar\u0131ml\u0131 Ta\u015f\u0131nabilir Kablosuz M\u00fczik Kulakl\u0131\u011f\u0131"},"content":{"rendered":"<p>Kablosuz kulak \u00fcst\u00fc kulakl\u0131k, \u015f\u0131k g\u00f6r\u00fcn\u00fcm\u00fc ve \u00fcst\u00fcn performans\u0131yla dikkat \u00e7eker. Derin baslar\u0131, net sesleri ve geni\u015f frekans aral\u0131\u011f\u0131 ile m\u00fczi\u011fin t\u00fcm detaylar\u0131n\u0131 hissetmenizi sa\u011flar. Katlanabilir tasar\u0131m\u0131, saklama ve ta\u015f\u0131ma kolayl\u0131\u011f\u0131 sunarak seyahatlerde m\u00fckemmel bir \u00e7\u00f6z\u00fcm haline gelir. Ergonomik kulak yast\u0131klar\u0131 sayesinde uzun s\u00fcreli kullan\u0131mda bile rahatl\u0131k sa\u011flar. Bluetooth ba\u011flant\u0131s\u0131 ile kablosuz \u00f6zg\u00fcrl\u00fck ya\u015fat\u0131r. Evde film izlerken, ofiste \u00e7al\u0131\u015f\u0131rken veya d\u0131\u015far\u0131da m\u00fczik dinlerken bu kulakl\u0131k, y\u00fcksek ses kalitesiyle her an\u0131n\u0131za e\u015flik eder.<\/p>\n","protected":false},"excerpt":{"rendered":"<p>Kablosuz kulak \u00fcst\u00fc kulakl\u0131k, \u015f\u0131k g\u00f6r\u00fcn\u00fcm\u00fc ve \u00fcst\u00fcn performans\u0131yla dikkat \u00e7eker. Derin baslar\u0131, net sesleri ve geni\u015f frekans aral\u0131\u011f\u0131 ile m\u00fczi\u011fin t\u00fcm detaylar\u0131n\u0131 hissetmenizi sa\u011flar. Katlanabilir tasar\u0131m\u0131, saklama ve ta\u015f\u0131ma kolayl\u0131\u011f\u0131 sunarak seyahatlerde m\u00fckemmel bir \u00e7\u00f6z\u00fcm haline gelir. Ergonomik kulak yast\u0131klar\u0131 sayesinde uzun s\u00fcreli kullan\u0131mda bile rahatl\u0131k sa\u011flar. Bluetooth ba\u011flant\u0131s\u0131 ile kablosuz \u00f6zg\u00fcrl\u00fck ya\u015fat\u0131r. Evde&#8230;<\/p>\n","protected":false},"featured_media":115010,"comment_status":"open","ping_status":"closed","template":"","meta":{"_kad_post_transparent":"","_kad_post_title":"","_kad_post_layout":"","_kad_post_sidebar_id":"","_kad_post_content_style":"","_kad_post_vertical_padding":"","_kad_post_feature":"","_kad_post_feature_position":"","_kad_post_header":false,"_kad_post_footer":false,"_kad_post_classname":""},"product_brand":[],"product_cat":[14957],"product_tag":[],"class_list":{"0":"post-115011","1":"product","2":"type-product","3":"status-publish","4":"has-post-thumbnail","6":"product_cat-kablosuz-kulaklik-kablosuz-kulaklik","8":"first","9":"instock","10":"purchasable","11":"product-type-simple","12":"entry","13":"content-bg","14":"loop-entry"},"_links":{"self":[{"href":"https:\/\/www.hediyepazar.com\/index.php?rest_route=\/wp\/v2\/product\/115011","targetHints":{"allow":["GET"]}}],"collection":[{"href":"https:\/\/www.hediyepazar.com\/index.php?rest_route=\/wp\/v2\/product"}],"about":[{"href":"https:\/\/www.hediyepazar.com\/index.php?rest_route=\/wp\/v2\/types\/product"}],"replies":[{"embeddable":true,"href":"https:\/\/www.hediyepazar.com\/index.php?rest_route=%2Fwp%2Fv2%2Fcomments&post=115011"}],"wp:featuredmedia":[{"embeddable":true,"href":"https:\/\/www.hediyepazar.com\/index.php?rest_route=\/wp\/v2\/media\/115010"}],"wp:attachment":[{"href":"https:\/\/www.hediyepazar.com\/index.php?rest_route=%2Fwp%2Fv2%2Fmedia&parent=115011"}],"wp:term":[{"taxonomy":"product_brand","embeddable":true,"href":"https:\/\/www.hediyepazar.com\/index.php?rest_route=%2Fwp%2Fv2%2Fproduct_brand&post=115011"},{"taxonomy":"product_cat","embeddable":true,"href":"https:\/\/www.hediyepazar.com\/index.php?rest_route=%2Fwp%2Fv2%2Fproduct_cat&post=115011"},{"taxonomy":"product_tag","embeddable":true,"href":"https:\/\/www.hediyepazar.com\/index.php?rest_route=%2Fwp%2Fv2%2Fproduct_tag&post=115011"}],"curies":[{"name":"wp","href":"https:\/\/api.w.org\/{rel}","templated":true}]}}