{"id":115021,"date":"2026-05-05T13:47:09","date_gmt":"2026-05-05T16:47:09","guid":{"rendered":"https:\/\/www.hediyepazar.com\/?product=mikrofonlu-ve-ses-kontrollu-kablosuz-kulak-ici-kulaklik"},"modified":"2026-05-05T13:47:09","modified_gmt":"2026-05-05T16:47:09","slug":"mikrofonlu-ve-ses-kontrollu-kablosuz-kulak-ici-kulaklik","status":"publish","type":"product","link":"https:\/\/www.hediyepazar.com\/?product=mikrofonlu-ve-ses-kontrollu-kablosuz-kulak-ici-kulaklik","title":{"rendered":"Mikrofonlu ve Ses Kontroll\u00fc Kablosuz Kulak \u0130\u00e7i Kulakl\u0131k"},"content":{"rendered":"<p>Bu klipsli Bluetooth kulakl\u0131k, i\u015f hayat\u0131 i\u00e7in profesyonel bir \u00e7\u00f6z\u00fcm sunarken g\u00fcnl\u00fck kullan\u0131mda da pratiklik sa\u011flar. Uzun konu\u015fma ve m\u00fczik s\u00fcresiyle g\u00fcn boyu kesintisiz ileti\u015fim imkan\u0131 verir. 120 dakika i\u00e7erisinde tamamen \u015farj olabilir ve 10 saate kadar kullan\u0131m sa\u011flar. 160 saatlik bekleme s\u00fcresi, kulakl\u0131\u011f\u0131n\u0131z\u0131 ihtiya\u00e7 an\u0131nda haz\u0131r tutar. Geri \u00e7ekilebilir kablo teknolojisi, kulakl\u0131\u011f\u0131 kullanmad\u0131\u011f\u0131n\u0131zda d\u00fczenli \u015fekilde saklaman\u0131za yard\u0131mc\u0131 olur. Ayn\u0131 anda iki cihaz\u0131 ba\u011flama \u00f6zelli\u011fi sayesinde telefonlar aras\u0131nda kolayca ge\u00e7i\u015f yapabilirsiniz. Ergonomik kulak i\u00e7i yap\u0131s\u0131 sayesinde uzun s\u00fcreli kullan\u0131mlarda dahi rahatl\u0131k sunar. Eller serbest arama, \u015fark\u0131 de\u011fi\u015ftirme ve ses kontrol\u00fc \u00f6zellikleri ile \u00e7ok y\u00f6nl\u00fc kullan\u0131m imkan\u0131 sa\u011flar.<\/p>\n","protected":false},"excerpt":{"rendered":"<p>Bu klipsli Bluetooth kulakl\u0131k, i\u015f hayat\u0131 i\u00e7in profesyonel bir \u00e7\u00f6z\u00fcm sunarken g\u00fcnl\u00fck kullan\u0131mda da pratiklik sa\u011flar. Uzun konu\u015fma ve m\u00fczik s\u00fcresiyle g\u00fcn boyu kesintisiz ileti\u015fim imkan\u0131 verir. 120 dakika i\u00e7erisinde tamamen \u015farj olabilir ve 10 saate kadar kullan\u0131m sa\u011flar. 160 saatlik bekleme s\u00fcresi, kulakl\u0131\u011f\u0131n\u0131z\u0131 ihtiya\u00e7 an\u0131nda haz\u0131r tutar. Geri \u00e7ekilebilir kablo teknolojisi, kulakl\u0131\u011f\u0131 kullanmad\u0131\u011f\u0131n\u0131zda d\u00fczenli&#8230;<\/p>\n","protected":false},"featured_media":115020,"comment_status":"open","ping_status":"closed","template":"","meta":{"_kad_post_transparent":"","_kad_post_title":"","_kad_post_layout":"","_kad_post_sidebar_id":"","_kad_post_content_style":"","_kad_post_vertical_padding":"","_kad_post_feature":"","_kad_post_feature_position":"","_kad_post_header":false,"_kad_post_footer":false,"_kad_post_classname":""},"product_brand":[],"product_cat":[14957],"product_tag":[],"class_list":{"0":"post-115021","1":"product","2":"type-product","3":"status-publish","4":"has-post-thumbnail","6":"product_cat-kablosuz-kulaklik-kablosuz-kulaklik","8":"first","9":"instock","10":"purchasable","11":"product-type-simple","12":"entry","13":"content-bg","14":"loop-entry"},"_links":{"self":[{"href":"https:\/\/www.hediyepazar.com\/index.php?rest_route=\/wp\/v2\/product\/115021","targetHints":{"allow":["GET"]}}],"collection":[{"href":"https:\/\/www.hediyepazar.com\/index.php?rest_route=\/wp\/v2\/product"}],"about":[{"href":"https:\/\/www.hediyepazar.com\/index.php?rest_route=\/wp\/v2\/types\/product"}],"replies":[{"embeddable":true,"href":"https:\/\/www.hediyepazar.com\/index.php?rest_route=%2Fwp%2Fv2%2Fcomments&post=115021"}],"wp:featuredmedia":[{"embeddable":true,"href":"https:\/\/www.hediyepazar.com\/index.php?rest_route=\/wp\/v2\/media\/115020"}],"wp:attachment":[{"href":"https:\/\/www.hediyepazar.com\/index.php?rest_route=%2Fwp%2Fv2%2Fmedia&parent=115021"}],"wp:term":[{"taxonomy":"product_brand","embeddable":true,"href":"https:\/\/www.hediyepazar.com\/index.php?rest_route=%2Fwp%2Fv2%2Fproduct_brand&post=115021"},{"taxonomy":"product_cat","embeddable":true,"href":"https:\/\/www.hediyepazar.com\/index.php?rest_route=%2Fwp%2Fv2%2Fproduct_cat&post=115021"},{"taxonomy":"product_tag","embeddable":true,"href":"https:\/\/www.hediyepazar.com\/index.php?rest_route=%2Fwp%2Fv2%2Fproduct_tag&post=115021"}],"curies":[{"name":"wp","href":"https:\/\/api.w.org\/{rel}","templated":true}]}}