{"id":115023,"date":"2026-05-05T13:47:15","date_gmt":"2026-05-05T16:47:15","guid":{"rendered":"https:\/\/www.hediyepazar.com\/?product=10-saat-konusma-sureli-klipsli-bluetooth-kulaklik"},"modified":"2026-05-05T13:47:15","modified_gmt":"2026-05-05T16:47:15","slug":"10-saat-konusma-sureli-klipsli-bluetooth-kulaklik","status":"publish","type":"product","link":"https:\/\/www.hediyepazar.com\/?product=10-saat-konusma-sureli-klipsli-bluetooth-kulaklik","title":{"rendered":"10 Saat Konu\u015fma S\u00fcreli Klipsli Bluetooth Kulakl\u0131k"},"content":{"rendered":"<p>Geli\u015fmi\u015f \u00f6zelliklerle donat\u0131lm\u0131\u015f bu kablosuz Bluetooth kulakl\u0131k, g\u00fcnl\u00fck ya\u015fam\u0131n\u0131z\u0131 kolayla\u015ft\u0131r\u0131r. Uzun pil \u00f6mr\u00fc sayesinde 10 saate kadar kesintisiz konu\u015fma ve m\u00fczik keyfi sunar. 160 saatlik bekleme s\u00fcresiyle acil durumlarda bile haz\u0131rd\u0131r. Klipsli yap\u0131s\u0131 sayesinde g\u00f6mle\u011finize veya ceketinize takarak ta\u015f\u0131mak son derece pratiktir. Geri \u00e7ekilebilir kablo teknolojisiyle kulakl\u0131\u011f\u0131 d\u00fczenli \u015fekilde saklayabilirsiniz. Ayn\u0131 anda iki farkl\u0131 cihaz\u0131 ba\u011flama imkan\u0131 sunarak kullan\u0131m kolayl\u0131\u011f\u0131 sa\u011flar. Eller serbest g\u00f6r\u00fc\u015fme \u00f6zelli\u011fi ile aramalar\u0131n\u0131z\u0131 g\u00fcvenli \u015fekilde yapabilir, ses kontrol\u00fcyle m\u00fczi\u011finizi y\u00f6netebilirsiniz. Bluetooth 5.1 teknolojisi h\u0131zl\u0131 ve stabil ba\u011flant\u0131 sunar. Kompakt tasar\u0131m\u0131yla i\u015f hayat\u0131nda, seyahatlerde veya g\u00fcnl\u00fck aktivitelerde rahatl\u0131kla kullan\u0131labilir.<\/p>\n","protected":false},"excerpt":{"rendered":"<p>Geli\u015fmi\u015f \u00f6zelliklerle donat\u0131lm\u0131\u015f bu kablosuz Bluetooth kulakl\u0131k, g\u00fcnl\u00fck ya\u015fam\u0131n\u0131z\u0131 kolayla\u015ft\u0131r\u0131r. Uzun pil \u00f6mr\u00fc sayesinde 10 saate kadar kesintisiz konu\u015fma ve m\u00fczik keyfi sunar. 160 saatlik bekleme s\u00fcresiyle acil durumlarda bile haz\u0131rd\u0131r. Klipsli yap\u0131s\u0131 sayesinde g\u00f6mle\u011finize veya ceketinize takarak ta\u015f\u0131mak son derece pratiktir. Geri \u00e7ekilebilir kablo teknolojisiyle kulakl\u0131\u011f\u0131 d\u00fczenli \u015fekilde saklayabilirsiniz. Ayn\u0131 anda iki farkl\u0131 cihaz\u0131&#8230;<\/p>\n","protected":false},"featured_media":115022,"comment_status":"open","ping_status":"closed","template":"","meta":{"_kad_post_transparent":"","_kad_post_title":"","_kad_post_layout":"","_kad_post_sidebar_id":"","_kad_post_content_style":"","_kad_post_vertical_padding":"","_kad_post_feature":"","_kad_post_feature_position":"","_kad_post_header":false,"_kad_post_footer":false,"_kad_post_classname":""},"product_brand":[],"product_cat":[14957],"product_tag":[],"class_list":{"0":"post-115023","1":"product","2":"type-product","3":"status-publish","4":"has-post-thumbnail","6":"product_cat-kablosuz-kulaklik-kablosuz-kulaklik","8":"first","9":"instock","10":"purchasable","11":"product-type-simple","12":"entry","13":"content-bg","14":"loop-entry"},"_links":{"self":[{"href":"https:\/\/www.hediyepazar.com\/index.php?rest_route=\/wp\/v2\/product\/115023","targetHints":{"allow":["GET"]}}],"collection":[{"href":"https:\/\/www.hediyepazar.com\/index.php?rest_route=\/wp\/v2\/product"}],"about":[{"href":"https:\/\/www.hediyepazar.com\/index.php?rest_route=\/wp\/v2\/types\/product"}],"replies":[{"embeddable":true,"href":"https:\/\/www.hediyepazar.com\/index.php?rest_route=%2Fwp%2Fv2%2Fcomments&post=115023"}],"wp:featuredmedia":[{"embeddable":true,"href":"https:\/\/www.hediyepazar.com\/index.php?rest_route=\/wp\/v2\/media\/115022"}],"wp:attachment":[{"href":"https:\/\/www.hediyepazar.com\/index.php?rest_route=%2Fwp%2Fv2%2Fmedia&parent=115023"}],"wp:term":[{"taxonomy":"product_brand","embeddable":true,"href":"https:\/\/www.hediyepazar.com\/index.php?rest_route=%2Fwp%2Fv2%2Fproduct_brand&post=115023"},{"taxonomy":"product_cat","embeddable":true,"href":"https:\/\/www.hediyepazar.com\/index.php?rest_route=%2Fwp%2Fv2%2Fproduct_cat&post=115023"},{"taxonomy":"product_tag","embeddable":true,"href":"https:\/\/www.hediyepazar.com\/index.php?rest_route=%2Fwp%2Fv2%2Fproduct_tag&post=115023"}],"curies":[{"name":"wp","href":"https:\/\/api.w.org\/{rel}","templated":true}]}}