{"id":115031,"date":"2026-05-05T13:49:06","date_gmt":"2026-05-05T16:49:06","guid":{"rendered":"https:\/\/www.hediyepazar.com\/?product=p62-bluetooth-hoparlor"},"modified":"2026-05-05T13:49:06","modified_gmt":"2026-05-05T16:49:06","slug":"p62-bluetooth-hoparlor","status":"publish","type":"product","link":"https:\/\/www.hediyepazar.com\/?product=p62-bluetooth-hoparlor","title":{"rendered":"P62 Bluetooth Hoparl\u00f6r"},"content":{"rendered":"<p>Ta\u015f\u0131nabilir Bluetooth hoparl\u00f6r, g\u00fc\u00e7l\u00fc ses \u00e7\u0131k\u0131\u015f\u0131 ve \u015f\u0131k tasar\u0131m\u0131yla m\u00fczik deneyiminizi \u00fcst seviyeye ta\u015f\u0131r. 1200mAh bataryas\u0131 uzun s\u00fcreli kullan\u0131m i\u00e7in idealdir ve 8 saate kadar m\u00fczik keyfi sunar. RGB \u0131\u015f\u0131klar\u0131yla m\u00fczikle uyumlu bir atmosfer yarat\u0131r. 360\u00b0 surround ses \u00f6zelli\u011fi ile hem net tizleri hem de g\u00fc\u00e7l\u00fc baslar\u0131 duyabilirsiniz. Bluetooth 5.0 teknolojisi sayesinde telefon, tablet, bilgisayar gibi cihazlarla kolayca ba\u011flant\u0131 kurar. Sadece 2-3 saatte tam \u015farj olur ve kompakt boyutlar\u0131 sayesinde kolayca ta\u015f\u0131nabilir. Dayan\u0131kl\u0131 yap\u0131s\u0131 uzun s\u00fcreli kullan\u0131m sa\u011flar. Dahili mikrofon \u00f6zelli\u011fi ile aramalar\u0131n\u0131z\u0131 eller serbest \u015fekilde yapabilirsiniz. Hem g\u00fcnl\u00fck kullan\u0131mda hem de seyahatlerde yan\u0131n\u0131zda bulunmas\u0131 gereken ideal bir hoparl\u00f6rd\u00fcr.<\/p>\n","protected":false},"excerpt":{"rendered":"<p>Ta\u015f\u0131nabilir Bluetooth hoparl\u00f6r, g\u00fc\u00e7l\u00fc ses \u00e7\u0131k\u0131\u015f\u0131 ve \u015f\u0131k tasar\u0131m\u0131yla m\u00fczik deneyiminizi \u00fcst seviyeye ta\u015f\u0131r. 1200mAh bataryas\u0131 uzun s\u00fcreli kullan\u0131m i\u00e7in idealdir ve 8 saate kadar m\u00fczik keyfi sunar. RGB \u0131\u015f\u0131klar\u0131yla m\u00fczikle uyumlu bir atmosfer yarat\u0131r. 360\u00b0 surround ses \u00f6zelli\u011fi ile hem net tizleri hem de g\u00fc\u00e7l\u00fc baslar\u0131 duyabilirsiniz. Bluetooth 5.0 teknolojisi sayesinde telefon, tablet, bilgisayar&#8230;<\/p>\n","protected":false},"featured_media":115030,"comment_status":"open","ping_status":"closed","template":"","meta":{"_kad_post_transparent":"","_kad_post_title":"","_kad_post_layout":"","_kad_post_sidebar_id":"","_kad_post_content_style":"","_kad_post_vertical_padding":"","_kad_post_feature":"","_kad_post_feature_position":"","_kad_post_header":false,"_kad_post_footer":false,"_kad_post_classname":""},"product_brand":[],"product_cat":[14911],"product_tag":[],"class_list":{"0":"post-115031","1":"product","2":"type-product","3":"status-publish","4":"has-post-thumbnail","6":"product_cat-kablosuz-hoparlor-kablosuz-hoparlor","8":"first","9":"instock","10":"purchasable","11":"product-type-simple","12":"entry","13":"content-bg","14":"loop-entry"},"_links":{"self":[{"href":"https:\/\/www.hediyepazar.com\/index.php?rest_route=\/wp\/v2\/product\/115031","targetHints":{"allow":["GET"]}}],"collection":[{"href":"https:\/\/www.hediyepazar.com\/index.php?rest_route=\/wp\/v2\/product"}],"about":[{"href":"https:\/\/www.hediyepazar.com\/index.php?rest_route=\/wp\/v2\/types\/product"}],"replies":[{"embeddable":true,"href":"https:\/\/www.hediyepazar.com\/index.php?rest_route=%2Fwp%2Fv2%2Fcomments&post=115031"}],"wp:featuredmedia":[{"embeddable":true,"href":"https:\/\/www.hediyepazar.com\/index.php?rest_route=\/wp\/v2\/media\/115030"}],"wp:attachment":[{"href":"https:\/\/www.hediyepazar.com\/index.php?rest_route=%2Fwp%2Fv2%2Fmedia&parent=115031"}],"wp:term":[{"taxonomy":"product_brand","embeddable":true,"href":"https:\/\/www.hediyepazar.com\/index.php?rest_route=%2Fwp%2Fv2%2Fproduct_brand&post=115031"},{"taxonomy":"product_cat","embeddable":true,"href":"https:\/\/www.hediyepazar.com\/index.php?rest_route=%2Fwp%2Fv2%2Fproduct_cat&post=115031"},{"taxonomy":"product_tag","embeddable":true,"href":"https:\/\/www.hediyepazar.com\/index.php?rest_route=%2Fwp%2Fv2%2Fproduct_tag&post=115031"}],"curies":[{"name":"wp","href":"https:\/\/api.w.org\/{rel}","templated":true}]}}