{"id":115033,"date":"2026-05-05T13:49:10","date_gmt":"2026-05-05T16:49:10","guid":{"rendered":"https:\/\/www.hediyepazar.com\/?product=8-saat-calma-sureli-tasinabilir-bluetooth-hoparlor"},"modified":"2026-05-05T13:49:10","modified_gmt":"2026-05-05T16:49:10","slug":"8-saat-calma-sureli-tasinabilir-bluetooth-hoparlor","status":"publish","type":"product","link":"https:\/\/www.hediyepazar.com\/?product=8-saat-calma-sureli-tasinabilir-bluetooth-hoparlor","title":{"rendered":"8 Saat \u00c7alma S\u00fcreli Ta\u015f\u0131nabilir Bluetooth Hoparl\u00f6r"},"content":{"rendered":"<p>M\u00fczik keyfini ta\u015f\u0131nabilir hale getiren bu \u015farj edilebilir Bluetooth hoparl\u00f6r, hem g\u00fc\u00e7l\u00fc ses performans\u0131 hem de modern tasar\u0131m\u0131 ile dikkat \u00e7eker. 1200mAh bataryas\u0131 sayesinde uzun s\u00fcreli kullan\u0131m sa\u011flar, tam \u015farjla 8 saate kadar kesintisiz \u00e7alma s\u00fcresi sunar. RGB \u0131\u015f\u0131k sistemi ile m\u00fczi\u011finizle uyumlu g\u00f6rsel bir \u015f\u00f6len olu\u015fturur. 360 derece surround ses teknolojisi ile her y\u00f6nden kristal netli\u011finde ses alabilirsiniz. Bluetooth 5.0 ba\u011flant\u0131s\u0131 ile t\u00fcm cihazlarla sorunsuz bir \u015fekilde \u00e7al\u0131\u015f\u0131r. Kompakt ve hafif tasar\u0131m\u0131 sayesinde kolayca ta\u015f\u0131nabilir. Dayan\u0131kl\u0131 malzeme yap\u0131s\u0131 uzun \u00f6m\u00fcrl\u00fc kullan\u0131m sunarken, dahili mikrofon \u00f6zelli\u011fi ile telefon g\u00f6r\u00fc\u015fmelerinizi pratik \u015fekilde yapabilirsiniz.<\/p>\n","protected":false},"excerpt":{"rendered":"<p>M\u00fczik keyfini ta\u015f\u0131nabilir hale getiren bu \u015farj edilebilir Bluetooth hoparl\u00f6r, hem g\u00fc\u00e7l\u00fc ses performans\u0131 hem de modern tasar\u0131m\u0131 ile dikkat \u00e7eker. 1200mAh bataryas\u0131 sayesinde uzun s\u00fcreli kullan\u0131m sa\u011flar, tam \u015farjla 8 saate kadar kesintisiz \u00e7alma s\u00fcresi sunar. RGB \u0131\u015f\u0131k sistemi ile m\u00fczi\u011finizle uyumlu g\u00f6rsel bir \u015f\u00f6len olu\u015fturur. 360 derece surround ses teknolojisi ile her y\u00f6nden&#8230;<\/p>\n","protected":false},"featured_media":115032,"comment_status":"open","ping_status":"closed","template":"","meta":{"_kad_post_transparent":"","_kad_post_title":"","_kad_post_layout":"","_kad_post_sidebar_id":"","_kad_post_content_style":"","_kad_post_vertical_padding":"","_kad_post_feature":"","_kad_post_feature_position":"","_kad_post_header":false,"_kad_post_footer":false,"_kad_post_classname":""},"product_brand":[],"product_cat":[14911],"product_tag":[],"class_list":{"0":"post-115033","1":"product","2":"type-product","3":"status-publish","4":"has-post-thumbnail","6":"product_cat-kablosuz-hoparlor-kablosuz-hoparlor","8":"first","9":"instock","10":"purchasable","11":"product-type-simple","12":"entry","13":"content-bg","14":"loop-entry"},"_links":{"self":[{"href":"https:\/\/www.hediyepazar.com\/index.php?rest_route=\/wp\/v2\/product\/115033","targetHints":{"allow":["GET"]}}],"collection":[{"href":"https:\/\/www.hediyepazar.com\/index.php?rest_route=\/wp\/v2\/product"}],"about":[{"href":"https:\/\/www.hediyepazar.com\/index.php?rest_route=\/wp\/v2\/types\/product"}],"replies":[{"embeddable":true,"href":"https:\/\/www.hediyepazar.com\/index.php?rest_route=%2Fwp%2Fv2%2Fcomments&post=115033"}],"wp:featuredmedia":[{"embeddable":true,"href":"https:\/\/www.hediyepazar.com\/index.php?rest_route=\/wp\/v2\/media\/115032"}],"wp:attachment":[{"href":"https:\/\/www.hediyepazar.com\/index.php?rest_route=%2Fwp%2Fv2%2Fmedia&parent=115033"}],"wp:term":[{"taxonomy":"product_brand","embeddable":true,"href":"https:\/\/www.hediyepazar.com\/index.php?rest_route=%2Fwp%2Fv2%2Fproduct_brand&post=115033"},{"taxonomy":"product_cat","embeddable":true,"href":"https:\/\/www.hediyepazar.com\/index.php?rest_route=%2Fwp%2Fv2%2Fproduct_cat&post=115033"},{"taxonomy":"product_tag","embeddable":true,"href":"https:\/\/www.hediyepazar.com\/index.php?rest_route=%2Fwp%2Fv2%2Fproduct_tag&post=115033"}],"curies":[{"name":"wp","href":"https:\/\/api.w.org\/{rel}","templated":true}]}}